{"id":18496,"date":"2026-03-28T20:16:37","date_gmt":"2026-03-28T18:16:37","guid":{"rendered":"https:\/\/anahata.lv\/?post_type=product&#038;p=18496"},"modified":"2026-04-15T21:02:50","modified_gmt":"2026-04-15T18:02:50","slug":"meditation-and-yoga-retreat-silence-2026","status":"publish","type":"product","link":"https:\/\/anahata.lv\/lv\/products\/meditation-and-yoga-retreat-silence-2026\/","title":{"rendered":"Meditation and yoga retreat &#8220;Silence 2026&#8221; 16.07-19.07.2026."},"content":{"rendered":"<p>Retreat \u201cSilence\u201d \u00a0will be held on 16.07-19.07.2026. in the country farmstead &#8220;Ugu\u0146u dambji&#8221;, Ugu\u0146ciems, Latvia, led by Jurek Jagucki ( Poland), Iyengar yoga and meditation teacher for 40 years.<\/p>\n<p><strong>Dates: 16.07-19.07.2026.<\/strong><\/p>\n<p>Mediatations, Iyengar yoga practice, discussions, vegeterian meals, accomodations.<\/p>\n<p>Participation fee 495 EUR.<\/p>\n<p>Pieteikties jogas skol\u0101 Anahata, sazinoties ar administratoru l\u012bdz 30.06.2026.<\/p>\n<p>Piesakoties, ir j\u0101iemaks\u0101 oblig\u0101ta dro\u0161\u012bbas nauda 150,00 EUR apm\u0113r\u0101.<\/p>\n<p>&nbsp;<\/p>\n<p>&nbsp;<\/p>\n<p>&nbsp;<\/p>","protected":false},"excerpt":{"rendered":"<p>Meditation and yoga retreat <strong>\u00a016.09-19.07. 2026. <\/strong>at\u00a0 country farmstead &#8220;Ugu\u0146u dambji&#8221;, Ugu\u0146ciems, Latvia.<\/p>","protected":false},"featured_media":13091,"comment_status":"open","ping_status":"closed","template":"","meta":{"_jet_sm_ready_style":"","_jet_sm_style":"","_jet_sm_controls_values":"","_jet_sm_fonts_collection":"","_jet_sm_fonts_links":"","duration":"","checkins":"","type":"","_description":"","date":1784160000,"time":"","order":"2"},"product_brand":[],"product_cat":[167,153],"product_tag":[166,165,164,187],"class-type":[],"event-type":[],"class_list":{"0":"post-18496","1":"product","2":"type-product","3":"status-publish","4":"has-post-thumbnail","6":"product_cat-special","7":"product_cat-ticket","8":"product_tag-iyengar-yoga","9":"product_tag-meditation","10":"product_tag-retreat","11":"product_tag-yoga","13":"first","14":"instock","15":"shipping-taxable","16":"purchasable","17":"product-type-simple"},"_links":{"self":[{"href":"https:\/\/anahata.lv\/lv\/wp-json\/wp\/v2\/product\/18496","targetHints":{"allow":["GET"]}}],"collection":[{"href":"https:\/\/anahata.lv\/lv\/wp-json\/wp\/v2\/product"}],"about":[{"href":"https:\/\/anahata.lv\/lv\/wp-json\/wp\/v2\/types\/product"}],"replies":[{"embeddable":true,"href":"https:\/\/anahata.lv\/lv\/wp-json\/wp\/v2\/comments?post=18496"}],"wp:featuredmedia":[{"embeddable":true,"href":"https:\/\/anahata.lv\/lv\/wp-json\/wp\/v2\/media\/13091"}],"wp:attachment":[{"href":"https:\/\/anahata.lv\/lv\/wp-json\/wp\/v2\/media?parent=18496"}],"wp:term":[{"taxonomy":"product_brand","embeddable":true,"href":"https:\/\/anahata.lv\/lv\/wp-json\/wp\/v2\/product_brand?post=18496"},{"taxonomy":"product_cat","embeddable":true,"href":"https:\/\/anahata.lv\/lv\/wp-json\/wp\/v2\/product_cat?post=18496"},{"taxonomy":"product_tag","embeddable":true,"href":"https:\/\/anahata.lv\/lv\/wp-json\/wp\/v2\/product_tag?post=18496"},{"taxonomy":"class-type","embeddable":true,"href":"https:\/\/anahata.lv\/lv\/wp-json\/wp\/v2\/class-type?post=18496"},{"taxonomy":"event-type","embeddable":true,"href":"https:\/\/anahata.lv\/lv\/wp-json\/wp\/v2\/event-type?post=18496"}],"curies":[{"name":"wp","href":"https:\/\/api.w.org\/{rel}","templated":true}]}}