{"id":18495,"date":"2026-03-28T20:08:16","date_gmt":"2026-03-28T18:08:16","guid":{"rendered":"https:\/\/anahata.lv\/?post_type=product&#038;p=18495"},"modified":"2026-04-15T20:11:33","modified_gmt":"2026-04-15T17:11:33","slug":"yoga-sunday-group-practice-26-04-2026","status":"publish","type":"product","link":"https:\/\/anahata.lv\/lv\/products\/yoga-sunday-group-practice-26-04-2026\/","title":{"rendered":"Jogas kopprakse 26.04.2026."},"content":{"rendered":"<p>Jogas un pranajams  kop\u012bga prakse 3 stundu garum\u0101 jogas skol\u0101 Anahata sv\u0113tdien 26.apr\u012bl\u012b  plkst. 9.00.<\/p>\n<p>Kopprakse b\u016bs velt\u012bta pak\u0101peniskai \u0137erme\u0146a sagatavo\u0161anai Padmasanai (lotosa pozai). Saudz\u012bgi un m\u0113r\u0137tiec\u012bgi pan\u0101ksim gurnu atv\u0113rt\u012bbu, k\u0101 ar\u012b uzlabosim pot\u012b\u0161u un ce\u013cu kust\u012bgumu, lai pak\u0101peniski un dro\u0161i virz\u012btos uz lotosa pozu.<\/p>\n<p>Gaid\u012bsim jogas skol\u0101 \"Anahata\" 26.04.2026. plkst. 9.00 - 12.00.  Jogas skolot\u0101ja Evija \u0160\u0113fere<\/p>\n<p>Dal\u012bbas maksa 20.00  EUR ieg\u0101d\u0101joties l\u012bdz 24.04.2026. , no 25.04.2026.  25.00 EUR.<\/p>\n<p>Info \u00a0+371 29441159<\/p>\n<p>&nbsp;<\/p>\n<p>&nbsp;<\/p>\n<p>&nbsp;<\/p>\n<p>&nbsp;<\/p>\n<p>&nbsp;<\/p>\n<p>&nbsp;<\/p>","protected":false},"excerpt":{"rendered":"<p>Sv\u0113tdienas jogas un pranajamas kop\u012bga prakse 26.04.2026. plkst. 9.00 - 12.00.<\/p>","protected":false},"featured_media":18607,"comment_status":"open","ping_status":"closed","template":"","meta":{"_jet_sm_ready_style":"","_jet_sm_style":"","_jet_sm_controls_values":"","_jet_sm_fonts_collection":"","_jet_sm_fonts_links":"","duration":"","checkins":"","type":"","_description":"","date":1777161600,"time":"09:00","order":"1"},"product_brand":[],"product_cat":[167,153],"product_tag":[211,166,212,213,168,187],"class-type":[],"event-type":[],"class_list":{"0":"post-18495","1":"product","2":"type-product","3":"status-publish","4":"has-post-thumbnail","6":"product_cat-special","7":"product_cat-ticket","8":"product_tag-group-practice","9":"product_tag-iyengar-yoga","10":"product_tag-lotus-pose","11":"product_tag-padmasana","12":"product_tag-pranayama","13":"product_tag-yoga","15":"first","16":"instock","17":"shipping-taxable","18":"purchasable","19":"product-type-simple"},"_links":{"self":[{"href":"https:\/\/anahata.lv\/lv\/wp-json\/wp\/v2\/product\/18495","targetHints":{"allow":["GET"]}}],"collection":[{"href":"https:\/\/anahata.lv\/lv\/wp-json\/wp\/v2\/product"}],"about":[{"href":"https:\/\/anahata.lv\/lv\/wp-json\/wp\/v2\/types\/product"}],"replies":[{"embeddable":true,"href":"https:\/\/anahata.lv\/lv\/wp-json\/wp\/v2\/comments?post=18495"}],"wp:featuredmedia":[{"embeddable":true,"href":"https:\/\/anahata.lv\/lv\/wp-json\/wp\/v2\/media\/18607"}],"wp:attachment":[{"href":"https:\/\/anahata.lv\/lv\/wp-json\/wp\/v2\/media?parent=18495"}],"wp:term":[{"taxonomy":"product_brand","embeddable":true,"href":"https:\/\/anahata.lv\/lv\/wp-json\/wp\/v2\/product_brand?post=18495"},{"taxonomy":"product_cat","embeddable":true,"href":"https:\/\/anahata.lv\/lv\/wp-json\/wp\/v2\/product_cat?post=18495"},{"taxonomy":"product_tag","embeddable":true,"href":"https:\/\/anahata.lv\/lv\/wp-json\/wp\/v2\/product_tag?post=18495"},{"taxonomy":"class-type","embeddable":true,"href":"https:\/\/anahata.lv\/lv\/wp-json\/wp\/v2\/class-type?post=18495"},{"taxonomy":"event-type","embeddable":true,"href":"https:\/\/anahata.lv\/lv\/wp-json\/wp\/v2\/event-type?post=18495"}],"curies":[{"name":"wp","href":"https:\/\/api.w.org\/{rel}","templated":true}]}}