{"id":17870,"date":"2026-01-24T20:46:50","date_gmt":"2026-01-24T18:46:50","guid":{"rendered":"https:\/\/anahata.lv\/?post_type=product&#038;p=17870"},"modified":"2026-03-14T08:20:27","modified_gmt":"2026-03-14T06:20:27","slug":"iyengar-yoga-workshop-the-pelvis-a-yogic-point-of-view","status":"publish","type":"product","link":"https:\/\/anahata.lv\/lv\/products\/iyengar-yoga-workshop-the-pelvis-a-yogic-point-of-view\/","title":{"rendered":"Ajengarjogas meistarklase \"Iegurnis no jogisk\u0101 skatupunkta\""},"content":{"rendered":"<p data-start=\"871\" data-end=\"1016\" class=\"translation-block\">Jogas skola \"Anahata\" aicina uz semin\u0101ru \"Iegurnis no jogisk\u0101 skatpunkta\" 14.-15.03.2026.<\/p>\n<p>Divu dienu semin\u0101r\u0101 piev\u0113rs\u012bsimies da\u017e\u0101diem aspektiem, kas saist\u012bt ar iegurni.  Fiziolo\u0123iski - iek\u0161\u0113jie org\u0101ni, to pareizs novietojums vai nosl\u012bd\u0113jumi.  Ener\u0123\u0113tiski iegurnis ietekm\u0113 ener\u0123ijas pl\u016bsmu.  Ezot\u0113riskaj\u0101 jom\u0101 iegurnis ir k\u0101 \"sakr\u0101l\u0101 b\u013coda\" , kur\u0101 glab\u0101jas ar\u012b emocion\u0101la un ener\u0123\u0113tiska pieredze.  Semin\u0101r\u0101 praktiz\u0113sim \u0101sanas, apg\u016bsim darbu ar nosl\u012bd\u0113jumiem, saprotot to saist\u012bbu ar ener\u0123ijas pl\u016bsmu.<\/p>\n<p>Sestdien 10:00 -13:00 un 14:00 -16:00\nSv\u0113tdien 8:00- 11:00 un 12:00 -14:00<br \/>\nSunday 8:00- 11:00 un 12:00 -14:00<\/p>\n<p>Agr\u0101 pieteik\u0161an\u0101s cena 125.00 EUR l\u012bdz 24.febru\u0101rim, no 25.02.2026 135 EUR.<\/p>\n<p>Pasniedz\u0113ja Tam\u0101ra Bujanova.  Uzziniet vair\u0101k par m\u016bsu jogas skolot\u0101jiem \u0161eit https:\/\/anahata.lv\/lv\/lectors<\/p>\n<p>Whatsapp 29441159.<\/p>\n<p>&nbsp;<\/p>\n<p>&nbsp;<\/p>","protected":false},"excerpt":{"rendered":"<p>Jogas meistarklase \"Iegurnis no jogisk\u0101 skatu punkta 14. - 15.03.2026.<\/p>","protected":false},"featured_media":17871,"comment_status":"open","ping_status":"closed","template":"","meta":{"_jet_sm_ready_style":"","_jet_sm_style":"","_jet_sm_controls_values":"","_jet_sm_fonts_collection":"","_jet_sm_fonts_links":"","duration":"","checkins":"","type":"","_description":"","date":1773446400,"time":"10:00","order":"2"},"product_brand":[],"product_cat":[167,153],"product_tag":[],"class-type":[],"event-type":[210,197,207,201,198,208,209],"class_list":{"0":"post-17870","1":"product","2":"type-product","3":"status-publish","4":"has-post-thumbnail","6":"product_cat-special","7":"product_cat-ticket","8":"event-type-energy-flow","9":"event-type-iyengar-yoga","10":"event-type-pelvis","11":"event-type-yoga-riga-center","12":"event-type-yoga-school-riga","13":"event-type-yoga-workshop","14":"event-type-yogalife","16":"first","17":"outofstock","18":"virtual","19":"purchasable","20":"product-type-simple"},"_links":{"self":[{"href":"https:\/\/anahata.lv\/lv\/wp-json\/wp\/v2\/product\/17870","targetHints":{"allow":["GET"]}}],"collection":[{"href":"https:\/\/anahata.lv\/lv\/wp-json\/wp\/v2\/product"}],"about":[{"href":"https:\/\/anahata.lv\/lv\/wp-json\/wp\/v2\/types\/product"}],"replies":[{"embeddable":true,"href":"https:\/\/anahata.lv\/lv\/wp-json\/wp\/v2\/comments?post=17870"}],"wp:featuredmedia":[{"embeddable":true,"href":"https:\/\/anahata.lv\/lv\/wp-json\/wp\/v2\/media\/17871"}],"wp:attachment":[{"href":"https:\/\/anahata.lv\/lv\/wp-json\/wp\/v2\/media?parent=17870"}],"wp:term":[{"taxonomy":"product_brand","embeddable":true,"href":"https:\/\/anahata.lv\/lv\/wp-json\/wp\/v2\/product_brand?post=17870"},{"taxonomy":"product_cat","embeddable":true,"href":"https:\/\/anahata.lv\/lv\/wp-json\/wp\/v2\/product_cat?post=17870"},{"taxonomy":"product_tag","embeddable":true,"href":"https:\/\/anahata.lv\/lv\/wp-json\/wp\/v2\/product_tag?post=17870"},{"taxonomy":"class-type","embeddable":true,"href":"https:\/\/anahata.lv\/lv\/wp-json\/wp\/v2\/class-type?post=17870"},{"taxonomy":"event-type","embeddable":true,"href":"https:\/\/anahata.lv\/lv\/wp-json\/wp\/v2\/event-type?post=17870"}],"curies":[{"name":"wp","href":"https:\/\/api.w.org\/{rel}","templated":true}]}}