{"id":17732,"date":"2026-01-15T19:21:25","date_gmt":"2026-01-15T17:21:25","guid":{"rendered":"https:\/\/anahata.lv\/?post_type=product&#038;p=17732"},"modified":"2026-02-27T09:10:33","modified_gmt":"2026-02-27T07:10:33","slug":"yoga-sunday-practice-yoganusasanam-2025-22-02-2026","status":"publish","type":"product","link":"https:\/\/anahata.lv\/lv\/products\/yoga-sunday-practice-yoganusasanam-2025-22-02-2026\/","title":{"rendered":"Sv\u0113tdienas jogas kopprakse \u201cYoganusasanam 2025\u201d 22.02.2026."},"content":{"rendered":"<p>Jogas kopprakse 3 stundu garum\u0101 jogas skol\u0101 Anahata: \u201cYoganusasanam 2025\u201d  sv\u0113tdien 22.febru\u0101r\u012b   plkst. 9.00.<\/p>\n<p>Gaid\u012bsim jogas skol\u0101 \"Anahata\" 22.02.2026. plkst. 9.00 - 12.00.  Jogas skolot\u0101ja Evija \u0160\u0113fere<\/p>\n<p>Dal\u012bbas maksa 20.00  EUR ieg\u0101d\u0101joties l\u012bdz 20.02.2026.. , no 21.01.2026.  25.00 EUR.<\/p>\n<p>Kopprakses un meistarklases laik\u0101 m\u0113s varam apzin\u0101t\u0101k un ilg\u0101k uzkav\u0113ties asan\u0101. Esot asan\u0101 ilg\u0101ku laiku, m\u0113s sniedzam fiziskajam \u0137ermenim iesp\u0113ju izprast nians\u0113t\u0101kas kust\u012bbas. Apzin\u0101ta uzkav\u0113\u0161an\u0101s asan\u0101, atsaucas ment\u0101laj\u0101 pl\u0101ksn\u0113.<\/p>\n<p>Pievienojieties jogas un pranajamas praksei!<\/p>\n<p>Info \u00a0+371 29441159<\/p>\n<p>&nbsp;<\/p>\n<p>&nbsp;<\/p>\n<p>&nbsp;<\/p>\n<p>&nbsp;<\/p>\n<p>&nbsp;<\/p>\n<p>&nbsp;<\/p>","protected":false},"excerpt":{"rendered":"<p>Sunday 3 hours group yoga and pranayama practice 22.02.2026. 9.00 AM &#8211; 12.00 PM.<\/p>","protected":false},"featured_media":17733,"comment_status":"open","ping_status":"closed","template":"","meta":{"_jet_sm_ready_style":"","_jet_sm_style":"","_jet_sm_controls_values":"","_jet_sm_fonts_collection":"","_jet_sm_fonts_links":"","duration":"","checkins":"","type":"","_description":"","date":1771718400,"time":"09:00","order":"3"},"product_brand":[],"product_cat":[167,153],"product_tag":[206,166,168,187,205],"class-type":[],"event-type":[],"class_list":{"0":"post-17732","1":"product","2":"type-product","3":"status-publish","4":"has-post-thumbnail","6":"product_cat-special","7":"product_cat-ticket","8":"product_tag-group-practive","9":"product_tag-iyengar-yoga","10":"product_tag-pranayama","11":"product_tag-yoga","12":"product_tag-yoganusasanam","14":"first","15":"instock","16":"shipping-taxable","17":"purchasable","18":"product-type-simple"},"_links":{"self":[{"href":"https:\/\/anahata.lv\/lv\/wp-json\/wp\/v2\/product\/17732","targetHints":{"allow":["GET"]}}],"collection":[{"href":"https:\/\/anahata.lv\/lv\/wp-json\/wp\/v2\/product"}],"about":[{"href":"https:\/\/anahata.lv\/lv\/wp-json\/wp\/v2\/types\/product"}],"replies":[{"embeddable":true,"href":"https:\/\/anahata.lv\/lv\/wp-json\/wp\/v2\/comments?post=17732"}],"wp:featuredmedia":[{"embeddable":true,"href":"https:\/\/anahata.lv\/lv\/wp-json\/wp\/v2\/media\/17733"}],"wp:attachment":[{"href":"https:\/\/anahata.lv\/lv\/wp-json\/wp\/v2\/media?parent=17732"}],"wp:term":[{"taxonomy":"product_brand","embeddable":true,"href":"https:\/\/anahata.lv\/lv\/wp-json\/wp\/v2\/product_brand?post=17732"},{"taxonomy":"product_cat","embeddable":true,"href":"https:\/\/anahata.lv\/lv\/wp-json\/wp\/v2\/product_cat?post=17732"},{"taxonomy":"product_tag","embeddable":true,"href":"https:\/\/anahata.lv\/lv\/wp-json\/wp\/v2\/product_tag?post=17732"},{"taxonomy":"class-type","embeddable":true,"href":"https:\/\/anahata.lv\/lv\/wp-json\/wp\/v2\/class-type?post=17732"},{"taxonomy":"event-type","embeddable":true,"href":"https:\/\/anahata.lv\/lv\/wp-json\/wp\/v2\/event-type?post=17732"}],"curies":[{"name":"wp","href":"https:\/\/api.w.org\/{rel}","templated":true}]}}