{"id":17511,"date":"2026-01-08T20:53:48","date_gmt":"2026-01-08T18:53:48","guid":{"rendered":"https:\/\/anahata.lv\/?post_type=product&#038;p=17511"},"modified":"2026-01-25T19:39:39","modified_gmt":"2026-01-25T17:39:39","slug":"yoga-sunday-practice-abdominal-work-in-asanas18012026","status":"publish","type":"product","link":"https:\/\/anahata.lv\/lv\/products\/yoga-sunday-practice-abdominal-work-in-asanas18012026\/","title":{"rendered":"Sv\u0113tdienas jogas kopprakse \u201cV\u0113dera musku\u013cu darb\u012bba \u0101san\u0101s\u201d 18.01.2026."},"content":{"rendered":"<p>Jogas kopprakse 3 stundu garum\u0101 jogas skol\u0101 Anahata: \u201cV\u0113dera musku\u013cu darb\u012bba \u0101san\u0101s\u201d 18.janv\u0101r\u012b  plkst. 9.00 - 12.00.<\/p>\n<p>Laipni gaid\u012bti jogas skol\u0101 Anahat\u0101  18.01. plkst. 9:00-12:00. Jogas skolot\u0101ja Ludmila Iljina.<\/p>\n<p>Dal\u012bbas maksa 20.00 veicot maks\u0101jumu l\u012bdz 16.janv\u0101rim vai 25.00 EUR no 17.01.<\/p>\n<p>Kopprakses un meistarklases laik\u0101 m\u0113s varam apzin\u0101t\u0101k un ilg\u0101k uzkav\u0113ties asan\u0101. Esot asan\u0101 ilg\u0101ku laiku, m\u0113s sniedzam fiziskajam \u0137ermenim iesp\u0113ju izprast nians\u0113t\u0101kas kust\u012bbas. Apzin\u0101ta uzkav\u0113\u0161an\u0101s asan\u0101, atsaucas ment\u0101laj\u0101 pl\u0101ksn\u0113.<\/p>\n<p>Pievienojieties jogas un pranajamas praksei!<\/p>\n<p>Info \u00a0+371 29441159<\/p>\n<p>&nbsp;<\/p>\n<p>&nbsp;<\/p>\n<p>&nbsp;<\/p>\n<p>&nbsp;<\/p>\n<p>&nbsp;<\/p>\n<p>&nbsp;<\/p>","protected":false},"excerpt":{"rendered":"<p>Sv\u0113tdienas 3 stundu jogas kopprakse un pranajamas prakse  18.01.2026. no 9.00 - 12.00.<\/p>","protected":false},"featured_media":17512,"comment_status":"open","ping_status":"closed","template":"","meta":{"_jet_sm_ready_style":"","_jet_sm_style":"","_jet_sm_controls_values":"","_jet_sm_fonts_collection":"","_jet_sm_fonts_links":"","duration":"","checkins":"","type":"","_description":"<p>Group yoga and pranayama practice 18.01.2026. 9.00 AM - 12.0 PM.<\/p>\n","date":1768694400,"time":"09:00","order":"5"},"product_brand":[],"product_cat":[167,153],"product_tag":[203,166,168,187],"class-type":[],"event-type":[],"class_list":{"0":"post-17511","1":"product","2":"type-product","3":"status-publish","4":"has-post-thumbnail","6":"product_cat-special","7":"product_cat-ticket","8":"product_tag-abdominal","9":"product_tag-iyengar-yoga","10":"product_tag-pranayama","11":"product_tag-yoga","13":"first","14":"instock","15":"shipping-taxable","16":"purchasable","17":"product-type-simple"},"_links":{"self":[{"href":"https:\/\/anahata.lv\/lv\/wp-json\/wp\/v2\/product\/17511","targetHints":{"allow":["GET"]}}],"collection":[{"href":"https:\/\/anahata.lv\/lv\/wp-json\/wp\/v2\/product"}],"about":[{"href":"https:\/\/anahata.lv\/lv\/wp-json\/wp\/v2\/types\/product"}],"replies":[{"embeddable":true,"href":"https:\/\/anahata.lv\/lv\/wp-json\/wp\/v2\/comments?post=17511"}],"wp:featuredmedia":[{"embeddable":true,"href":"https:\/\/anahata.lv\/lv\/wp-json\/wp\/v2\/media\/17512"}],"wp:attachment":[{"href":"https:\/\/anahata.lv\/lv\/wp-json\/wp\/v2\/media?parent=17511"}],"wp:term":[{"taxonomy":"product_brand","embeddable":true,"href":"https:\/\/anahata.lv\/lv\/wp-json\/wp\/v2\/product_brand?post=17511"},{"taxonomy":"product_cat","embeddable":true,"href":"https:\/\/anahata.lv\/lv\/wp-json\/wp\/v2\/product_cat?post=17511"},{"taxonomy":"product_tag","embeddable":true,"href":"https:\/\/anahata.lv\/lv\/wp-json\/wp\/v2\/product_tag?post=17511"},{"taxonomy":"class-type","embeddable":true,"href":"https:\/\/anahata.lv\/lv\/wp-json\/wp\/v2\/class-type?post=17511"},{"taxonomy":"event-type","embeddable":true,"href":"https:\/\/anahata.lv\/lv\/wp-json\/wp\/v2\/event-type?post=17511"}],"curies":[{"name":"wp","href":"https:\/\/api.w.org\/{rel}","templated":true}]}}