{"id":17509,"date":"2026-01-08T16:07:39","date_gmt":"2026-01-08T14:07:39","guid":{"rendered":"https:\/\/anahata.lv\/?post_type=product&#038;p=17509"},"modified":"2026-01-08T16:07:51","modified_gmt":"2026-01-08T14:07:51","slug":"yoga-for-beginners-jauary-6-30","status":"publish","type":"product","link":"https:\/\/anahata.lv\/lv\/products\/yoga-for-beginners-jauary-6-30\/","title":{"rendered":"Yoga for Beginners January 6\/30"},"content":{"rendered":"<p>Jogas abonements ies\u0101c\u0113ju kursam septembr\u012b<\/p>","protected":false},"excerpt":{"rendered":"<p>Jogas abonements ies\u0101c\u0113ju kursam septembr\u012b<\/p>","protected":false},"featured_media":10155,"comment_status":"open","ping_status":"closed","template":"","meta":{"_jet_sm_ready_style":"","_jet_sm_style":"","_jet_sm_controls_values":"","_jet_sm_fonts_collection":"","_jet_sm_fonts_links":"","duration":"30","checkins":"6","type":"","_description":"","date":0,"time":"","order":""},"product_brand":[],"product_cat":[16,183,184],"product_tag":[202],"class-type":[],"event-type":[],"class_list":{"0":"post-17509","1":"product","2":"type-product","3":"status-publish","4":"has-post-thumbnail","6":"product_cat-memberships","7":"product_cat-special-membership","8":"product_cat-studio","9":"product_tag-ybj","11":"first","12":"instock","13":"virtual","14":"purchasable","15":"product-type-simple"},"_links":{"self":[{"href":"https:\/\/anahata.lv\/lv\/wp-json\/wp\/v2\/product\/17509","targetHints":{"allow":["GET"]}}],"collection":[{"href":"https:\/\/anahata.lv\/lv\/wp-json\/wp\/v2\/product"}],"about":[{"href":"https:\/\/anahata.lv\/lv\/wp-json\/wp\/v2\/types\/product"}],"replies":[{"embeddable":true,"href":"https:\/\/anahata.lv\/lv\/wp-json\/wp\/v2\/comments?post=17509"}],"wp:featuredmedia":[{"embeddable":true,"href":"https:\/\/anahata.lv\/lv\/wp-json\/wp\/v2\/media\/10155"}],"wp:attachment":[{"href":"https:\/\/anahata.lv\/lv\/wp-json\/wp\/v2\/media?parent=17509"}],"wp:term":[{"taxonomy":"product_brand","embeddable":true,"href":"https:\/\/anahata.lv\/lv\/wp-json\/wp\/v2\/product_brand?post=17509"},{"taxonomy":"product_cat","embeddable":true,"href":"https:\/\/anahata.lv\/lv\/wp-json\/wp\/v2\/product_cat?post=17509"},{"taxonomy":"product_tag","embeddable":true,"href":"https:\/\/anahata.lv\/lv\/wp-json\/wp\/v2\/product_tag?post=17509"},{"taxonomy":"class-type","embeddable":true,"href":"https:\/\/anahata.lv\/lv\/wp-json\/wp\/v2\/class-type?post=17509"},{"taxonomy":"event-type","embeddable":true,"href":"https:\/\/anahata.lv\/lv\/wp-json\/wp\/v2\/event-type?post=17509"}],"curies":[{"name":"wp","href":"https:\/\/api.w.org\/{rel}","templated":true}]}}