{"id":16852,"date":"2025-11-24T19:04:07","date_gmt":"2025-11-24T17:04:07","guid":{"rendered":"https:\/\/anahata.lv\/?post_type=product&#038;p=16852"},"modified":"2026-02-13T18:22:32","modified_gmt":"2026-02-13T16:22:32","slug":"christmas-yoga-event-at-anahata-18-12-2025","status":"publish","type":"product","link":"https:\/\/anahata.lv\/lv\/products\/christmas-yoga-event-at-anahata-18-12-2025\/","title":{"rendered":"Ziemassv\u0113tki Anahat\u0101 18.12.2025"},"content":{"rendered":"<p>Aicinin\u0101m uz Anahatu 18.12.2025 plkst. 18.00.  Ziemassv\u0113tku jogas prakse, kle\u0161u dedzin\u0101\u0161ana, klin\u0123eris, sarunas.<\/p>\n<p>L\u012bdz 16.12.<strong> EUR<\/strong> <strong>20.00\u00a0 till 16.12<\/strong>. please register and pay at the website or at Anahata yoga studio.\u00a0 From 17.12 the participation fee is \u00a025.00 EUR .The payment will not be reimbursed in case of no show up.<\/p>\n<p>&nbsp;<\/p>\n<p>&nbsp;<\/p>\n<p>&nbsp;<\/p>\n<p>&nbsp;<\/p>\n<p>&nbsp;<\/p>\n<p>&nbsp;<\/p>\n<p>&nbsp;<\/p>","protected":false},"excerpt":{"rendered":"<p>Ziemassv\u0113tku jogas pas\u0101kums 18.12.2025  18.00 - 21.00.<\/p>","protected":false},"featured_media":16862,"comment_status":"open","ping_status":"closed","template":"","meta":{"_jet_sm_ready_style":"","_jet_sm_style":"","_jet_sm_controls_values":"","_jet_sm_fonts_collection":"","_jet_sm_fonts_links":"","duration":"","checkins":"","type":"","_description":"","date":1766016000,"time":"18:00","order":"6"},"product_brand":[],"product_cat":[167,153],"product_tag":[190,188,187,189],"class-type":[],"event-type":[],"class_list":{"0":"post-16852","1":"product","2":"type-product","3":"status-publish","4":"has-post-thumbnail","6":"product_cat-special","7":"product_cat-ticket","8":"product_tag-christmas","9":"product_tag-kleshas","10":"product_tag-yoga","11":"product_tag-yoga-practice","13":"first","14":"instock","15":"shipping-taxable","16":"purchasable","17":"product-type-simple"},"_links":{"self":[{"href":"https:\/\/anahata.lv\/lv\/wp-json\/wp\/v2\/product\/16852","targetHints":{"allow":["GET"]}}],"collection":[{"href":"https:\/\/anahata.lv\/lv\/wp-json\/wp\/v2\/product"}],"about":[{"href":"https:\/\/anahata.lv\/lv\/wp-json\/wp\/v2\/types\/product"}],"replies":[{"embeddable":true,"href":"https:\/\/anahata.lv\/lv\/wp-json\/wp\/v2\/comments?post=16852"}],"wp:featuredmedia":[{"embeddable":true,"href":"https:\/\/anahata.lv\/lv\/wp-json\/wp\/v2\/media\/16862"}],"wp:attachment":[{"href":"https:\/\/anahata.lv\/lv\/wp-json\/wp\/v2\/media?parent=16852"}],"wp:term":[{"taxonomy":"product_brand","embeddable":true,"href":"https:\/\/anahata.lv\/lv\/wp-json\/wp\/v2\/product_brand?post=16852"},{"taxonomy":"product_cat","embeddable":true,"href":"https:\/\/anahata.lv\/lv\/wp-json\/wp\/v2\/product_cat?post=16852"},{"taxonomy":"product_tag","embeddable":true,"href":"https:\/\/anahata.lv\/lv\/wp-json\/wp\/v2\/product_tag?post=16852"},{"taxonomy":"class-type","embeddable":true,"href":"https:\/\/anahata.lv\/lv\/wp-json\/wp\/v2\/class-type?post=16852"},{"taxonomy":"event-type","embeddable":true,"href":"https:\/\/anahata.lv\/lv\/wp-json\/wp\/v2\/event-type?post=16852"}],"curies":[{"name":"wp","href":"https:\/\/api.w.org\/{rel}","templated":true}]}}