{"id":16469,"date":"2025-11-06T10:39:29","date_gmt":"2025-11-06T08:39:29","guid":{"rendered":"https:\/\/anahata.lv\/?post_type=product&#038;p=16469"},"modified":"2026-01-25T19:40:26","modified_gmt":"2026-01-25T17:40:26","slug":"yoga-sunday-practice-from-stability-to-peace-of-mind-16-11-2025","status":"publish","type":"product","link":"https:\/\/anahata.lv\/lv\/products\/yoga-sunday-practice-from-stability-to-peace-of-mind-16-11-2025\/","title":{"rendered":"Jogas kopprakse \" No stabilit\u0101tes uz mieru pr\u0101t\u0101\"16.11.2025."},"content":{"rendered":"<p>Kop\u012bga 3 stundu jogas nodarb\u012bba \u201eNo stabilit\u0101tes l\u012bdz mieram pr\u0101t\u0101\u201d un pranajamas nodarb\u012bba Anahata jogas skol\u0101 sv\u0113tdien, 16. novembr\u012b, plkst. 9:00.<\/p>\n<p>Laipni gaid\u012bti Anahat\u0101  19.10. 9:00-12:00. Jogas skolot\u0101ja Krist\u012bne Mackevi\u010da.<\/p>\n<p>Dal\u012bbas maksa 20.00  EUR ieg\u0101d\u0101joties l\u012bdz 14.11. , no 15.11. 25.00 EUR.<\/p>\n<p>Pievienojieties jogas un pranajamas praksei!<\/p>\n<p>&nbsp;<\/p>\n<p>&nbsp;<\/p>\n<p>&nbsp;<\/p>\n<p>&nbsp;<\/p>\n<p>&nbsp;<\/p>\n<p>&nbsp;<\/p>","protected":false},"excerpt":{"rendered":"<p>3 stundu jogas kopprakse un pranajamas prakse  16.11.  no 9.00 - 12.00.<\/p>","protected":false},"featured_media":16470,"comment_status":"open","ping_status":"closed","template":"","meta":{"_jet_sm_ready_style":"","_jet_sm_style":"","_jet_sm_controls_values":"","_jet_sm_fonts_collection":"","_jet_sm_fonts_links":"","duration":"","checkins":"","type":"","_description":"<p>Joint 3 hour yoga practice \"From stability to peace of mind\" and pranayama practice at the Anahata yoga school on Sunday, November 16 9:00 a.m.<\/p>\n<p>Welcome to yoga school Anahata 19.10. 9:00-12:00.\u00a0 Yoga teacher Krist\u012bne Mackevi\u010da.<\/p>\n<p>Participation fee: EUR 20.00 till 14.11., 25.00 EUR from 15.11.<\/p>\n<p>Let us practice together asanas and pranayama.<\/p>\n","date":1763251200,"time":"09:00","order":"7"},"product_brand":[],"product_cat":[167,153],"product_tag":[186,166,168,187],"class-type":[],"event-type":[],"class_list":{"0":"post-16469","1":"product","2":"type-product","3":"status-publish","4":"has-post-thumbnail","6":"product_cat-special","7":"product_cat-ticket","8":"product_tag-hanumanasana","9":"product_tag-iyengar-yoga","10":"product_tag-pranayama","11":"product_tag-yoga","13":"first","14":"instock","15":"shipping-taxable","16":"purchasable","17":"product-type-simple"},"_links":{"self":[{"href":"https:\/\/anahata.lv\/lv\/wp-json\/wp\/v2\/product\/16469","targetHints":{"allow":["GET"]}}],"collection":[{"href":"https:\/\/anahata.lv\/lv\/wp-json\/wp\/v2\/product"}],"about":[{"href":"https:\/\/anahata.lv\/lv\/wp-json\/wp\/v2\/types\/product"}],"replies":[{"embeddable":true,"href":"https:\/\/anahata.lv\/lv\/wp-json\/wp\/v2\/comments?post=16469"}],"wp:featuredmedia":[{"embeddable":true,"href":"https:\/\/anahata.lv\/lv\/wp-json\/wp\/v2\/media\/16470"}],"wp:attachment":[{"href":"https:\/\/anahata.lv\/lv\/wp-json\/wp\/v2\/media?parent=16469"}],"wp:term":[{"taxonomy":"product_brand","embeddable":true,"href":"https:\/\/anahata.lv\/lv\/wp-json\/wp\/v2\/product_brand?post=16469"},{"taxonomy":"product_cat","embeddable":true,"href":"https:\/\/anahata.lv\/lv\/wp-json\/wp\/v2\/product_cat?post=16469"},{"taxonomy":"product_tag","embeddable":true,"href":"https:\/\/anahata.lv\/lv\/wp-json\/wp\/v2\/product_tag?post=16469"},{"taxonomy":"class-type","embeddable":true,"href":"https:\/\/anahata.lv\/lv\/wp-json\/wp\/v2\/class-type?post=16469"},{"taxonomy":"event-type","embeddable":true,"href":"https:\/\/anahata.lv\/lv\/wp-json\/wp\/v2\/event-type?post=16469"}],"curies":[{"name":"wp","href":"https:\/\/api.w.org\/{rel}","templated":true}]}}