{"id":16036,"date":"2025-10-05T22:03:52","date_gmt":"2025-10-05T19:03:52","guid":{"rendered":"https:\/\/anahata.lv\/?post_type=product&#038;p=16036"},"modified":"2026-01-25T19:40:37","modified_gmt":"2026-01-25T17:40:37","slug":"yoga-sunday-practice-hanumanasana-19-10-2025","status":"publish","type":"product","link":"https:\/\/anahata.lv\/lv\/products\/yoga-sunday-practice-hanumanasana-19-10-2025\/","title":{"rendered":"Jogas kopprakse Hanumanasana 19.10.2025"},"content":{"rendered":"<p>Jogas kopprakse \"Kas pietr\u016bkst m\u016bsu Hanumanasanai\" jogas skol\u0101 Anahata sv\u0113tdien 19.10. plkst. 9.00.<\/p>\n<p>Katra asana - nav tikai forma. T\u0101 ir puzle ar da\u017eiem elementiem, kas j\u0101savieno, lai forma paliktu pareiza un dz\u012bva.<br \/>\nHanumanasana nav tikai par stiep\u0161anos.<\/p>\n<p>Koppraks\u0113 m\u0113s :<\/p>\n<p class=\"translation-block\">\ud83c\udf3f Izp\u0113t\u012bsim Hanumanasanas \u201cpuzles\u201d elementus;\n\ud83c\udf3f Paman\u012bsim, kuri no tiem mums v\u0113l j\u0101att\u012bsta;\n\ud83c\udf3f Atrad\u012bsim vienk\u0101r\u0161\u0101kas asanas, kas pal\u012bdz sagatavoties;;\n\ud83c\udf3f Atkl\u0101sim, k\u0101 Hanumanasanas elementi pal\u012bdz cit\u0101s poz\u0101s\nNosl\u0113gum\u0101 \u2014 atjaunojo\u0161a pranajama (40 min\u016btes).<\/p>\n<p>Laipni gaid\u012bti Anahat\u0101  19.10. 9:00-12:00. Jogas skolot\u0101ja Ludmila Iljina.<\/p>\n<p>Dal\u012bbas maksa 20.00 EUR l\u012bdz 17.10., 25.00  EUR  no 18.10. Laipni aicin\u0101ti uz dzi\u013cu, mierpilnu un iedvesmojo\u0161u jogas un pranajamas praksi.<\/p>\n<p>&nbsp;<\/p>\n<p>&nbsp;<\/p>\n<p>&nbsp;<\/p>\n<p>&nbsp;<\/p>\n<p>&nbsp;<\/p>\n<p>&nbsp;<\/p>","protected":false},"excerpt":{"rendered":"<p>3 stundu jogas kopprakse un pranajamas prakse  19.10. no 9.00 - 12.00.<\/p>","protected":false},"featured_media":16066,"comment_status":"open","ping_status":"closed","template":"","meta":{"_jet_sm_ready_style":"","_jet_sm_style":"","_jet_sm_controls_values":"","_jet_sm_fonts_collection":"","_jet_sm_fonts_links":"","duration":"","checkins":"","type":"","_description":"<p>Joint 3 hour yoga practice \"What is missing in our Hanumanasana\" and pranayama practice at the Anahata yoga school on Sunday, October 19 9:00 a.m.<\/p>\n<p>Each asana is not just a form. It is a puzzle with several elements that must be put together for the form to remain correct and alive.<br \/>\nHanumanasana is not about stretching.<\/p>\n<p>During the joint practice, we will:<\/p>\n<p>* Examine the elements of the Hanumasana puzzle;<br \/>\n* Observe which elements have not been developed;<br \/>\n* Which simpler asanas help ;<br \/>\n* Which elements of Hanumanasana will help us in other asanas;<br \/>\n* Restorative pranayama 40 minutes.<\/p>\n<p>Welcome to yoga school Anahata 19.10. 9:00-12:00.\u00a0 Yoga teacher Ludmila Iljina.<\/p>\n<p>Participation fee: EUR 20.00 till 17.10., 25.00 EUR from 18.10. Let us practice together asanas and pranayama.<\/p>\n<p>&nbsp;<\/p>\n","date":1760832000,"time":"09:00","order":"7"},"product_brand":[],"product_cat":[167,153],"product_tag":[186,166,168,187],"class-type":[],"event-type":[],"class_list":{"0":"post-16036","1":"product","2":"type-product","3":"status-publish","4":"has-post-thumbnail","6":"product_cat-special","7":"product_cat-ticket","8":"product_tag-hanumanasana","9":"product_tag-iyengar-yoga","10":"product_tag-pranayama","11":"product_tag-yoga","13":"first","14":"instock","15":"shipping-taxable","16":"purchasable","17":"product-type-simple"},"_links":{"self":[{"href":"https:\/\/anahata.lv\/lv\/wp-json\/wp\/v2\/product\/16036","targetHints":{"allow":["GET"]}}],"collection":[{"href":"https:\/\/anahata.lv\/lv\/wp-json\/wp\/v2\/product"}],"about":[{"href":"https:\/\/anahata.lv\/lv\/wp-json\/wp\/v2\/types\/product"}],"replies":[{"embeddable":true,"href":"https:\/\/anahata.lv\/lv\/wp-json\/wp\/v2\/comments?post=16036"}],"wp:featuredmedia":[{"embeddable":true,"href":"https:\/\/anahata.lv\/lv\/wp-json\/wp\/v2\/media\/16066"}],"wp:attachment":[{"href":"https:\/\/anahata.lv\/lv\/wp-json\/wp\/v2\/media?parent=16036"}],"wp:term":[{"taxonomy":"product_brand","embeddable":true,"href":"https:\/\/anahata.lv\/lv\/wp-json\/wp\/v2\/product_brand?post=16036"},{"taxonomy":"product_cat","embeddable":true,"href":"https:\/\/anahata.lv\/lv\/wp-json\/wp\/v2\/product_cat?post=16036"},{"taxonomy":"product_tag","embeddable":true,"href":"https:\/\/anahata.lv\/lv\/wp-json\/wp\/v2\/product_tag?post=16036"},{"taxonomy":"class-type","embeddable":true,"href":"https:\/\/anahata.lv\/lv\/wp-json\/wp\/v2\/class-type?post=16036"},{"taxonomy":"event-type","embeddable":true,"href":"https:\/\/anahata.lv\/lv\/wp-json\/wp\/v2\/event-type?post=16036"}],"curies":[{"name":"wp","href":"https:\/\/api.w.org\/{rel}","templated":true}]}}