{"id":15049,"date":"2025-08-18T14:32:11","date_gmt":"2025-08-18T11:32:11","guid":{"rendered":"https:\/\/dev.anahata.lv\/?post_type=product&#038;p=15049"},"modified":"2026-01-25T19:41:07","modified_gmt":"2026-01-25T17:41:07","slug":"yoga-sunday-practice-and-pranayama-3-hours-way-to-urdhva-dhanurasana","status":"publish","type":"product","link":"https:\/\/anahata.lv\/lv\/products\/yoga-sunday-practice-and-pranayama-3-hours-way-to-urdhva-dhanurasana\/","title":{"rendered":"Jogas un pranajamas kopprakse"},"content":{"rendered":"<p>Jogas kopprakse 3 stundu garum\u0101 jogas skol\u0101 Anahata sv\u0113tdien 21.septembr\u012b plkst. 9.00. Gatavo\u0161an\u0101s un praktiz\u0113\u0161ana Urdhva Dhanur\u0101sana. Pranajamas praktiz\u0113\u0161ana. Piedal\u012bties aicin\u0101ti gan ies\u0101c\u0113ji, gan praktiz\u0113t\u0101ji ar pieredzi. Vada Krist\u012bne Mackevi\u010da. Maksa par piedal\u012b\u0161anos 20.00 EUR. Praktiz\u0113sim kop\u0101!<\/p>\n<p>&nbsp;<\/p>\n<p>&nbsp;<\/p>\n<p>&nbsp;<\/p>","protected":false},"excerpt":{"rendered":"<p>21.09. plkst 9.00 jogas kopprakse un pranajamas prakse 3 stundas<\/p>","protected":false},"featured_media":14830,"comment_status":"open","ping_status":"closed","template":"","meta":{"_jet_sm_ready_style":"","_jet_sm_style":"","_jet_sm_controls_values":"","_jet_sm_fonts_collection":"","_jet_sm_fonts_links":"","duration":"","checkins":"","type":"","_description":"<p>3-hour yoga and pranayama practice at the Anahata yoga school on Sunday, September 21, at 9:00 a.m.<\/p>\n<p>Preparation and practice of Urdhva Dhanurasana. Pranayama practice. Both beginners and experienced practitioners are welcome to participate. Led by Krist\u012bne Mackevi\u010da.<\/p>\n<p>Let us practice together asanas and pranayama.<\/p>\n","date":1758412800,"time":"09:00","order":"9"},"product_brand":[],"product_cat":[167,153],"product_tag":[166,165,168,169],"class-type":[],"event-type":[],"class_list":{"0":"post-15049","1":"product","2":"type-product","3":"status-publish","4":"has-post-thumbnail","6":"product_cat-special","7":"product_cat-ticket","8":"product_tag-iyengar-yoga","9":"product_tag-meditation","10":"product_tag-pranayama","11":"product_tag-urdhvadhanurasana","13":"first","14":"instock","15":"shipping-taxable","16":"purchasable","17":"product-type-simple"},"_links":{"self":[{"href":"https:\/\/anahata.lv\/lv\/wp-json\/wp\/v2\/product\/15049","targetHints":{"allow":["GET"]}}],"collection":[{"href":"https:\/\/anahata.lv\/lv\/wp-json\/wp\/v2\/product"}],"about":[{"href":"https:\/\/anahata.lv\/lv\/wp-json\/wp\/v2\/types\/product"}],"replies":[{"embeddable":true,"href":"https:\/\/anahata.lv\/lv\/wp-json\/wp\/v2\/comments?post=15049"}],"wp:featuredmedia":[{"embeddable":true,"href":"https:\/\/anahata.lv\/lv\/wp-json\/wp\/v2\/media\/14830"}],"wp:attachment":[{"href":"https:\/\/anahata.lv\/lv\/wp-json\/wp\/v2\/media?parent=15049"}],"wp:term":[{"taxonomy":"product_brand","embeddable":true,"href":"https:\/\/anahata.lv\/lv\/wp-json\/wp\/v2\/product_brand?post=15049"},{"taxonomy":"product_cat","embeddable":true,"href":"https:\/\/anahata.lv\/lv\/wp-json\/wp\/v2\/product_cat?post=15049"},{"taxonomy":"product_tag","embeddable":true,"href":"https:\/\/anahata.lv\/lv\/wp-json\/wp\/v2\/product_tag?post=15049"},{"taxonomy":"class-type","embeddable":true,"href":"https:\/\/anahata.lv\/lv\/wp-json\/wp\/v2\/class-type?post=15049"},{"taxonomy":"event-type","embeddable":true,"href":"https:\/\/anahata.lv\/lv\/wp-json\/wp\/v2\/event-type?post=15049"}],"curies":[{"name":"wp","href":"https:\/\/api.w.org\/{rel}","templated":true}]}}