{"id":13503,"date":"2025-05-25T18:22:42","date_gmt":"2025-05-25T18:22:42","guid":{"rendered":"https:\/\/dev.anahata.lv\/?post_type=product&#038;p=13503"},"modified":"2025-08-18T21:17:07","modified_gmt":"2025-08-18T18:17:07","slug":"yogi-tea-mens-tea","status":"publish","type":"product","link":"https:\/\/anahata.lv\/lv\/products\/yogi-tea-mens-tea\/","title":{"rendered":"BIO t\u0113ja Yogi v\u012brie\u0161iem"},"content":{"rendered":"<p>Sp\u0113c\u012bgs, bet salds. Iztur\u012bgs profils, ta\u010du ar maigu \u0161\u0137autni. Pilns rakstura, tom\u0113r neuzb\u0101z\u012bgs. M\u016bsdienu v\u012brie\u0161a nere\u0101lais ide\u0101ls? Neuztraucieties! M\u0113s tikai raksturojam to, kas padara m\u016bsu v\u012brie\u0161u t\u0113ju tik neatvair\u0101mu. Tas ir pateicoties grauzd\u0113tu gar\u0161augu un gar\u0161vielu, \u017ee\u0146\u0161e\u0146a, \u010dili un mu\u0161mires mais\u012bjumam. Iedvesma v\u012bri\u0161\u0137\u012bgajai pusei m\u016bsos visos!<\/p>\n<p><strong>The tea for everyone with strength of character.<\/strong><\/p>","protected":false},"excerpt":{"rendered":"<p>Gar\u0161vielu un z\u0101\u013cu t\u0113ja bez kofe\u012bna. Mais\u012bjums ar ingveru, \u017ee\u0146\u0161e\u0146u un \u010dili.<\/p>","protected":false},"featured_media":15086,"comment_status":"open","ping_status":"closed","template":"","meta":{"_jet_sm_ready_style":"","_jet_sm_style":"","_jet_sm_controls_values":"","_jet_sm_fonts_collection":"","_jet_sm_fonts_links":"","duration":"","checkins":"","type":"","_description":"","date":0,"time":"","order":""},"product_brand":[],"product_cat":[142],"product_tag":[],"class-type":[],"event-type":[],"class_list":{"0":"post-13503","1":"product","2":"type-product","3":"status-publish","4":"has-post-thumbnail","6":"product_cat-ayurvedic-teas","8":"first","9":"instock","10":"shipping-taxable","11":"purchasable","12":"product-type-simple"},"_links":{"self":[{"href":"https:\/\/anahata.lv\/lv\/wp-json\/wp\/v2\/product\/13503","targetHints":{"allow":["GET"]}}],"collection":[{"href":"https:\/\/anahata.lv\/lv\/wp-json\/wp\/v2\/product"}],"about":[{"href":"https:\/\/anahata.lv\/lv\/wp-json\/wp\/v2\/types\/product"}],"replies":[{"embeddable":true,"href":"https:\/\/anahata.lv\/lv\/wp-json\/wp\/v2\/comments?post=13503"}],"wp:featuredmedia":[{"embeddable":true,"href":"https:\/\/anahata.lv\/lv\/wp-json\/wp\/v2\/media\/15086"}],"wp:attachment":[{"href":"https:\/\/anahata.lv\/lv\/wp-json\/wp\/v2\/media?parent=13503"}],"wp:term":[{"taxonomy":"product_brand","embeddable":true,"href":"https:\/\/anahata.lv\/lv\/wp-json\/wp\/v2\/product_brand?post=13503"},{"taxonomy":"product_cat","embeddable":true,"href":"https:\/\/anahata.lv\/lv\/wp-json\/wp\/v2\/product_cat?post=13503"},{"taxonomy":"product_tag","embeddable":true,"href":"https:\/\/anahata.lv\/lv\/wp-json\/wp\/v2\/product_tag?post=13503"},{"taxonomy":"class-type","embeddable":true,"href":"https:\/\/anahata.lv\/lv\/wp-json\/wp\/v2\/class-type?post=13503"},{"taxonomy":"event-type","embeddable":true,"href":"https:\/\/anahata.lv\/lv\/wp-json\/wp\/v2\/event-type?post=13503"}],"curies":[{"name":"wp","href":"https:\/\/api.w.org\/{rel}","templated":true}]}}