{"id":13492,"date":"2025-05-25T17:02:41","date_gmt":"2025-05-25T17:02:41","guid":{"rendered":"https:\/\/dev.anahata.lv\/?post_type=product&#038;p=13492"},"modified":"2025-08-18T20:55:43","modified_gmt":"2025-08-18T17:55:43","slug":"yogi-tea-bedtime","status":"publish","type":"product","link":"https:\/\/anahata.lv\/lv\/products\/yogi-tea-bedtime\/","title":{"rendered":"BIO t\u0113ja Yogi \"Bedtime\""},"content":{"rendered":"<p>Laba diena s\u0101kas jau iepriek\u0161\u0113j\u0101 vakar\u0101. \u012apa\u0161i tad, ja m\u0113s to piedz\u012bvojam nomierino\u0161\u0101 gar\u012bg\u0101 l\u012bdzsvara st\u0101vokl\u012b ar smar\u017e\u012bgu YOGI TEA\u00ae Bedtime tasi. Lavanda un baldri\u0101na sakne apvij m\u016bs siltum\u0101, savuk\u0101rt t\u0101du smar\u017e\u012bgu gar\u0161augu k\u0101 piparm\u0113tra un salvija arom\u0101ts sniedz mums mieru.<\/p>\n<p><strong>The tea for everyone who wants to gently round off their day<\/strong><\/p>","protected":false},"excerpt":{"rendered":"<p>Organic Herbal Tea, Naturally Caffeine Free, Blend of Fennel, Chamomile Flowers and Valerian Root.<\/p>","protected":false},"featured_media":15081,"comment_status":"open","ping_status":"closed","template":"","meta":{"_jet_sm_ready_style":"","_jet_sm_style":"","_jet_sm_controls_values":"","_jet_sm_fonts_collection":"","_jet_sm_fonts_links":"","duration":"","checkins":"","type":"","_description":"","date":0,"time":"","order":""},"product_brand":[],"product_cat":[142],"product_tag":[],"class-type":[],"event-type":[],"class_list":{"0":"post-13492","1":"product","2":"type-product","3":"status-publish","4":"has-post-thumbnail","6":"product_cat-ayurvedic-teas","8":"first","9":"instock","10":"featured","11":"shipping-taxable","12":"purchasable","13":"product-type-simple"},"_links":{"self":[{"href":"https:\/\/anahata.lv\/lv\/wp-json\/wp\/v2\/product\/13492","targetHints":{"allow":["GET"]}}],"collection":[{"href":"https:\/\/anahata.lv\/lv\/wp-json\/wp\/v2\/product"}],"about":[{"href":"https:\/\/anahata.lv\/lv\/wp-json\/wp\/v2\/types\/product"}],"replies":[{"embeddable":true,"href":"https:\/\/anahata.lv\/lv\/wp-json\/wp\/v2\/comments?post=13492"}],"wp:featuredmedia":[{"embeddable":true,"href":"https:\/\/anahata.lv\/lv\/wp-json\/wp\/v2\/media\/15081"}],"wp:attachment":[{"href":"https:\/\/anahata.lv\/lv\/wp-json\/wp\/v2\/media?parent=13492"}],"wp:term":[{"taxonomy":"product_brand","embeddable":true,"href":"https:\/\/anahata.lv\/lv\/wp-json\/wp\/v2\/product_brand?post=13492"},{"taxonomy":"product_cat","embeddable":true,"href":"https:\/\/anahata.lv\/lv\/wp-json\/wp\/v2\/product_cat?post=13492"},{"taxonomy":"product_tag","embeddable":true,"href":"https:\/\/anahata.lv\/lv\/wp-json\/wp\/v2\/product_tag?post=13492"},{"taxonomy":"class-type","embeddable":true,"href":"https:\/\/anahata.lv\/lv\/wp-json\/wp\/v2\/class-type?post=13492"},{"taxonomy":"event-type","embeddable":true,"href":"https:\/\/anahata.lv\/lv\/wp-json\/wp\/v2\/event-type?post=13492"}],"curies":[{"name":"wp","href":"https:\/\/api.w.org\/{rel}","templated":true}]}}