{"id":13490,"date":"2025-05-25T16:54:16","date_gmt":"2025-05-25T16:54:16","guid":{"rendered":"https:\/\/dev.anahata.lv\/?post_type=product&#038;p=13490"},"modified":"2025-05-25T17:29:50","modified_gmt":"2025-05-25T17:29:50","slug":"yogi-tea-chai-maca","status":"publish","type":"product","link":"https:\/\/anahata.lv\/lv\/products\/yogi-tea-chai-maca\/","title":{"rendered":"BIO t\u0113ja Yogi \" Maca Chai\""},"content":{"rendered":"<p>Klasiska t\u0113ja ar savdab\u012bgu gar\u0161u. Makas auga sald\u0101, nedaudz iesala gar\u0161a pie\u0161\u0137ir \u0161ai t\u0113jai aizraujo\u0161u dinamismu. \u013baujiet \u0161im eksotiskajam mais\u012bjumam aicin\u0101t j\u016bs atkl\u0101jumu ce\u013cojum\u0101. J\u016bsu piedz\u012bvojumu saj\u016bta tiks atmodin\u0101ta!<br \/>\u00a0<br \/><strong>The tea for everyone who wants to discover something new.<\/strong><\/p>","protected":false},"excerpt":{"rendered":"<p>Organic Chai T 17 maisi\u0146i, pikants Maca arom\u0101ts, bez kofe\u012bna, speci\u0101l\u0101 t\u0113ja<\/p>","protected":false},"featured_media":13496,"comment_status":"open","ping_status":"closed","template":"","meta":{"_jet_sm_ready_style":"","_jet_sm_style":"","_jet_sm_controls_values":"","_jet_sm_fonts_collection":"","_jet_sm_fonts_links":"","duration":"","checkins":"","type":"","_description":"","date":0,"time":"","order":""},"product_brand":[],"product_cat":[142],"product_tag":[],"class-type":[],"event-type":[],"class_list":{"0":"post-13490","1":"product","2":"type-product","3":"status-publish","4":"has-post-thumbnail","6":"product_cat-ayurvedic-teas","8":"first","9":"instock","10":"shipping-taxable","11":"purchasable","12":"product-type-simple"},"_links":{"self":[{"href":"https:\/\/anahata.lv\/lv\/wp-json\/wp\/v2\/product\/13490","targetHints":{"allow":["GET"]}}],"collection":[{"href":"https:\/\/anahata.lv\/lv\/wp-json\/wp\/v2\/product"}],"about":[{"href":"https:\/\/anahata.lv\/lv\/wp-json\/wp\/v2\/types\/product"}],"replies":[{"embeddable":true,"href":"https:\/\/anahata.lv\/lv\/wp-json\/wp\/v2\/comments?post=13490"}],"wp:featuredmedia":[{"embeddable":true,"href":"https:\/\/anahata.lv\/lv\/wp-json\/wp\/v2\/media\/13496"}],"wp:attachment":[{"href":"https:\/\/anahata.lv\/lv\/wp-json\/wp\/v2\/media?parent=13490"}],"wp:term":[{"taxonomy":"product_brand","embeddable":true,"href":"https:\/\/anahata.lv\/lv\/wp-json\/wp\/v2\/product_brand?post=13490"},{"taxonomy":"product_cat","embeddable":true,"href":"https:\/\/anahata.lv\/lv\/wp-json\/wp\/v2\/product_cat?post=13490"},{"taxonomy":"product_tag","embeddable":true,"href":"https:\/\/anahata.lv\/lv\/wp-json\/wp\/v2\/product_tag?post=13490"},{"taxonomy":"class-type","embeddable":true,"href":"https:\/\/anahata.lv\/lv\/wp-json\/wp\/v2\/class-type?post=13490"},{"taxonomy":"event-type","embeddable":true,"href":"https:\/\/anahata.lv\/lv\/wp-json\/wp\/v2\/event-type?post=13490"}],"curies":[{"name":"wp","href":"https:\/\/api.w.org\/{rel}","templated":true}]}}