{"id":13488,"date":"2025-05-25T16:47:27","date_gmt":"2025-05-25T16:47:27","guid":{"rendered":"https:\/\/dev.anahata.lv\/?post_type=product&#038;p=13488"},"modified":"2025-05-25T17:23:22","modified_gmt":"2025-05-25T17:23:22","slug":"yogi-tea-turmeric-chai","status":"publish","type":"product","link":"https:\/\/anahata.lv\/lv\/products\/yogi-tea-turmeric-chai\/","title":{"rendered":"BIO T\u0113ja Yogi \"Kurkuma Chai\""},"content":{"rendered":"<p>Kurkuma sakne, kas Indij\u0101 jau pirms vair\u0101k nek\u0101 5000 gadiem tika uzskat\u012bta par sv\u0113tu un nov\u0113rt\u0113ta t\u0101s daudzpus\u012bbas d\u0113\u013c, ir zeltaini dzeltena un mirdzo\u0161i dzeltena. Kombin\u0101cij\u0101 ar gardaj\u0101m \u010dai gar\u0161viel\u0101m, piem\u0113ram, saldo kan\u0113li un kardamonu, kurkuma \u0161aj\u0101 t\u0113j\u0101 izstaro visu savu piln\u012bbu. Dzeriet to, lai izbaud\u012btu eksotisku siltumu un br\u012bni\u0161\u0137\u012bgus mirk\u013cus.<br \/>\u00a0<br \/><strong>The tea for everyone who wants to be enchanted.<\/strong><\/p>\n<p><\/p>","protected":false},"excerpt":{"rendered":"<p>Biolo\u0123isk\u0101 z\u0101\u013cu t\u0113ja, lieliski piem\u0113rota zelta pienam, kurkuma, kan\u0113\u013ca un ingvera mais\u012bjums, 17 t\u0113jas maisi\u0146i<\/p>","protected":false},"featured_media":13494,"comment_status":"open","ping_status":"closed","template":"","meta":{"_jet_sm_ready_style":"","_jet_sm_style":"","_jet_sm_controls_values":"","_jet_sm_fonts_collection":"","_jet_sm_fonts_links":"","duration":"","checkins":"","type":"","_description":"","date":0,"time":"","order":""},"product_brand":[],"product_cat":[142],"product_tag":[],"class-type":[],"event-type":[],"class_list":{"0":"post-13488","1":"product","2":"type-product","3":"status-publish","4":"has-post-thumbnail","6":"product_cat-ayurvedic-teas","8":"first","9":"instock","10":"shipping-taxable","11":"purchasable","12":"product-type-simple"},"_links":{"self":[{"href":"https:\/\/anahata.lv\/lv\/wp-json\/wp\/v2\/product\/13488","targetHints":{"allow":["GET"]}}],"collection":[{"href":"https:\/\/anahata.lv\/lv\/wp-json\/wp\/v2\/product"}],"about":[{"href":"https:\/\/anahata.lv\/lv\/wp-json\/wp\/v2\/types\/product"}],"replies":[{"embeddable":true,"href":"https:\/\/anahata.lv\/lv\/wp-json\/wp\/v2\/comments?post=13488"}],"wp:featuredmedia":[{"embeddable":true,"href":"https:\/\/anahata.lv\/lv\/wp-json\/wp\/v2\/media\/13494"}],"wp:attachment":[{"href":"https:\/\/anahata.lv\/lv\/wp-json\/wp\/v2\/media?parent=13488"}],"wp:term":[{"taxonomy":"product_brand","embeddable":true,"href":"https:\/\/anahata.lv\/lv\/wp-json\/wp\/v2\/product_brand?post=13488"},{"taxonomy":"product_cat","embeddable":true,"href":"https:\/\/anahata.lv\/lv\/wp-json\/wp\/v2\/product_cat?post=13488"},{"taxonomy":"product_tag","embeddable":true,"href":"https:\/\/anahata.lv\/lv\/wp-json\/wp\/v2\/product_tag?post=13488"},{"taxonomy":"class-type","embeddable":true,"href":"https:\/\/anahata.lv\/lv\/wp-json\/wp\/v2\/class-type?post=13488"},{"taxonomy":"event-type","embeddable":true,"href":"https:\/\/anahata.lv\/lv\/wp-json\/wp\/v2\/event-type?post=13488"}],"curies":[{"name":"wp","href":"https:\/\/api.w.org\/{rel}","templated":true}]}}