{"id":13486,"date":"2025-05-25T16:34:35","date_gmt":"2025-05-25T16:34:35","guid":{"rendered":"https:\/\/dev.anahata.lv\/?post_type=product&#038;p=13486"},"modified":"2025-05-25T18:11:03","modified_gmt":"2025-05-25T18:11:03","slug":"yogi-tea-stomach-ease-organic-herbal-tea-naturally-caffeine-free-blend-of-cardamom-fennel-and-ginger-17-tea-bags","status":"publish","type":"product","link":"https:\/\/anahata.lv\/lv\/products\/yogi-tea-stomach-ease-organic-herbal-tea-naturally-caffeine-free-blend-of-cardamom-fennel-and-ginger-17-tea-bags\/","title":{"rendered":"BIO t\u0113ja YOGI \"Stomach Ease\""},"content":{"rendered":"<p>\u0160\u012b t\u0113ja ir iedvesmojusies no masalas nosl\u0113pumiem - gar\u0161vielu mais\u012bjumiem, ko izmanto indie\u0161u virtuv\u0113, lai \u0113diens b\u016btu gar\u0161\u012bgs un viegli sagremojams. \u0100jurv\u0113d\u0101 \u0161o \u012bpa\u0161\u012bbu d\u0113\u013c augstu v\u0113rt\u0113 ar\u012b fenheli, lakricu un piparm\u0113tru. Gar\u0161augi un gar\u0161vielas, piem\u0113ram, kardamons un ingvers, papildina \u0161\u012bs t\u0113jas gar\u0161u. T\u0101p\u0113c YOGI TEA\u00ae Stomach Ease aicina m\u016bs visus apzin\u0101ti baud\u012bt malt\u012bti.<\/p>","protected":false},"excerpt":{"rendered":"<p>Organisk\u0101 z\u0101\u013cu t\u0113ja, dabiski nesatur kofe\u012bnu, kardamona, fenhe\u013ca un ingvera mais\u012bjums, 17 t\u0113jas maisi\u0146i<\/p>","protected":false},"featured_media":13487,"comment_status":"open","ping_status":"closed","template":"","meta":{"_jet_sm_ready_style":"","_jet_sm_style":"","_jet_sm_controls_values":"","_jet_sm_fonts_collection":"","_jet_sm_fonts_links":"","duration":"","checkins":"","type":"","_description":"","date":0,"time":"","order":""},"product_brand":[],"product_cat":[142],"product_tag":[],"class-type":[],"event-type":[],"class_list":{"0":"post-13486","1":"product","2":"type-product","3":"status-publish","4":"has-post-thumbnail","6":"product_cat-ayurvedic-teas","8":"first","9":"instock","10":"shipping-taxable","11":"purchasable","12":"product-type-simple"},"_links":{"self":[{"href":"https:\/\/anahata.lv\/lv\/wp-json\/wp\/v2\/product\/13486","targetHints":{"allow":["GET"]}}],"collection":[{"href":"https:\/\/anahata.lv\/lv\/wp-json\/wp\/v2\/product"}],"about":[{"href":"https:\/\/anahata.lv\/lv\/wp-json\/wp\/v2\/types\/product"}],"replies":[{"embeddable":true,"href":"https:\/\/anahata.lv\/lv\/wp-json\/wp\/v2\/comments?post=13486"}],"wp:featuredmedia":[{"embeddable":true,"href":"https:\/\/anahata.lv\/lv\/wp-json\/wp\/v2\/media\/13487"}],"wp:attachment":[{"href":"https:\/\/anahata.lv\/lv\/wp-json\/wp\/v2\/media?parent=13486"}],"wp:term":[{"taxonomy":"product_brand","embeddable":true,"href":"https:\/\/anahata.lv\/lv\/wp-json\/wp\/v2\/product_brand?post=13486"},{"taxonomy":"product_cat","embeddable":true,"href":"https:\/\/anahata.lv\/lv\/wp-json\/wp\/v2\/product_cat?post=13486"},{"taxonomy":"product_tag","embeddable":true,"href":"https:\/\/anahata.lv\/lv\/wp-json\/wp\/v2\/product_tag?post=13486"},{"taxonomy":"class-type","embeddable":true,"href":"https:\/\/anahata.lv\/lv\/wp-json\/wp\/v2\/class-type?post=13486"},{"taxonomy":"event-type","embeddable":true,"href":"https:\/\/anahata.lv\/lv\/wp-json\/wp\/v2\/event-type?post=13486"}],"curies":[{"name":"wp","href":"https:\/\/api.w.org\/{rel}","templated":true}]}}