{"id":13296,"date":"2025-05-24T19:26:37","date_gmt":"2025-05-24T19:26:37","guid":{"rendered":"https:\/\/dev.anahata.lv\/?post_type=product&#038;p=13296"},"modified":"2025-08-18T21:05:00","modified_gmt":"2025-08-18T18:05:00","slug":"yogi-tea-ginger-lemon-organic","status":"publish","type":"product","link":"https:\/\/anahata.lv\/lv\/products\/yogi-tea-ginger-lemon-organic\/","title":{"rendered":"Yogi Tea  &#8220;Ginger Lemon&#8221; Organic"},"content":{"rendered":"<p>Ikviens, kur\u0161 nogar\u0161os \u0161o t\u0113ju, saprat\u012bs, k\u0101p\u0113c m\u0113s to tik \u013coti m\u012blam. Apvienojum\u0101 ar piparm\u0113tru un melnajiem pipariem, t\u0101 \u013cauj ingvera un citrona pilnajai iedvesmai att\u012bst\u012bties, radot intens\u012bvu, svaigu un viegli pikantu gar\u0161as pieredzi. P\u0113cgar\u0161\u0101 paliek viegluma saj\u016bta.<br \/>\nT\u0113ja ikvienam, kur\u0161 mekl\u0113 iedvesmu un mundrumu.<\/p>","protected":false},"excerpt":{"rendered":"<p>\u0100jurv\u0113disks mais\u012bjums ar ingveru, citronu un piparm\u0113tru<\/p>","protected":false},"featured_media":15083,"comment_status":"open","ping_status":"closed","template":"","meta":{"_jet_sm_ready_style":"","_jet_sm_style":"","_jet_sm_controls_values":"","_jet_sm_fonts_collection":"","_jet_sm_fonts_links":"","duration":"","checkins":"","type":"","_description":"","date":0,"time":"","order":""},"product_brand":[],"product_cat":[142],"product_tag":[],"class-type":[],"event-type":[],"class_list":{"0":"post-13296","1":"product","2":"type-product","3":"status-publish","4":"has-post-thumbnail","6":"product_cat-ayurvedic-teas","8":"first","9":"instock","10":"shipping-taxable","11":"purchasable","12":"product-type-simple"},"_links":{"self":[{"href":"https:\/\/anahata.lv\/lv\/wp-json\/wp\/v2\/product\/13296","targetHints":{"allow":["GET"]}}],"collection":[{"href":"https:\/\/anahata.lv\/lv\/wp-json\/wp\/v2\/product"}],"about":[{"href":"https:\/\/anahata.lv\/lv\/wp-json\/wp\/v2\/types\/product"}],"replies":[{"embeddable":true,"href":"https:\/\/anahata.lv\/lv\/wp-json\/wp\/v2\/comments?post=13296"}],"wp:featuredmedia":[{"embeddable":true,"href":"https:\/\/anahata.lv\/lv\/wp-json\/wp\/v2\/media\/15083"}],"wp:attachment":[{"href":"https:\/\/anahata.lv\/lv\/wp-json\/wp\/v2\/media?parent=13296"}],"wp:term":[{"taxonomy":"product_brand","embeddable":true,"href":"https:\/\/anahata.lv\/lv\/wp-json\/wp\/v2\/product_brand?post=13296"},{"taxonomy":"product_cat","embeddable":true,"href":"https:\/\/anahata.lv\/lv\/wp-json\/wp\/v2\/product_cat?post=13296"},{"taxonomy":"product_tag","embeddable":true,"href":"https:\/\/anahata.lv\/lv\/wp-json\/wp\/v2\/product_tag?post=13296"},{"taxonomy":"class-type","embeddable":true,"href":"https:\/\/anahata.lv\/lv\/wp-json\/wp\/v2\/class-type?post=13296"},{"taxonomy":"event-type","embeddable":true,"href":"https:\/\/anahata.lv\/lv\/wp-json\/wp\/v2\/event-type?post=13296"}],"curies":[{"name":"wp","href":"https:\/\/api.w.org\/{rel}","templated":true}]}}