{"id":13294,"date":"2025-05-24T18:55:47","date_gmt":"2025-05-24T18:55:47","guid":{"rendered":"https:\/\/dev.anahata.lv\/?post_type=product&#038;p=13294"},"modified":"2025-08-18T21:12:17","modified_gmt":"2025-08-18T18:12:17","slug":"yogi-tea-choco-organic","status":"publish","type":"product","link":"https:\/\/anahata.lv\/lv\/products\/yogi-tea-choco-organic\/","title":{"rendered":"BIO t\u0113ja Yogi \"Choco\""},"content":{"rendered":"<p>Daudz\u0101s kult\u016br\u0101s \u0161okol\u0101des d\u0101vin\u0101\u0161ana tiek uzskat\u012bta par \u012bpa\u0161u pie\u0137er\u0161an\u0101s z\u012bmi. \u0160\u012b t\u0113ja ir m\u016bsu d\u0101vana ikvienam, kur\u0161 v\u0113las palutin\u0101t savas ma\u0146as un atv\u0113rt garu. T\u0101s kakao \u010daulas izstaro br\u012bni\u0161\u0137\u012bgu \u0161okol\u0101des arom\u0101tu un apvienojas ar izsmalcin\u0101t\u0101m \u010dai gar\u0161viel\u0101m, sniedzot debes\u012bgu pieredzi. Vislab\u0101k baud\u012bt viegli saldin\u0101tu un ar pienu vai t\u0101 veg\u0101no aizst\u0101j\u0113ju<br \/>\nT\u0113ja ikvienam, kur\u0161 m\u012bl \u0161okol\u0101di.<\/p>","protected":false},"excerpt":{"rendered":"<p>\u0100jurv\u0113disks mais\u012bjums ar kakao \u010daul\u0101m, lakricu un kan\u0113li.<\/p>","protected":false},"featured_media":15085,"comment_status":"open","ping_status":"closed","template":"","meta":{"_jet_sm_ready_style":"","_jet_sm_style":"","_jet_sm_controls_values":"","_jet_sm_fonts_collection":"","_jet_sm_fonts_links":"","duration":"","checkins":"","type":"","_description":"","date":0,"time":"","order":""},"product_brand":[],"product_cat":[142],"product_tag":[],"class-type":[],"event-type":[],"class_list":{"0":"post-13294","1":"product","2":"type-product","3":"status-publish","4":"has-post-thumbnail","6":"product_cat-ayurvedic-teas","8":"first","9":"instock","10":"shipping-taxable","11":"purchasable","12":"product-type-simple"},"_links":{"self":[{"href":"https:\/\/anahata.lv\/lv\/wp-json\/wp\/v2\/product\/13294","targetHints":{"allow":["GET"]}}],"collection":[{"href":"https:\/\/anahata.lv\/lv\/wp-json\/wp\/v2\/product"}],"about":[{"href":"https:\/\/anahata.lv\/lv\/wp-json\/wp\/v2\/types\/product"}],"replies":[{"embeddable":true,"href":"https:\/\/anahata.lv\/lv\/wp-json\/wp\/v2\/comments?post=13294"}],"wp:featuredmedia":[{"embeddable":true,"href":"https:\/\/anahata.lv\/lv\/wp-json\/wp\/v2\/media\/15085"}],"wp:attachment":[{"href":"https:\/\/anahata.lv\/lv\/wp-json\/wp\/v2\/media?parent=13294"}],"wp:term":[{"taxonomy":"product_brand","embeddable":true,"href":"https:\/\/anahata.lv\/lv\/wp-json\/wp\/v2\/product_brand?post=13294"},{"taxonomy":"product_cat","embeddable":true,"href":"https:\/\/anahata.lv\/lv\/wp-json\/wp\/v2\/product_cat?post=13294"},{"taxonomy":"product_tag","embeddable":true,"href":"https:\/\/anahata.lv\/lv\/wp-json\/wp\/v2\/product_tag?post=13294"},{"taxonomy":"class-type","embeddable":true,"href":"https:\/\/anahata.lv\/lv\/wp-json\/wp\/v2\/class-type?post=13294"},{"taxonomy":"event-type","embeddable":true,"href":"https:\/\/anahata.lv\/lv\/wp-json\/wp\/v2\/event-type?post=13294"}],"curies":[{"name":"wp","href":"https:\/\/api.w.org\/{rel}","templated":true}]}}