{"id":13292,"date":"2025-05-24T18:03:10","date_gmt":"2025-05-24T18:03:10","guid":{"rendered":"https:\/\/dev.anahata.lv\/?post_type=product&#038;p=13292"},"modified":"2025-08-18T20:53:25","modified_gmt":"2025-08-18T17:53:25","slug":"yogi-tea-ashwagandha-balance","status":"publish","type":"product","link":"https:\/\/anahata.lv\/lv\/products\/yogi-tea-ashwagandha-balance\/","title":{"rendered":"T\u0113ja YOGI\u201dAshwagandha Balance\""},"content":{"rendered":"<p>Ide\u0101ls sabiedrotais br\u012b\u017eos, kad nervu sist\u0113mai nepiecie\u0161ams miers un p\u0101rliec\u012bba. Acerolas \u0137ir\u0161u C vitam\u012bns, apvienojum\u0101 ar sabalans\u0113tu un daudzveid\u012bgu uzturu un vesel\u012bgu dz\u012bvesveidu, dabiski atbalsta nervu sist\u0113mu. Izbaudiet \u0161o gardo mais\u012bjumu ar a\u0161vagandu, pasifloru un acerolas \u0137ir\u0161iem.<br \/>\nT\u0113ja visiem, kas mekl\u0113 stabilit\u0101ti<\/p>","protected":false},"excerpt":{"rendered":"<p>Biolo\u0123iska z\u0101\u013cu t\u0113ja, mais\u012bjums ar a\u0161vagandu, acerolas \u0137ir\u0161iem un pasifloru.<\/p>","protected":false},"featured_media":15080,"comment_status":"open","ping_status":"closed","template":"","meta":{"_jet_sm_ready_style":"","_jet_sm_style":"","_jet_sm_controls_values":"","_jet_sm_fonts_collection":"","_jet_sm_fonts_links":"","duration":"","checkins":"","type":"","_description":"","date":0,"time":"","order":""},"product_brand":[],"product_cat":[142],"product_tag":[],"class-type":[],"event-type":[],"class_list":{"0":"post-13292","1":"product","2":"type-product","3":"status-publish","4":"has-post-thumbnail","6":"product_cat-ayurvedic-teas","8":"first","9":"instock","10":"shipping-taxable","11":"purchasable","12":"product-type-simple"},"_links":{"self":[{"href":"https:\/\/anahata.lv\/lv\/wp-json\/wp\/v2\/product\/13292","targetHints":{"allow":["GET"]}}],"collection":[{"href":"https:\/\/anahata.lv\/lv\/wp-json\/wp\/v2\/product"}],"about":[{"href":"https:\/\/anahata.lv\/lv\/wp-json\/wp\/v2\/types\/product"}],"replies":[{"embeddable":true,"href":"https:\/\/anahata.lv\/lv\/wp-json\/wp\/v2\/comments?post=13292"}],"wp:featuredmedia":[{"embeddable":true,"href":"https:\/\/anahata.lv\/lv\/wp-json\/wp\/v2\/media\/15080"}],"wp:attachment":[{"href":"https:\/\/anahata.lv\/lv\/wp-json\/wp\/v2\/media?parent=13292"}],"wp:term":[{"taxonomy":"product_brand","embeddable":true,"href":"https:\/\/anahata.lv\/lv\/wp-json\/wp\/v2\/product_brand?post=13292"},{"taxonomy":"product_cat","embeddable":true,"href":"https:\/\/anahata.lv\/lv\/wp-json\/wp\/v2\/product_cat?post=13292"},{"taxonomy":"product_tag","embeddable":true,"href":"https:\/\/anahata.lv\/lv\/wp-json\/wp\/v2\/product_tag?post=13292"},{"taxonomy":"class-type","embeddable":true,"href":"https:\/\/anahata.lv\/lv\/wp-json\/wp\/v2\/class-type?post=13292"},{"taxonomy":"event-type","embeddable":true,"href":"https:\/\/anahata.lv\/lv\/wp-json\/wp\/v2\/event-type?post=13292"}],"curies":[{"name":"wp","href":"https:\/\/api.w.org\/{rel}","templated":true}]}}