{"id":13275,"date":"2025-05-24T07:37:36","date_gmt":"2025-05-24T07:37:36","guid":{"rendered":"https:\/\/dev.anahata.lv\/?post_type=product&#038;p=13275"},"modified":"2025-05-24T19:05:42","modified_gmt":"2025-05-24T19:05:42","slug":"bio-teja-yogi-moon-salutation-2","status":"publish","type":"product","link":"https:\/\/anahata.lv\/lv\/products\/bio-teja-yogi-moon-salutation-2\/","title":{"rendered":"Yogi t\u0113ja \"Sveiciens m\u0113nesim\""},"content":{"rendered":"<p>Ide\u0101ls sabiedrotais ikdienas jogas praksei. Svaigs eikalipts un vieglas piparm\u0113tras notis atver dv\u0113seli, kam\u0113r zeltainais kurkums sniedz iek\u0161\u0113ju l\u012bdzsvaru. \u0160aj\u0101 smalkaj\u0101 biolo\u0123iskaj\u0101 z\u0101\u013cu t\u0113jas mais\u012bjum\u0101 ar baltajiem hibiska ziediem un citronmelisu atrad\u012bsi mieru, l\u012bdzsvaru un relaks\u0101ciju baudpiln\u0101 veid\u0101<br \/>Citronz\u0101le, kurkums (17\u202f%), baltie hibiska ziedi (13\u202f%), lakrica, citronmelisa (9\u202f%), eikalipts (7\u202f%), laims, piparm\u0113tra (3\u202f%), apels\u012bna mizi\u0146a, lavandas ziedi, citrona mizi\u0146a, api\u0146i, melnie pipari, eikalipta e\u013c\u013ca.<br \/>17 t\u0113jas maisi\u0146i 17 x 2 g (34 g)<br \/>Yogi Tea GmbH, Germany<\/p>","protected":false},"excerpt":{"rendered":"<p>\u0100jurv\u0113disks mais\u012bjums ar eikaliptu, hibiska ziediem un citronmelisu.<\/p>","protected":false},"featured_media":13276,"comment_status":"open","ping_status":"closed","template":"","meta":{"_jet_sm_ready_style":"","_jet_sm_style":"","_jet_sm_controls_values":"","_jet_sm_fonts_collection":"","_jet_sm_fonts_links":"","duration":"","checkins":"","type":"","_description":"","date":0,"time":"","order":""},"product_brand":[],"product_cat":[142],"product_tag":[],"class-type":[],"event-type":[],"class_list":{"0":"post-13275","1":"product","2":"type-product","3":"status-publish","4":"has-post-thumbnail","6":"product_cat-ayurvedic-teas","8":"first","9":"instock","10":"shipping-taxable","11":"purchasable","12":"product-type-simple"},"_links":{"self":[{"href":"https:\/\/anahata.lv\/lv\/wp-json\/wp\/v2\/product\/13275","targetHints":{"allow":["GET"]}}],"collection":[{"href":"https:\/\/anahata.lv\/lv\/wp-json\/wp\/v2\/product"}],"about":[{"href":"https:\/\/anahata.lv\/lv\/wp-json\/wp\/v2\/types\/product"}],"replies":[{"embeddable":true,"href":"https:\/\/anahata.lv\/lv\/wp-json\/wp\/v2\/comments?post=13275"}],"wp:featuredmedia":[{"embeddable":true,"href":"https:\/\/anahata.lv\/lv\/wp-json\/wp\/v2\/media\/13276"}],"wp:attachment":[{"href":"https:\/\/anahata.lv\/lv\/wp-json\/wp\/v2\/media?parent=13275"}],"wp:term":[{"taxonomy":"product_brand","embeddable":true,"href":"https:\/\/anahata.lv\/lv\/wp-json\/wp\/v2\/product_brand?post=13275"},{"taxonomy":"product_cat","embeddable":true,"href":"https:\/\/anahata.lv\/lv\/wp-json\/wp\/v2\/product_cat?post=13275"},{"taxonomy":"product_tag","embeddable":true,"href":"https:\/\/anahata.lv\/lv\/wp-json\/wp\/v2\/product_tag?post=13275"},{"taxonomy":"class-type","embeddable":true,"href":"https:\/\/anahata.lv\/lv\/wp-json\/wp\/v2\/class-type?post=13275"},{"taxonomy":"event-type","embeddable":true,"href":"https:\/\/anahata.lv\/lv\/wp-json\/wp\/v2\/event-type?post=13275"}],"curies":[{"name":"wp","href":"https:\/\/api.w.org\/{rel}","templated":true}]}}