{"id":13273,"date":"2025-05-24T07:25:41","date_gmt":"2025-05-24T07:25:41","guid":{"rendered":"https:\/\/dev.anahata.lv\/?post_type=product&#038;p=13273"},"modified":"2025-05-24T08:24:57","modified_gmt":"2025-05-24T08:24:57","slug":"bio-teja-yogi-innere-harmony-2","status":"publish","type":"product","link":"https:\/\/anahata.lv\/lv\/products\/bio-teja-yogi-innere-harmony-2\/","title":{"rendered":"Yogi t\u0113ja \"Iek\u0161\u0113j\u0101 harmonija\""},"content":{"rendered":"<p><strong>Yogi t\u0113ja \"Ieks''ej\u0101 harmonija\", t\u0113jas maisi\u0146i\u00a0<\/strong>Dienas straujais temps da\u017ek\u0101rt m\u016bs iegr\u016b\u017e haos\u0101 \u2013 \u012bpa\u0161i tad, ja paredz\u0113ti daudzi tik\u0161an\u0101s laiki. T\u0113ja \"Iek\u0161\u0113j\u0101 Harmonija\" ir rad\u012bta, lai pal\u012bdz\u0113tu mier\u012bg\u0101k piel\u0101goties dienas ritmam. Baudot nomierino\u0161as sast\u0101vda\u013cas, piem\u0113ram, maigo citronmelisu, arom\u0101tiskos lavandas ziedus un saldo kan\u0113li, m\u0113s ieg\u016bstam nelielu atelpas br\u012bdi \u2013 jebkur\u0101 diennakts laik\u0101.<br \/><strong>Sast\u0101vda\u013cas:<\/strong>\u00a0Citronmelisa* (46%), roiboss* (15%), lakrica*, kan\u0113lis* (6%), kakao \u010daumalas*, baziliks*, piparm\u0113tra*, kumel\u012b\u0161u ziedi*, rozmar\u012bns*, melnie pipari*, fenhelis*, lavandas ziedi*. * No sertific\u0113t\u0101m biolo\u0123iskaj\u0101m saimniec\u012bb\u0101m.<br \/><strong>Neto svars: 30 G. ( 1 PAC - 1.5G)\u00a0<\/strong>30.6 g ( 17 t\u0113jas maisi\u0146i)<\/p>","protected":false},"excerpt":{"rendered":"<p>\u0100jurv\u0113disks mais\u012bjums ar citronmelisu, roibosu un kan\u0113li. Maigs, p\u0101rdom\u0101ts, r\u016bp\u012bgi sabalans\u0113ts.<\/p>","protected":false},"featured_media":13274,"comment_status":"open","ping_status":"closed","template":"","meta":{"_jet_sm_ready_style":"","_jet_sm_style":"","_jet_sm_controls_values":"","_jet_sm_fonts_collection":"","_jet_sm_fonts_links":"","duration":"","checkins":"","type":"","_description":"","date":0,"time":"","order":""},"product_brand":[],"product_cat":[142],"product_tag":[],"class-type":[],"event-type":[],"class_list":{"0":"post-13273","1":"product","2":"type-product","3":"status-publish","4":"has-post-thumbnail","6":"product_cat-ayurvedic-teas","8":"first","9":"instock","10":"shipping-taxable","11":"purchasable","12":"product-type-simple"},"_links":{"self":[{"href":"https:\/\/anahata.lv\/lv\/wp-json\/wp\/v2\/product\/13273","targetHints":{"allow":["GET"]}}],"collection":[{"href":"https:\/\/anahata.lv\/lv\/wp-json\/wp\/v2\/product"}],"about":[{"href":"https:\/\/anahata.lv\/lv\/wp-json\/wp\/v2\/types\/product"}],"replies":[{"embeddable":true,"href":"https:\/\/anahata.lv\/lv\/wp-json\/wp\/v2\/comments?post=13273"}],"wp:featuredmedia":[{"embeddable":true,"href":"https:\/\/anahata.lv\/lv\/wp-json\/wp\/v2\/media\/13274"}],"wp:attachment":[{"href":"https:\/\/anahata.lv\/lv\/wp-json\/wp\/v2\/media?parent=13273"}],"wp:term":[{"taxonomy":"product_brand","embeddable":true,"href":"https:\/\/anahata.lv\/lv\/wp-json\/wp\/v2\/product_brand?post=13273"},{"taxonomy":"product_cat","embeddable":true,"href":"https:\/\/anahata.lv\/lv\/wp-json\/wp\/v2\/product_cat?post=13273"},{"taxonomy":"product_tag","embeddable":true,"href":"https:\/\/anahata.lv\/lv\/wp-json\/wp\/v2\/product_tag?post=13273"},{"taxonomy":"class-type","embeddable":true,"href":"https:\/\/anahata.lv\/lv\/wp-json\/wp\/v2\/class-type?post=13273"},{"taxonomy":"event-type","embeddable":true,"href":"https:\/\/anahata.lv\/lv\/wp-json\/wp\/v2\/event-type?post=13273"}],"curies":[{"name":"wp","href":"https:\/\/api.w.org\/{rel}","templated":true}]}}