{"id":11843,"date":"2025-04-26T07:02:04","date_gmt":"2025-04-26T07:02:04","guid":{"rendered":"https:\/\/dev.anahata.lv\/product\/nakts-teja-night-time\/"},"modified":"2025-08-17T23:25:34","modified_gmt":"2025-08-17T20:25:34","slug":"matchagreen","status":"publish","type":"product","link":"https:\/\/anahata.lv\/lv\/products\/matchagreen\/","title":{"rendered":"BIO PUKKA  t\u0113ja \"Matcha Green\""},"content":{"rendered":"<div>\n<p><strong>Gar\u0161\u012bgs, atspirdzino\u0161s za\u013c\u0101s t\u0113jas un matcha mais\u012bjums, kas veicina ikdienas labsaj\u016btu un vitalit\u0101ti.<\/strong><\/p>\n<\/div>\n<p>Atkl\u0101jiet pasauli, kur\u0101 sul\u012bg\u0101s za\u013c\u0101s t\u0113jas lapas savienojas ar matcha, radot harmonisku vitalit\u0101tes saj\u016btu. Saj\u016bti za\u013c\u0101s t\u0113jas sp\u0113ku katr\u0101 tases malci\u0146\u0101. Atkl\u0101jiet pasauli, kur\u0101 sul\u012bg\u0101s za\u013c\u0101s t\u0113jas lapas apvienojas ar matcha, radot harmonisku vitalit\u0101tes saj\u016btu. Saj\u016bti za\u013c\u0101s t\u0113jas sp\u0113ku katr\u0101 tases malk\u0101.<\/p>\n<h6 data-v-21ccf82b=\"\">IZCELSME<\/h6>\n<p data-v-21ccf82b=\"\">M\u016bsu matcha tiek ieg\u016bta ilgtsp\u0113j\u012bg\u0101 veid\u0101 no biolo\u0123isk\u0101s saimniec\u012bbas, kas atrodas uz skaist\u0101s vulk\u0101nisk\u0101s salas Jeju-Do pie Dienvidkorejas krasta. P\u0113c nov\u0101k\u0161anas m\u016bsu ekspertu komanda p\u0101rbauda augu \u0113terisko e\u013c\u013cu saturu, lai nodro\u0161in\u0101tu, ka m\u016bsu mais\u012bjumi ir augst\u0101k\u0101s kvalit\u0101tes. P\u0113c mais\u012b\u0161anas katrs t\u0113jas maisi\u0146\u0161 tiek iepakots FSC\u00ae sertific\u0113t\u0101 p\u0101rstr\u0101d\u0101jam\u0101 pap\u012bra maisi\u0146\u0101, kas saglab\u0101 kvalit\u0101ti un gar\u0161u l\u012bdz j\u016bs esat gatavs to baud\u012bt.<\/p>\n<h6 data-v-21ccf82b=\"\">SAST\u0100VDA\u013bAS<\/h6>\n<p data-v-21ccf82b=\"\">Sencha za\u013c\u0101 t\u0113ja (34%), Vjetnamas za\u013c\u0101 t\u0113ja (32%), Indijas za\u013c\u0101 t\u0113ja (32%), Matcha (2%).<\/p>\n<p class=\"translation-block\">Biolo\u0123isks\nVeg\u0101ns\nKo\u0161ers\nVe\u0123et\u0101rs<\/p>\n<p class=\"translation-block\">Iepakojums: 20 t\u0113jas maisi\u0146i, individu\u0101li iepakoti, lai saglab\u0101tu produkta svaigumu.<\/p>\n<p><strong>Neto svars: 30 G. ( 1 PAC - 1.5G)<\/strong> 30g. (1pac.-1.5g.)<\/p>\n<p class=\"translation-block\">Ra\u017eot\u0101js: Pukka Herbs Ltd. , Lielbrit\u0101nija<\/p>\n<p>&nbsp;<\/p>\n<p>&nbsp;<\/p>","protected":false},"excerpt":{"rendered":"<p><strong>Biolo\u0123isk\u0101 PUKKA t\u0113ja \"Matcha Green\", 20 paci\u0146as<\/strong><\/p>\n<p>&nbsp;<\/p>\n<p>&nbsp;<\/p>","protected":false},"featured_media":15008,"comment_status":"open","ping_status":"closed","template":"","meta":{"_jet_sm_ready_style":"","_jet_sm_style":"","_jet_sm_controls_values":"","_jet_sm_fonts_collection":"","_jet_sm_fonts_links":"","duration":"","checkins":"","type":"","_description":"","date":0,"time":"","order":""},"product_brand":[],"product_cat":[142,15],"product_tag":[],"class-type":[],"event-type":[],"class_list":{"0":"post-11843","1":"product","2":"type-product","3":"status-publish","4":"has-post-thumbnail","6":"product_cat-ayurvedic-teas","7":"product_cat-uncategorized","9":"first","10":"instock","11":"shipping-taxable","12":"purchasable","13":"product-type-simple"},"_links":{"self":[{"href":"https:\/\/anahata.lv\/lv\/wp-json\/wp\/v2\/product\/11843","targetHints":{"allow":["GET"]}}],"collection":[{"href":"https:\/\/anahata.lv\/lv\/wp-json\/wp\/v2\/product"}],"about":[{"href":"https:\/\/anahata.lv\/lv\/wp-json\/wp\/v2\/types\/product"}],"replies":[{"embeddable":true,"href":"https:\/\/anahata.lv\/lv\/wp-json\/wp\/v2\/comments?post=11843"}],"wp:featuredmedia":[{"embeddable":true,"href":"https:\/\/anahata.lv\/lv\/wp-json\/wp\/v2\/media\/15008"}],"wp:attachment":[{"href":"https:\/\/anahata.lv\/lv\/wp-json\/wp\/v2\/media?parent=11843"}],"wp:term":[{"taxonomy":"product_brand","embeddable":true,"href":"https:\/\/anahata.lv\/lv\/wp-json\/wp\/v2\/product_brand?post=11843"},{"taxonomy":"product_cat","embeddable":true,"href":"https:\/\/anahata.lv\/lv\/wp-json\/wp\/v2\/product_cat?post=11843"},{"taxonomy":"product_tag","embeddable":true,"href":"https:\/\/anahata.lv\/lv\/wp-json\/wp\/v2\/product_tag?post=11843"},{"taxonomy":"class-type","embeddable":true,"href":"https:\/\/anahata.lv\/lv\/wp-json\/wp\/v2\/class-type?post=11843"},{"taxonomy":"event-type","embeddable":true,"href":"https:\/\/anahata.lv\/lv\/wp-json\/wp\/v2\/event-type?post=11843"}],"curies":[{"name":"wp","href":"https:\/\/api.w.org\/{rel}","templated":true}]}}