{"id":11828,"date":"2025-04-26T07:02:00","date_gmt":"2025-04-26T07:02:00","guid":{"rendered":"https:\/\/dev.anahata.lv\/product\/teja-blackcurrant-beauty\/"},"modified":"2025-08-18T19:33:49","modified_gmt":"2025-08-18T16:33:49","slug":"tealove","status":"publish","type":"product","link":"https:\/\/anahata.lv\/lv\/products\/tealove\/","title":{"rendered":"PUKKA herbal tea &#8220;Love&#8221;"},"content":{"rendered":"<p><strong>L\u012bdzsvarojot dabas m\u012b\u013c\u0101k\u0101s sast\u0101vda\u013cas, ielej sev tasi siltas z\u0101\u013cu t\u0113jas un izbaudi lavandas, ro\u017eu un kumel\u012b\u0161u ziedu arom\u0101tu ar maigu laima ziedu saldumu.<\/strong><\/p>\n<p>M\u016bsu t\u0113ja \"Love\", ko izstr\u0101d\u0101ju\u0161i m\u016bsu uz\u0146\u0113muma z\u0101\u013cu eksperti un uztura speci\u0101listi, apvieno jaun\u0101kos zin\u0101tniskos p\u0113t\u012bjumus ar tradicion\u0101lo z\u0101\u013cu gudr\u012bbu, lai dabiski uzlabotu j\u016bsu garast\u0101vokli un atbr\u012bvoties.Katrs kompost\u0113jamais t\u0113jas maisi\u0146\u0161 satur \u0113terisk\u0101s e\u013c\u013cas un augst\u0101k\u0101s kvalit\u0101tes organisk\u0101s sast\u0101vda\u013cas, kas \u012bpa\u0161i atlas\u012btas to nomierino\u0161o un garast\u0101vokli uzlabojo\u0161o \u012bpa\u0161\u012bbu d\u0113\u013c. Kumel\u012btes ir bag\u0101tas ar nomierino\u0161u \u0113terisko e\u013c\u013cu, bet liepziedu \u0113terisk\u0101m e\u013c\u013c\u0101m piem\u012bt  relaks\u0113jo\u0161a iedarb\u012bba, kas nomierina \u0137ermeni. Lavanda tradicion\u0101li ir paz\u012bstama k\u0101 l\u012bdzeklis, kas mazina emocion\u0101las raizes un veicina laim\u012bgas saj\u016btas, bet ro\u017eu ziedu arom\u0101ts atver sirdi un izraisa smaidu uz l\u016bp\u0101m.<\/p>\n<p class=\"translation-block\">Sast\u0101vda\u013cas: kumel\u012b\u0161u ziedi* (31 %), klin\u0123er\u012btes ziedi*, pl\u016b\u0161koka ziedi*, lakricas saknes*, laima ziedi*, lavandas ziedi* (6 %), ro\u017eu ziedi* (4 %).<\/p>\n<p>Uztura inform\u0101cija: Biolo\u0123isks, bez kofe\u012bna, ko\u0161ers, ve\u0123et\u0101rs, veg\u0101ns<\/p>\n<p class=\"translation-block\">T\u012brais saturs: 20  maisi\u0146i<\/p>\n<p>&nbsp;<\/p>\n<p>&nbsp;<\/p>\n<p>&nbsp;<\/p>\n<p>&nbsp;<\/p>","protected":false},"excerpt":{"rendered":"<h3>Kumel\u012b\u0161u un augu t\u0113ja \"Love\", PUKKA, 20 maisi\u0146i<\/h3>\n<p>Organic herbal tea with roses, chamomile and lavender.<\/p>\n<p>* Heart-warming roses and lavender<\/p>\n<p>* Elderflowers and chamomile relax and calm<\/p>\n<p>* Calendula petals are wonderfully balancing<\/p>\n<p>&nbsp;<\/p>\n<p>&nbsp;<\/p>\n<p>&nbsp;<\/p>\n<p>&nbsp;<\/p>\n<p>&nbsp;<\/p>\n<p>&nbsp;<\/p>\n<p>&nbsp;<\/p>\n<p>&nbsp;<\/p>\n<p>&nbsp;<\/p>","protected":false},"featured_media":15013,"comment_status":"open","ping_status":"closed","template":"","meta":{"_jet_sm_ready_style":"","_jet_sm_style":"","_jet_sm_controls_values":"","_jet_sm_fonts_collection":"","_jet_sm_fonts_links":"","duration":"","checkins":"","type":"","_description":"","date":0,"time":"","order":""},"product_brand":[],"product_cat":[142,15],"product_tag":[],"class-type":[],"event-type":[],"class_list":{"0":"post-11828","1":"product","2":"type-product","3":"status-publish","4":"has-post-thumbnail","6":"product_cat-ayurvedic-teas","7":"product_cat-uncategorized","9":"first","10":"instock","11":"shipping-taxable","12":"purchasable","13":"product-type-simple"},"_links":{"self":[{"href":"https:\/\/anahata.lv\/lv\/wp-json\/wp\/v2\/product\/11828","targetHints":{"allow":["GET"]}}],"collection":[{"href":"https:\/\/anahata.lv\/lv\/wp-json\/wp\/v2\/product"}],"about":[{"href":"https:\/\/anahata.lv\/lv\/wp-json\/wp\/v2\/types\/product"}],"replies":[{"embeddable":true,"href":"https:\/\/anahata.lv\/lv\/wp-json\/wp\/v2\/comments?post=11828"}],"wp:featuredmedia":[{"embeddable":true,"href":"https:\/\/anahata.lv\/lv\/wp-json\/wp\/v2\/media\/15013"}],"wp:attachment":[{"href":"https:\/\/anahata.lv\/lv\/wp-json\/wp\/v2\/media?parent=11828"}],"wp:term":[{"taxonomy":"product_brand","embeddable":true,"href":"https:\/\/anahata.lv\/lv\/wp-json\/wp\/v2\/product_brand?post=11828"},{"taxonomy":"product_cat","embeddable":true,"href":"https:\/\/anahata.lv\/lv\/wp-json\/wp\/v2\/product_cat?post=11828"},{"taxonomy":"product_tag","embeddable":true,"href":"https:\/\/anahata.lv\/lv\/wp-json\/wp\/v2\/product_tag?post=11828"},{"taxonomy":"class-type","embeddable":true,"href":"https:\/\/anahata.lv\/lv\/wp-json\/wp\/v2\/class-type?post=11828"},{"taxonomy":"event-type","embeddable":true,"href":"https:\/\/anahata.lv\/lv\/wp-json\/wp\/v2\/event-type?post=11828"}],"curies":[{"name":"wp","href":"https:\/\/api.w.org\/{rel}","templated":true}]}}