{"id":11812,"date":"2025-04-26T07:01:57","date_gmt":"2025-04-26T07:01:57","guid":{"rendered":"https:\/\/dev.anahata.lv\/product\/teja-gremosanai-after-dinner\/"},"modified":"2025-11-19T14:58:06","modified_gmt":"2025-11-19T12:58:06","slug":"herbaltpukkateabreathin","status":"publish","type":"product","link":"https:\/\/anahata.lv\/lv\/products\/herbaltpukkateabreathin\/","title":{"rendered":"Spirdzino\u0161a t\u0113ja ar eikaliptu \u201eBreathe In\u201d"},"content":{"rendered":"<p>Atbr\u012bvojiet savas ma\u0146as ar m\u016bsu profesion\u0101li pagatavoto t\u0113ju Breathe In. Atrodiet br\u012bdi atelpas ar atsvaidzino\u0161o piparm\u0113tru un eikalipta arom\u0101tu, ingvera siltumu un medus nomierino\u0161o iedarb\u012bbu.<\/p>\n<p class=\"translation-block\">Sagatavo\u0161ana: \u013baujiet ievilkties l\u012bdz 15 min\u016bt\u0113m.<\/p>\n<p class=\"translation-block\">Sast\u0101vda\u013cas: meln\u0101s piparm\u0113tru lapas* (28 %), eikalipta lapas* (23 %), ingvera sakne* (15 %), citrona timi\u0101na lapas* (13,5 %), lakricas saknes*, an\u012bsa s\u0113klas*, hibiska sakne*, medus*, piparm\u0113tru \u0113terisk\u0101 e\u013c\u013ca* (1,5 %).<\/p>\n<p>* no biolo\u0123iskaj\u0101m saimniec\u012bb\u0101m<\/p>\n<p>Inform\u0101cija par alerg\u0113niem: satur lakricu.<\/p>\n<p>Uzglab\u0101\u0161anas apst\u0101k\u013ci: uzglab\u0101t tum\u0161\u0101, v\u0113s\u0101, labi v\u0113din\u0101m\u0101 viet\u0101, temperat\u016br\u0101 ne augst\u0101k\u0101 par +25 gr\u0101diem.<\/p>\n<p>Neto svars: 38 g (20 paci\u0146as).<\/p>\n<p>Der\u012bguma termi\u0146\u0161: skat\u012bt uz iepakojuma<\/p>\n<p>Ra\u017eot\u0101js: Pukka Herbs Ltd.  Lielbrit\u0101nija<\/p>\n<p>&nbsp;<\/p>\n<p>&nbsp;<\/p>","protected":false},"excerpt":{"rendered":"<h3>Svaiga t\u0113ja ar eikaliptu Breathe In, Pukka, 20 paci\u0146as<\/h3>\n<p>Eucalyptus and mint freshness, fiery ginger and a delicate honey aroma.<\/p>\n<p>Organic herbal tea flavoured with peppermint oil.<\/p>\n<p>&nbsp;<\/p>\n<p>&nbsp;<\/p>","protected":false},"featured_media":15062,"comment_status":"open","ping_status":"closed","template":"","meta":{"_jet_sm_ready_style":"","_jet_sm_style":"","_jet_sm_controls_values":"","_jet_sm_fonts_collection":"","_jet_sm_fonts_links":"","duration":"","checkins":"","type":"","_description":"","date":0,"time":"","order":""},"product_brand":[],"product_cat":[142,15],"product_tag":[],"class-type":[],"event-type":[],"class_list":{"0":"post-11812","1":"product","2":"type-product","3":"status-publish","4":"has-post-thumbnail","6":"product_cat-ayurvedic-teas","7":"product_cat-uncategorized","9":"first","10":"outofstock","11":"shipping-taxable","12":"purchasable","13":"product-type-simple"},"_links":{"self":[{"href":"https:\/\/anahata.lv\/lv\/wp-json\/wp\/v2\/product\/11812","targetHints":{"allow":["GET"]}}],"collection":[{"href":"https:\/\/anahata.lv\/lv\/wp-json\/wp\/v2\/product"}],"about":[{"href":"https:\/\/anahata.lv\/lv\/wp-json\/wp\/v2\/types\/product"}],"replies":[{"embeddable":true,"href":"https:\/\/anahata.lv\/lv\/wp-json\/wp\/v2\/comments?post=11812"}],"wp:featuredmedia":[{"embeddable":true,"href":"https:\/\/anahata.lv\/lv\/wp-json\/wp\/v2\/media\/15062"}],"wp:attachment":[{"href":"https:\/\/anahata.lv\/lv\/wp-json\/wp\/v2\/media?parent=11812"}],"wp:term":[{"taxonomy":"product_brand","embeddable":true,"href":"https:\/\/anahata.lv\/lv\/wp-json\/wp\/v2\/product_brand?post=11812"},{"taxonomy":"product_cat","embeddable":true,"href":"https:\/\/anahata.lv\/lv\/wp-json\/wp\/v2\/product_cat?post=11812"},{"taxonomy":"product_tag","embeddable":true,"href":"https:\/\/anahata.lv\/lv\/wp-json\/wp\/v2\/product_tag?post=11812"},{"taxonomy":"class-type","embeddable":true,"href":"https:\/\/anahata.lv\/lv\/wp-json\/wp\/v2\/class-type?post=11812"},{"taxonomy":"event-type","embeddable":true,"href":"https:\/\/anahata.lv\/lv\/wp-json\/wp\/v2\/event-type?post=11812"}],"curies":[{"name":"wp","href":"https:\/\/api.w.org\/{rel}","templated":true}]}}