{"id":11811,"date":"2025-04-26T07:01:56","date_gmt":"2025-04-26T07:01:56","guid":{"rendered":"https:\/\/dev.anahata.lv\/product\/teja-tulsi-skaidriba-tulsi-clarity\/"},"modified":"2025-08-18T20:16:10","modified_gmt":"2025-08-18T17:16:10","slug":"pukkateamorningberry","status":"publish","type":"product","link":"https:\/\/anahata.lv\/lv\/products\/pukkateamorningberry\/","title":{"rendered":"T\u0113ja \"Morning berry\""},"content":{"rendered":"<p>Iegremd\u0113jieties agra r\u012bta aug\u013cu baud\u012bjum\u0101, kas p\u0101rpilns ar saldaj\u0101m upen\u0113m, sul\u012bgaj\u0101m kazen\u0101j\u0101m un atsvaidzino\u0161aj\u0101m roz\u0101 pl\u016b\u0161kokiem. Pamodiniet savas ma\u0146as ar m\u016bsu Morning Berry t\u0113ju.<\/p>\n<p>&nbsp;<\/p>\n<p>S\u0101ciet savu dienu ar Morning Berry dz\u012bv\u012bgo un aug\u013cu gar\u0161u. Neatkar\u012bgi no t\u0101, vai to baud\u0101t k\u0101 atsvaidzino\u0161u r\u012bta s\u0101kumu vai atspirdzino\u0161u ener\u0123ijas avotu, \u0161is br\u012bni\u0161\u0137\u012bgais mais\u012bjums pied\u0101v\u0101 salduma un vitalit\u0101tes simfoniju, aicinot J\u016bs uzs\u0101kt jauno dienu ar atjaunotu ener\u0123iju un prieku.<\/p>\n<p>Pievienojot rozmar\u012bnu un rooibos, m\u016bsu Morning Berry mais\u012bjums pal\u012bdz \u201cizklied\u0113t miglu\u201d un uztur j\u016bsu vitalit\u0101ti visas dienas garum\u0101. Ar sul\u0101m bag\u0101t\u0101s ogas pie\u0161\u0137ir pat\u012bkamu un spilgtu gar\u0161u, ar katru malku iepriecinot j\u016bsu gar\u0161as k\u0101rpi\u0146as.<\/p>\n<h4 data-v-21ccf82b=\"\">SAST\u0100VDA\u013bAS<\/h4>\n<p data-v-21ccf82b=\"\">Rooibos lapas, hibiska ziedi (28%), roz\u0101 pl\u016b\u0161koka aug\u013ci, upenes (6%), lakricas sakne, piparm\u0113tru lapas, rozmar\u012bna lapas, kazenes (2%), dabiska upe\u0146u aromatiz\u0113t\u0101js, ingvera sakne, dabiska melle\u0146u aromatiz\u0113t\u0101js, citronz\u0101les \u0113terisk\u0101 e\u013c\u013ca, piparm\u0113tru \u0113terisk\u0101 e\u013c\u013ca.<\/p>","protected":false},"excerpt":{"rendered":"<p>Tea \u201cMorning Berry\u201d\u00a0 Pukka BIO 36 g , 20 tea sachets<\/p>\n<p>Lively composition of tangy hibiscus &amp; blackcurrant<\/p>\n<p>&nbsp;<\/p>","protected":false},"featured_media":15075,"comment_status":"open","ping_status":"closed","template":"","meta":{"_jet_sm_ready_style":"","_jet_sm_style":"","_jet_sm_controls_values":"","_jet_sm_fonts_collection":"","_jet_sm_fonts_links":"","duration":"","checkins":"","type":"","_description":"","date":0,"time":"","order":""},"product_brand":[],"product_cat":[142,15],"product_tag":[],"class-type":[],"event-type":[],"class_list":{"0":"post-11811","1":"product","2":"type-product","3":"status-publish","4":"has-post-thumbnail","6":"product_cat-ayurvedic-teas","7":"product_cat-uncategorized","9":"first","10":"instock","11":"shipping-taxable","12":"purchasable","13":"product-type-simple"},"_links":{"self":[{"href":"https:\/\/anahata.lv\/lv\/wp-json\/wp\/v2\/product\/11811","targetHints":{"allow":["GET"]}}],"collection":[{"href":"https:\/\/anahata.lv\/lv\/wp-json\/wp\/v2\/product"}],"about":[{"href":"https:\/\/anahata.lv\/lv\/wp-json\/wp\/v2\/types\/product"}],"replies":[{"embeddable":true,"href":"https:\/\/anahata.lv\/lv\/wp-json\/wp\/v2\/comments?post=11811"}],"wp:featuredmedia":[{"embeddable":true,"href":"https:\/\/anahata.lv\/lv\/wp-json\/wp\/v2\/media\/15075"}],"wp:attachment":[{"href":"https:\/\/anahata.lv\/lv\/wp-json\/wp\/v2\/media?parent=11811"}],"wp:term":[{"taxonomy":"product_brand","embeddable":true,"href":"https:\/\/anahata.lv\/lv\/wp-json\/wp\/v2\/product_brand?post=11811"},{"taxonomy":"product_cat","embeddable":true,"href":"https:\/\/anahata.lv\/lv\/wp-json\/wp\/v2\/product_cat?post=11811"},{"taxonomy":"product_tag","embeddable":true,"href":"https:\/\/anahata.lv\/lv\/wp-json\/wp\/v2\/product_tag?post=11811"},{"taxonomy":"class-type","embeddable":true,"href":"https:\/\/anahata.lv\/lv\/wp-json\/wp\/v2\/class-type?post=11811"},{"taxonomy":"event-type","embeddable":true,"href":"https:\/\/anahata.lv\/lv\/wp-json\/wp\/v2\/event-type?post=11811"}],"curies":[{"name":"wp","href":"https:\/\/api.w.org\/{rel}","templated":true}]}}