{"id":11810,"date":"2025-04-26T07:01:56","date_gmt":"2025-04-26T07:01:56","guid":{"rendered":"https:\/\/dev.anahata.lv\/product\/teja-ar-piparmetru-un-lakricu\/"},"modified":"2025-08-18T20:27:45","modified_gmt":"2025-08-18T17:27:45","slug":"teja-ar-piparmetru-un-lakricu","status":"publish","type":"product","link":"https:\/\/anahata.lv\/lv\/products\/teja-ar-piparmetru-un-lakricu\/","title":{"rendered":"T\u0113ja &#8220;Peppermint and Licrorice&#8221;\u00a0"},"content":{"rendered":"<p>J\u016bties nomierin\u0101ts p\u0113c \u0113\u0161anas ar m\u016bsu ekspertu izveidoto piparm\u0113tru un lakricas t\u0113ju.\u00a0 P\u0113c vakari\u0146\u0101m m\u016bsu t\u0113ja, p\u0101rbag\u0101ta ar atv\u0113sino\u0161o piparm\u0113tru un saldo lakricu, pal\u012bdz\u0113s tev justies lab\u0101k, kam\u0113r noris gremo\u0161anas process.<\/p>\n<p>M\u016bsu augu ekspertu un dietologu izveidot\u0101 piparm\u0113tru un lakricas t\u0113ja apvieno jaun\u0101kos zin\u0101tniskos p\u0113t\u012bjumus apvienojum\u0101 ar tradicion\u0101laj\u0101m zin\u0101\u0161an\u0101m par augiem, lai dab\u012bgi pal\u012bdz\u0113tu \u0137ermenim.\u00a0 Katrs t\u0113jas maisi\u0146\u0161 ir p\u0101rbag\u0101ts ar \u0113teriskaj\u0101m e\u013c\u013c\u0101m un augst\u0101k\u0101s kvalit\u0101tes augiem, kas ir izv\u0113l\u0113ti d\u0113\u013c nomierino\u0161aj\u0101m un v\u0113sino\u0161aj\u0101m \u012bpa\u0161\u012bb\u0101m.\u00a0 Lielisks veids k\u0101 justies l\u012bdzsvarotam visas dienas garum\u0101 un izvair\u012bties no k\u0101res p\u0113c saldumiem, un izbaud\u012bt katru malku sald\u0101s t\u0113jas.<\/p>\n<p><strong>Dabiskas, bez kofe\u012bna un \u0113tiski iev\u0101ktas, 100% biolo\u0123iski audz\u0113tas sast\u0101vda\u013cas:<\/strong> piparm\u0113tru lapas (60%), lakricas sakne (40%). Satur lakricu &#8211; cilv\u0113kiem, kuriem ir hipertonija, j\u0101izvair\u0101s no produkta p\u0101rm\u0113r\u012bgas lieto\u0161anas. Konsult\u0113jieties ar speci\u0101listu par t\u0113jas lieto\u0161anu gr\u016btniec\u012bbas laik\u0101.<\/p>\n<p><strong>Lieto\u0161ana:\u00a0<\/strong>atdz\u012bviniet \u0161os neticamos augus, paturot svaigi uzv\u0101r\u012bt\u0101 \u016bden\u012b l\u012bdz 15 min\u016bt\u0113m.<\/p>\n<p><strong>Iepakojum\u0101:<\/strong>\u00a020 t\u0113jas maisi\u0146i, atsevi\u0161\u0137i iepakoti, lai maksim\u0101li saglab\u0101tu produkta svaigumu.<\/p>\n<p><strong>Masa neto:<\/strong> 30 g. (1 pac.-1,5 g.).<\/p>\n<p><strong>Ra\u017eot\u0101js:<\/strong>\u00a0Pukka Herbs Ltd., Lielbrit\u0101nija.<\/p>","protected":false},"excerpt":{"rendered":"<p>T\u0113ja ar piparm\u0113tru un lakricu\u00a0 Pukka BIO 30 g , 20 t\u0113jas maisi\u0146i<\/p>\n<p>Salds un gar\u0161\u012bgs, atsvaidzino\u0161s savi\u013c\u0146ojums.<\/p>\n<p>&nbsp;<\/p>","protected":false},"featured_media":11795,"comment_status":"open","ping_status":"closed","template":"","meta":{"_jet_sm_ready_style":"","_jet_sm_style":"","_jet_sm_controls_values":"","_jet_sm_fonts_collection":"","_jet_sm_fonts_links":"","duration":"","checkins":"","type":"","_description":"","date":0,"time":"","order":""},"product_brand":[],"product_cat":[142,15],"product_tag":[],"class-type":[],"event-type":[],"class_list":{"0":"post-11810","1":"product","2":"type-product","3":"status-publish","4":"has-post-thumbnail","6":"product_cat-ayurvedic-teas","7":"product_cat-uncategorized","9":"first","10":"instock","11":"shipping-taxable","12":"purchasable","13":"product-type-simple"},"_links":{"self":[{"href":"https:\/\/anahata.lv\/lv\/wp-json\/wp\/v2\/product\/11810","targetHints":{"allow":["GET"]}}],"collection":[{"href":"https:\/\/anahata.lv\/lv\/wp-json\/wp\/v2\/product"}],"about":[{"href":"https:\/\/anahata.lv\/lv\/wp-json\/wp\/v2\/types\/product"}],"replies":[{"embeddable":true,"href":"https:\/\/anahata.lv\/lv\/wp-json\/wp\/v2\/comments?post=11810"}],"wp:featuredmedia":[{"embeddable":true,"href":"https:\/\/anahata.lv\/lv\/wp-json\/wp\/v2\/media\/11795"}],"wp:attachment":[{"href":"https:\/\/anahata.lv\/lv\/wp-json\/wp\/v2\/media?parent=11810"}],"wp:term":[{"taxonomy":"product_brand","embeddable":true,"href":"https:\/\/anahata.lv\/lv\/wp-json\/wp\/v2\/product_brand?post=11810"},{"taxonomy":"product_cat","embeddable":true,"href":"https:\/\/anahata.lv\/lv\/wp-json\/wp\/v2\/product_cat?post=11810"},{"taxonomy":"product_tag","embeddable":true,"href":"https:\/\/anahata.lv\/lv\/wp-json\/wp\/v2\/product_tag?post=11810"},{"taxonomy":"class-type","embeddable":true,"href":"https:\/\/anahata.lv\/lv\/wp-json\/wp\/v2\/class-type?post=11810"},{"taxonomy":"event-type","embeddable":true,"href":"https:\/\/anahata.lv\/lv\/wp-json\/wp\/v2\/event-type?post=11810"}],"curies":[{"name":"wp","href":"https:\/\/api.w.org\/{rel}","templated":true}]}}