{"id":11806,"date":"2025-04-26T07:01:56","date_gmt":"2025-04-26T07:01:56","guid":{"rendered":"https:\/\/dev.anahata.lv\/product\/teja-three-licorice\/"},"modified":"2025-08-18T20:29:04","modified_gmt":"2025-08-18T17:29:04","slug":"teja-three-licorice","status":"publish","type":"product","link":"https:\/\/anahata.lv\/lv\/products\/teja-three-licorice\/","title":{"rendered":"T\u0113ja &#8220;Three Licorice&#8221;"},"content":{"rendered":"<p><strong>TR\u012aS LAKRICAS A sweet song of flavoursome licorice from Kazahstan, Georgia and Egypt<\/strong><\/p>\n<p>Laiks dabiskam saldumam.<\/p>\n<p>Pagatavotas no lakricas, kas n\u0101k no Kazahst\u0101nas, Pakist\u0101nas un Gruzijas biolo\u0123iskaj\u0101m augsn\u0113m.<\/p>\n<p>Dabiski nesatur kofe\u012bnu, \u0113tiskas izcelsmes, 100% biolo\u0123iski audz\u0113tas sast\u0101vda\u013cas.<\/p>\n<p>Saldu d\u0101rgumu gaidas. Dabas sald\u0101ko augu d\u0101rgumu, kas izrakti no Kazahst\u0101nas, Gruzijas un \u0112\u0123iptes biolo\u0123iskaj\u0101m augsn\u0113m, uzl\u0113jums. \u013baujiet, lai to labums ievelkas, tad nos\u0113\u017eas dzi\u013ci j\u016bsu dv\u0113sel\u0113 k\u0101 saldas, barojo\u0161as bag\u0101t\u012bbas austo\u0161s br\u012bnums un siltums.\u00a0 Gardi.\u00a0 Tava bag\u0101t\u012bba ir Tev\u012b.<\/p>\n<p><strong>\u00a0100% biolo\u0123iski audz\u0113tas sast\u0101vda\u013cas:<\/strong>\u00a0Kazahst\u0101nas lakricas sakne (45%), Gruzijas lakricas sakne (45%), \u0112\u0123iptes lakricas sakne (10%).<\/p>\n<p><strong>Satur lakricu &#8211; cilv\u0113kiem, kuriem ir hipertonija, j\u0101izvair\u0101s no produkta p\u0101rm\u0113r\u012bgas lieto\u0161anas.\u00a0<\/strong><\/p>\n<p><strong>Gr\u016btniec\u012bbas laik\u0101 mekl\u0113jiet profesion\u0101lu padomu.<\/strong><\/p>\n<p><strong>Lieto\u0161ana:<\/strong>\u00a0aplejiet t\u0113ju ar svaigi uzv\u0101r\u012btu \u016bdeni un \u013caujiet tai ievilkties vismaz 15 min\u016btes.<\/p>\n<p><strong>Iepakojum\u0101:\u00a0<\/strong>20 t\u0113jas maisi\u0146i, atsevi\u0161\u0137i iepakoti, lai maksim\u0101li saglab\u0101tu produkta svaigumu.<\/p>\n<p><strong>Masa neto:\u00a0<\/strong>30g. (1 pac.-1,5g.)<\/p>\n<p><strong>Ra\u017eot\u0101js:\u00a0<\/strong>Pukka Herbs Ltd., Lielbrit\u0101nija.<\/p>\n<p>&nbsp;<\/p>\n<p>&nbsp;<\/p>\n<p>&nbsp;<\/p>","protected":false},"excerpt":{"rendered":"<p>T\u0113ja \u201cThree Licorice\u201d Pukka, BIO, 36 g ( 20 t\u0113jas maisi\u0146i )<\/p>\n<p>Saldas arom\u0101tisk\u0101s lakricas dziesma no Kazahst\u0101nas, Gruzijas un \u0112\u0123iptes<\/p>","protected":false},"featured_media":11788,"comment_status":"open","ping_status":"closed","template":"","meta":{"_jet_sm_ready_style":"","_jet_sm_style":"","_jet_sm_controls_values":"","_jet_sm_fonts_collection":"","_jet_sm_fonts_links":"","duration":"","checkins":"","type":"","_description":"","date":0,"time":"","order":""},"product_brand":[],"product_cat":[142,15],"product_tag":[],"class-type":[],"event-type":[],"class_list":{"0":"post-11806","1":"product","2":"type-product","3":"status-publish","4":"has-post-thumbnail","6":"product_cat-ayurvedic-teas","7":"product_cat-uncategorized","9":"first","10":"instock","11":"shipping-taxable","12":"purchasable","13":"product-type-simple"},"_links":{"self":[{"href":"https:\/\/anahata.lv\/lv\/wp-json\/wp\/v2\/product\/11806","targetHints":{"allow":["GET"]}}],"collection":[{"href":"https:\/\/anahata.lv\/lv\/wp-json\/wp\/v2\/product"}],"about":[{"href":"https:\/\/anahata.lv\/lv\/wp-json\/wp\/v2\/types\/product"}],"replies":[{"embeddable":true,"href":"https:\/\/anahata.lv\/lv\/wp-json\/wp\/v2\/comments?post=11806"}],"wp:featuredmedia":[{"embeddable":true,"href":"https:\/\/anahata.lv\/lv\/wp-json\/wp\/v2\/media\/11788"}],"wp:attachment":[{"href":"https:\/\/anahata.lv\/lv\/wp-json\/wp\/v2\/media?parent=11806"}],"wp:term":[{"taxonomy":"product_brand","embeddable":true,"href":"https:\/\/anahata.lv\/lv\/wp-json\/wp\/v2\/product_brand?post=11806"},{"taxonomy":"product_cat","embeddable":true,"href":"https:\/\/anahata.lv\/lv\/wp-json\/wp\/v2\/product_cat?post=11806"},{"taxonomy":"product_tag","embeddable":true,"href":"https:\/\/anahata.lv\/lv\/wp-json\/wp\/v2\/product_tag?post=11806"},{"taxonomy":"class-type","embeddable":true,"href":"https:\/\/anahata.lv\/lv\/wp-json\/wp\/v2\/class-type?post=11806"},{"taxonomy":"event-type","embeddable":true,"href":"https:\/\/anahata.lv\/lv\/wp-json\/wp\/v2\/event-type?post=11806"}],"curies":[{"name":"wp","href":"https:\/\/api.w.org\/{rel}","templated":true}]}}