{"id":11805,"date":"2025-04-26T07:01:56","date_gmt":"2025-04-26T07:01:56","guid":{"rendered":"https:\/\/dev.anahata.lv\/product\/teja-mieram-peace\/"},"modified":"2025-08-18T19:48:54","modified_gmt":"2025-08-18T16:48:54","slug":"elderberry-and-echinacea-tea","status":"publish","type":"product","link":"https:\/\/anahata.lv\/lv\/products\/elderberry-and-echinacea-tea\/","title":{"rendered":"Pl\u016b\u0161koka un ehin\u0101cijas t\u0113ja"},"content":{"rendered":"<p>\u201ePukka pl\u016b\u0161koka un ehin\u0101cijas t\u0113ja ar pl\u016b\u0161koka ziediem ir pat\u012bkams mais\u012bjums no nogatavin\u0101tiem biolo\u0123iskajiem aug\u013ciem, kas l\u0113n\u0101m \u017e\u0101v\u0113ti, lai saglab\u0101tu intens\u012bvo arom\u0101tu un pie\u0161\u0137irtu tasei bag\u0101t\u012bgu, aug\u013cu, dzi\u013c\u0101ku un kr\u0101sain\u0101ku gar\u0161u. T\u0101pat k\u0101 visas Pukka t\u0113jas, ar\u012b \u0161\u012bs t\u0113jas ir dab\u012bgi biolo\u0123iskas un piln\u012bgi bez m\u0101ksl\u012bg\u0101m aromatiz\u0113t\u0101j\u0101m viel\u0101m.<\/p>\n<p><strong>Preparation.\u00a0<\/strong>\u013baujiet ievilkties 5 min\u016btes.<\/p>\n<p><strong>Sast\u0101vda\u013cas:<\/strong>\u00a0Sast\u0101vda\u013cas: ingvera sakne*, lakricas sakne*, roz\u0101 ehin\u0101cijas lapas* un saknes* (11 %), bietes*, an\u012bss*, roz\u0101 pl\u016b\u0161koka ogas*, roz\u0101 pl\u016b\u0161koka lapas*, piparm\u0113tru lapas*, apels\u012bna miza*, pl\u016b\u0161koka ziedi* (5 %), pl\u016b\u0161koka ogas* (4 %), hibiska ziedi, apels\u012bna mizas aromatiz\u0113t\u0101 e\u013c\u013ca*, dabiskais sarkano j\u0101\u0146ogu aromatiz\u0113t\u0101js.<\/p>\n<p>&nbsp;<\/p>\n<p class=\"translation-block\">Inform\u0101cija par alerg\u0113niem: satur lakricu.<\/p>","protected":false},"excerpt":{"rendered":"<h3 class=\"productname\">Pl\u016b\u0161koka un ehin\u0101cijas t\u0113ja, Pukka, 20 paci\u0146as<\/h3>\n<p>Purpursarkans apvalks ar aug\u013cu ogu not\u012bm.<\/p>\n<p>&nbsp;<\/p>\n<p>&nbsp;<\/p>","protected":false},"featured_media":15073,"comment_status":"open","ping_status":"closed","template":"","meta":{"_jet_sm_ready_style":"","_jet_sm_style":"","_jet_sm_controls_values":"","_jet_sm_fonts_collection":"","_jet_sm_fonts_links":"","duration":"","checkins":"","type":"","_description":"","date":0,"time":"","order":""},"product_brand":[],"product_cat":[142,15],"product_tag":[180,172],"class-type":[],"event-type":[],"class_list":{"0":"post-11805","1":"product","2":"type-product","3":"status-publish","4":"has-post-thumbnail","6":"product_cat-ayurvedic-teas","7":"product_cat-uncategorized","8":"product_tag-echiacea","9":"product_tag-pukka","11":"first","12":"instock","13":"shipping-taxable","14":"purchasable","15":"product-type-simple"},"_links":{"self":[{"href":"https:\/\/anahata.lv\/lv\/wp-json\/wp\/v2\/product\/11805","targetHints":{"allow":["GET"]}}],"collection":[{"href":"https:\/\/anahata.lv\/lv\/wp-json\/wp\/v2\/product"}],"about":[{"href":"https:\/\/anahata.lv\/lv\/wp-json\/wp\/v2\/types\/product"}],"replies":[{"embeddable":true,"href":"https:\/\/anahata.lv\/lv\/wp-json\/wp\/v2\/comments?post=11805"}],"wp:featuredmedia":[{"embeddable":true,"href":"https:\/\/anahata.lv\/lv\/wp-json\/wp\/v2\/media\/15073"}],"wp:attachment":[{"href":"https:\/\/anahata.lv\/lv\/wp-json\/wp\/v2\/media?parent=11805"}],"wp:term":[{"taxonomy":"product_brand","embeddable":true,"href":"https:\/\/anahata.lv\/lv\/wp-json\/wp\/v2\/product_brand?post=11805"},{"taxonomy":"product_cat","embeddable":true,"href":"https:\/\/anahata.lv\/lv\/wp-json\/wp\/v2\/product_cat?post=11805"},{"taxonomy":"product_tag","embeddable":true,"href":"https:\/\/anahata.lv\/lv\/wp-json\/wp\/v2\/product_tag?post=11805"},{"taxonomy":"class-type","embeddable":true,"href":"https:\/\/anahata.lv\/lv\/wp-json\/wp\/v2\/class-type?post=11805"},{"taxonomy":"event-type","embeddable":true,"href":"https:\/\/anahata.lv\/lv\/wp-json\/wp\/v2\/event-type?post=11805"}],"curies":[{"name":"wp","href":"https:\/\/api.w.org\/{rel}","templated":true}]}}