{"id":11804,"date":"2025-04-26T07:01:56","date_gmt":"2025-04-26T07:01:56","guid":{"rendered":"https:\/\/dev.anahata.lv\/product\/teja-aktiva-kurkuma-turmeric-active\/"},"modified":"2025-08-18T19:11:00","modified_gmt":"2025-08-18T16:11:00","slug":"pukkatea-turmeric-active","status":"publish","type":"product","link":"https:\/\/anahata.lv\/lv\/products\/pukkatea-turmeric-active\/","title":{"rendered":"T\u0113ja \"Turmeric Active\""},"content":{"rendered":"<div class=\"shortdesc\">\n<p>Kurkuma t\u0113ja ir lieliska akt\u012bvam dz\u012bvesveidam.<\/p>\n<p>Izgatavots no biolo\u0123isk\u0101 galangala, ingvera, lakricas, n\u0101tres, triphala un kurkumas.<\/p>\n<p>silts, pikants un atsvaidzino\u0161s mais\u012bjums.<\/p>\n<p>Dabiski bez kofe\u012bna un \u0113tiski ra\u017eots, 100 % biolo\u0123iski audz\u0113tas sast\u0101vda\u013cas.<\/p>\n<p>Skrieniet k\u0101 traki. Dz\u012bvojiet pilnv\u0113rt\u012bgu dz\u012bvi. Saj\u016btiet sava \u0137erme\u0146a pulsu ar t\u0113ju \"Turmeric Active \" un ingvera, kurkumas un galangala siltums dos jums ener\u0123iju. J\u016bs dr\u012bz sajut\u012bsiet elast\u012bbu un atsvaidzin\u0101jumu organisk\u0101 kr\u0101\u0161\u0146uma zelta gaism\u0101. Atkl\u0101jiet \u0161o siltuo pikanto un atsvaidzino\u0161u mais\u012bjumu ar apels\u012bna \u0113terisk\u0101s e\u013c\u013cas not\u012bm.<\/p>\n<p>Biolo\u0123iska augu t\u0113ja<\/p>\n<\/div>\n<form id=\"add-to-cart-or-refresh\" action=\"https:\/\/ayurmarket.lv\/gb\/cart\" method=\"post\">\n<div class=\"product-prices\">\n<div class=\"row\">\n<div class=\"priceinner\">\n<div class=\"product-price h5\"><\/div>\n<\/div>\n<\/div>\n<\/div>\n<\/form>\n<p>&nbsp;<\/p>","protected":false},"excerpt":{"rendered":"<h3>Uzmundrino\u0161a t\u0113ja \"Turmeric Active\", 20 paci\u0146as<\/h3>\n<p>&nbsp;<\/p>\n<p>&nbsp;<\/p>","protected":false},"featured_media":15065,"comment_status":"open","ping_status":"closed","template":"","meta":{"_jet_sm_ready_style":"","_jet_sm_style":"","_jet_sm_controls_values":"","_jet_sm_fonts_collection":"","_jet_sm_fonts_links":"","duration":"","checkins":"","type":"","_description":"","date":0,"time":"","order":""},"product_brand":[],"product_cat":[142,15],"product_tag":[176,178,179,174,172,177,175],"class-type":[],"event-type":[],"class_list":{"0":"post-11804","1":"product","2":"type-product","3":"status-publish","4":"has-post-thumbnail","6":"product_cat-ayurvedic-teas","7":"product_cat-uncategorized","8":"product_tag-galngal","9":"product_tag-ginger","10":"product_tag-licroice","11":"product_tag-organic","12":"product_tag-pukka","13":"product_tag-triphala","14":"product_tag-turmeric","16":"first","17":"instock","18":"shipping-taxable","19":"purchasable","20":"product-type-simple"},"_links":{"self":[{"href":"https:\/\/anahata.lv\/lv\/wp-json\/wp\/v2\/product\/11804","targetHints":{"allow":["GET"]}}],"collection":[{"href":"https:\/\/anahata.lv\/lv\/wp-json\/wp\/v2\/product"}],"about":[{"href":"https:\/\/anahata.lv\/lv\/wp-json\/wp\/v2\/types\/product"}],"replies":[{"embeddable":true,"href":"https:\/\/anahata.lv\/lv\/wp-json\/wp\/v2\/comments?post=11804"}],"wp:featuredmedia":[{"embeddable":true,"href":"https:\/\/anahata.lv\/lv\/wp-json\/wp\/v2\/media\/15065"}],"wp:attachment":[{"href":"https:\/\/anahata.lv\/lv\/wp-json\/wp\/v2\/media?parent=11804"}],"wp:term":[{"taxonomy":"product_brand","embeddable":true,"href":"https:\/\/anahata.lv\/lv\/wp-json\/wp\/v2\/product_brand?post=11804"},{"taxonomy":"product_cat","embeddable":true,"href":"https:\/\/anahata.lv\/lv\/wp-json\/wp\/v2\/product_cat?post=11804"},{"taxonomy":"product_tag","embeddable":true,"href":"https:\/\/anahata.lv\/lv\/wp-json\/wp\/v2\/product_tag?post=11804"},{"taxonomy":"class-type","embeddable":true,"href":"https:\/\/anahata.lv\/lv\/wp-json\/wp\/v2\/class-type?post=11804"},{"taxonomy":"event-type","embeddable":true,"href":"https:\/\/anahata.lv\/lv\/wp-json\/wp\/v2\/event-type?post=11804"}],"curies":[{"name":"wp","href":"https:\/\/api.w.org\/{rel}","templated":true}]}}