{"id":11796,"date":"2025-04-26T07:01:56","date_gmt":"2025-04-26T07:01:56","guid":{"rendered":"https:\/\/dev.anahata.lv\/product\/teja-fenhelathree-fennel\/"},"modified":"2025-08-18T18:05:53","modified_gmt":"2025-08-18T15:05:53","slug":"teja-fenhelathree-fennel","status":"publish","type":"product","link":"https:\/\/anahata.lv\/lv\/products\/teja-fenhelathree-fennel\/","title":{"rendered":"Fenhe\u013ca t\u0113ja \"Three Fennel\""},"content":{"rendered":"<p>M\u016bsu unik\u0101lais fenhe\u013ca s\u0113klu, savva\u013cas fenhe\u013ca un fenhe\u013ca lapu mais\u012bjums rada arom\u0101tisku z\u0101\u013cu t\u0113ju ar izteikti saldu p\u0113cgar\u0161u. Pild\u012bta ar anetola \u0113teriskaj\u0101m e\u013c\u013c\u0101m, atsvaidzino\u0161\u0101 gar\u0161a pal\u012bdz justies komfortabli p\u0113c \u0113\u0161anas.<\/p>\n<p>M\u016bsu uz\u0146\u0113muma z\u0101\u013cu eksperti un uztura speci\u0101listi ir izstr\u0101d\u0101ju\u0161i tr\u012bs fenhe\u013cu t\u0113ju, kas apvieno jaun\u0101kos zin\u0101tniskos p\u0113t\u012bjumus ar tradicion\u0101lo z\u0101\u013cu gudr\u012bbu, lai dabiski atbalst\u012btu j\u016bsu organismu. Katrs kompost\u0113jamais t\u0113jas maisi\u0146\u0161 ir piepild\u012bts ar \u0113teriskaj\u0101m e\u013c\u013c\u0101m un augst\u0101k\u0101s kvalit\u0101tes biolo\u0123iskaj\u0101m sast\u0101vda\u013c\u0101m, kas \u012bpa\u0161i atlas\u012btas to nomierino\u0161o un stabiliz\u0113jo\u0161o \u012bpa\u0161\u012bbu d\u0113\u013c. Fenhe\u013ca \u0113terisk\u0101s e\u013c\u013cas pal\u012bdz atsl\u0101bin\u0101t gremo\u0161anas sist\u0113mu, liekot jums justies komfortabl\u0101k p\u0113c \u0113dienreizes. Fenhe\u013ca gar\u0161\u012bg\u0101, uzmundrino\u0161\u0101 gar\u0161a to ir padar\u012bjusi par vienu no Pukka iecien\u012bt\u0101kaj\u0101m sast\u0101vda\u013c\u0101m, kuru izmanto daudz\u0101s m\u016bsu t\u0113j\u0101s.<\/p>\n<p data-v-21ccf82b=\"\" class=\"translation-block\">Sast\u0101vda\u013cas: 100% biolo\u0123iskas sast\u0101vda\u013cas: sald\u0101 fenhe\u013ca s\u0113klas (50%), savva\u013cas fenhe\u013ca (r\u016bgto fenhe\u013ca) s\u0113klas (45%), fenhe\u013ca lapas (5%).<\/p>\n<p class=\"translation-block\">Uztura inform\u0101cija: Biolo\u0123isks, bez kofe\u012bna, ko\u0161ers, ve\u0123et\u0101ra, veg\u0101ns<\/p>\n<p class=\"translation-block\">Pagatavo\u0161ana. \u013baujiet ievilkties 5 min\u016btes.\nNeto svars: 36 g (20 paci\u0146as).\n\nRa\u017eot\u0101js: Pukka Herbs Ltd., Apvienot\u0101 Karaliste.<\/p>\n<p>&nbsp;<\/p>\n<p>&nbsp;<\/p>\n<p>&nbsp;<\/p>","protected":false},"excerpt":{"rendered":"<p>Organic Pukka Fennel tea &#8220;Three Fennel&#8221;, 20 packets<\/p>\n<p>Soothing organic sweet and wild fennel seeds with fennel leaves.<\/p>\n<p>&nbsp;<\/p>\n<p>&nbsp;<\/p>","protected":false},"featured_media":15060,"comment_status":"open","ping_status":"closed","template":"","meta":{"_jet_sm_ready_style":"","_jet_sm_style":"","_jet_sm_controls_values":"","_jet_sm_fonts_collection":"","_jet_sm_fonts_links":"","duration":"","checkins":"","type":"","_description":"","date":0,"time":"","order":""},"product_brand":[],"product_cat":[142,15],"product_tag":[171,174,172,173],"class-type":[],"event-type":[],"class_list":{"0":"post-11796","1":"product","2":"type-product","3":"status-publish","4":"has-post-thumbnail","6":"product_cat-ayurvedic-teas","7":"product_cat-uncategorized","8":"product_tag-fennel","9":"product_tag-organic","10":"product_tag-pukka","11":"product_tag-tea","13":"first","14":"instock","15":"shipping-taxable","16":"purchasable","17":"product-type-simple"},"_links":{"self":[{"href":"https:\/\/anahata.lv\/lv\/wp-json\/wp\/v2\/product\/11796","targetHints":{"allow":["GET"]}}],"collection":[{"href":"https:\/\/anahata.lv\/lv\/wp-json\/wp\/v2\/product"}],"about":[{"href":"https:\/\/anahata.lv\/lv\/wp-json\/wp\/v2\/types\/product"}],"replies":[{"embeddable":true,"href":"https:\/\/anahata.lv\/lv\/wp-json\/wp\/v2\/comments?post=11796"}],"wp:featuredmedia":[{"embeddable":true,"href":"https:\/\/anahata.lv\/lv\/wp-json\/wp\/v2\/media\/15060"}],"wp:attachment":[{"href":"https:\/\/anahata.lv\/lv\/wp-json\/wp\/v2\/media?parent=11796"}],"wp:term":[{"taxonomy":"product_brand","embeddable":true,"href":"https:\/\/anahata.lv\/lv\/wp-json\/wp\/v2\/product_brand?post=11796"},{"taxonomy":"product_cat","embeddable":true,"href":"https:\/\/anahata.lv\/lv\/wp-json\/wp\/v2\/product_cat?post=11796"},{"taxonomy":"product_tag","embeddable":true,"href":"https:\/\/anahata.lv\/lv\/wp-json\/wp\/v2\/product_tag?post=11796"},{"taxonomy":"class-type","embeddable":true,"href":"https:\/\/anahata.lv\/lv\/wp-json\/wp\/v2\/class-type?post=11796"},{"taxonomy":"event-type","embeddable":true,"href":"https:\/\/anahata.lv\/lv\/wp-json\/wp\/v2\/event-type?post=11796"}],"curies":[{"name":"wp","href":"https:\/\/api.w.org\/{rel}","templated":true}]}}