{"id":11752,"date":"2025-04-26T07:01:47","date_gmt":"2025-04-26T07:01:47","guid":{"rendered":"https:\/\/dev.anahata.lv\/product\/ajurvedisks-balzams-samahan\/"},"modified":"2025-04-26T07:01:47","modified_gmt":"2025-04-26T07:01:47","slug":"ajurvedisks-balzams-samahan","status":"publish","type":"product","link":"https:\/\/anahata.lv\/lv\/products\/ajurvedisks-balzams-samahan\/","title":{"rendered":"Aj\u016brv\u0113disks balz\u0101ms &#8220;Samahan&#8221;"},"content":{"rendered":"<p>Augu balz\u0101ms Samahan ir unik\u0101ls augu balz\u0101ms, kas satur ilgsto\u0161i p\u0101rbaud\u012btus aj\u016brv\u0113das augu sast\u0101vda\u013cas un \u0113terisk\u0101s e\u013c\u013cas, kas pal\u012bdz atbr\u012bvoties no s\u0101p\u0113m un saaukst\u0113\u0161an\u0101s.<\/p>\n<ul>\n<li>\u0100tri iedarbojas<\/li>\n<li>Pat\u012bkama smar\u017ea.<\/li>\n<li>Viegli uzkl\u0101jas.<\/li>\n<\/ul>\n<p>Sast\u0101vda\u013cas:\u00a0Extracts of Ocimum sanctum L. (Maduruthala\u00a0 \u2013\u00a0 leaves ), Gynandropsis pentaphylla (L.) DC. (Wela \u2013 leaves), Alpinia galanga (L.) Sw. (Aratta \u2013 rhizome),\u00a0\u00a0 Aegle marmelos (L.) Corr. (Beli \u2013 leaves), Vitex negundo L. (Nika \u2013 leaves), Caesalpinia bonduc\u00a0 (L.)\u00a0\u00a0 Roxb.\u00a0\u00a0\u00a0 (Kumburu \u2013\u00a0 leaves),\u00a0\u00a0 Essential oils of Wintergreen, Cajeput, Eucalyptus, Citronella, Black Pepper, Clove Bud, Tea Tree and Natural Menthol and\u00a0 Camphor<\/p>\n<p>&nbsp;<\/p>","protected":false},"excerpt":{"rendered":"<p>Aj\u016brv\u0113disks augu balz\u0101ms 50g<\/p>","protected":false},"featured_media":11739,"comment_status":"open","ping_status":"closed","template":"","meta":{"_jet_sm_ready_style":"","_jet_sm_style":"","_jet_sm_controls_values":"","_jet_sm_fonts_collection":"","_jet_sm_fonts_links":"","duration":"","checkins":"","type":"","_description":"","date":0,"time":"","order":""},"product_brand":[],"product_cat":[15],"product_tag":[],"class-type":[],"event-type":[],"class_list":{"0":"post-11752","1":"product","2":"type-product","3":"status-publish","4":"has-post-thumbnail","6":"product_cat-uncategorized","8":"first","9":"outofstock","10":"shipping-taxable","11":"purchasable","12":"product-type-simple"},"_links":{"self":[{"href":"https:\/\/anahata.lv\/lv\/wp-json\/wp\/v2\/product\/11752","targetHints":{"allow":["GET"]}}],"collection":[{"href":"https:\/\/anahata.lv\/lv\/wp-json\/wp\/v2\/product"}],"about":[{"href":"https:\/\/anahata.lv\/lv\/wp-json\/wp\/v2\/types\/product"}],"replies":[{"embeddable":true,"href":"https:\/\/anahata.lv\/lv\/wp-json\/wp\/v2\/comments?post=11752"}],"wp:featuredmedia":[{"embeddable":true,"href":"https:\/\/anahata.lv\/lv\/wp-json\/wp\/v2\/media\/11739"}],"wp:attachment":[{"href":"https:\/\/anahata.lv\/lv\/wp-json\/wp\/v2\/media?parent=11752"}],"wp:term":[{"taxonomy":"product_brand","embeddable":true,"href":"https:\/\/anahata.lv\/lv\/wp-json\/wp\/v2\/product_brand?post=11752"},{"taxonomy":"product_cat","embeddable":true,"href":"https:\/\/anahata.lv\/lv\/wp-json\/wp\/v2\/product_cat?post=11752"},{"taxonomy":"product_tag","embeddable":true,"href":"https:\/\/anahata.lv\/lv\/wp-json\/wp\/v2\/product_tag?post=11752"},{"taxonomy":"class-type","embeddable":true,"href":"https:\/\/anahata.lv\/lv\/wp-json\/wp\/v2\/class-type?post=11752"},{"taxonomy":"event-type","embeddable":true,"href":"https:\/\/anahata.lv\/lv\/wp-json\/wp\/v2\/event-type?post=11752"}],"curies":[{"name":"wp","href":"https:\/\/api.w.org\/{rel}","templated":true}]}}