{"id":11742,"date":"2025-04-26T07:01:46","date_gmt":"2025-04-26T07:01:46","guid":{"rendered":"https:\/\/dev.anahata.lv\/product\/smarzkocini-sandalkoka15-g\/"},"modified":"2025-04-26T07:01:46","modified_gmt":"2025-04-26T07:01:46","slug":"smarzkocini-sandalkoka15-g","status":"publish","type":"product","link":"https:\/\/anahata.lv\/lv\/products\/smarzkocini-sandalkoka15-g\/","title":{"rendered":"Smar\u017ekoci\u0146i sandalkoka 15 g"},"content":{"rendered":"<p><b>Smar\u017e\u012bgie koci\u0146i SATYA Sandalwood \/ Sandalkoks<\/b><\/p>\n<p>Izgatavoti no dab\u012bg\u0101m sast\u0101vda\u013c\u0101m. Roku darbs.<b><br \/>\n<\/b>Atveriet labsaj\u016btas pasauli dabisk\u0101 un vesel\u012bg\u0101 veid\u0101!<\/p>\n<p>Lietojiet tikai k\u0101 smar\u017ekoci\u0146us.<br \/>\nSarg\u0101jiet no b\u0113rniem un dz\u012bvniekiem.<br \/>\nNeatst\u0101jiet aizdedzin\u0101tu smar\u017ekoci\u0146u bez uzraudz\u012bbas.<br \/>\nP\u0101rliecinieties, kas visi pe\u0142ni iekr\u012bt plenu sav\u0101c\u0113j\u0101 vai uz smar\u017ekoci\u0146u palikt\u0146a.<br \/>\nMasa neto: 15 gr<br \/>\nRa\u017eot\u0101js: Shrinivas Sugandhalaya, Indija<\/p>","protected":false},"excerpt":{"rendered":"<p>Smar\u017ekoci\u0146i sandalkoka 15 g<\/p>","protected":false},"featured_media":11730,"comment_status":"open","ping_status":"closed","template":"","meta":{"_jet_sm_ready_style":"","_jet_sm_style":"","_jet_sm_controls_values":"","_jet_sm_fonts_collection":"","_jet_sm_fonts_links":"","duration":"","checkins":"","type":"","_description":"","date":0,"time":"","order":""},"product_brand":[],"product_cat":[15],"product_tag":[],"class-type":[],"event-type":[],"class_list":{"0":"post-11742","1":"product","2":"type-product","3":"status-publish","4":"has-post-thumbnail","6":"product_cat-uncategorized","8":"first","9":"outofstock","10":"shipping-taxable","11":"purchasable","12":"product-type-simple"},"_links":{"self":[{"href":"https:\/\/anahata.lv\/lv\/wp-json\/wp\/v2\/product\/11742","targetHints":{"allow":["GET"]}}],"collection":[{"href":"https:\/\/anahata.lv\/lv\/wp-json\/wp\/v2\/product"}],"about":[{"href":"https:\/\/anahata.lv\/lv\/wp-json\/wp\/v2\/types\/product"}],"replies":[{"embeddable":true,"href":"https:\/\/anahata.lv\/lv\/wp-json\/wp\/v2\/comments?post=11742"}],"wp:featuredmedia":[{"embeddable":true,"href":"https:\/\/anahata.lv\/lv\/wp-json\/wp\/v2\/media\/11730"}],"wp:attachment":[{"href":"https:\/\/anahata.lv\/lv\/wp-json\/wp\/v2\/media?parent=11742"}],"wp:term":[{"taxonomy":"product_brand","embeddable":true,"href":"https:\/\/anahata.lv\/lv\/wp-json\/wp\/v2\/product_brand?post=11742"},{"taxonomy":"product_cat","embeddable":true,"href":"https:\/\/anahata.lv\/lv\/wp-json\/wp\/v2\/product_cat?post=11742"},{"taxonomy":"product_tag","embeddable":true,"href":"https:\/\/anahata.lv\/lv\/wp-json\/wp\/v2\/product_tag?post=11742"},{"taxonomy":"class-type","embeddable":true,"href":"https:\/\/anahata.lv\/lv\/wp-json\/wp\/v2\/class-type?post=11742"},{"taxonomy":"event-type","embeddable":true,"href":"https:\/\/anahata.lv\/lv\/wp-json\/wp\/v2\/event-type?post=11742"}],"curies":[{"name":"wp","href":"https:\/\/api.w.org\/{rel}","templated":true}]}}