{"id":11668,"date":"2025-04-26T07:01:32","date_gmt":"2025-04-26T07:01:32","guid":{"rendered":"https:\/\/dev.anahata.lv\/product\/jogas-siksna-kurma-2-30-m\/"},"modified":"2025-04-26T07:01:32","modified_gmt":"2025-04-26T07:01:32","slug":"jogas-siksna-kurma-2-30-m","status":"publish","type":"product","link":"https:\/\/anahata.lv\/lv\/products\/jogas-siksna-kurma-2-30-m\/","title":{"rendered":"Jogas siksna Kurma 2.30 m"},"content":{"rendered":"<p>Pielietojama, lai atvieglotu un kontrol\u0113tu vingrojumu veik\u0161anas tehniku. \u0112rta un praktiska, speci\u0101li vingrojumiem dom\u0101ta siksna, kur\u0101 ir iestr\u0101d\u0101ta spr\u0101dze, kas paredz\u0113ta att\u0101luma un satv\u0113riena regul\u0113\u0161anai. Izm\u0113ri 230 x 4 cm<\/p>","protected":false},"excerpt":{"rendered":"<p>Jogas siksna 2.30 m\u00a0 balta, bordo<\/p>","protected":false},"featured_media":11652,"comment_status":"open","ping_status":"closed","template":"","meta":{"_jet_sm_ready_style":"","_jet_sm_style":"","_jet_sm_controls_values":"","_jet_sm_fonts_collection":"","_jet_sm_fonts_links":"","duration":"","checkins":"","type":"","_description":"","date":0,"time":"","order":""},"product_brand":[],"product_cat":[15],"product_tag":[],"class-type":[],"event-type":[],"class_list":{"0":"post-11668","1":"product","2":"type-product","3":"status-publish","4":"has-post-thumbnail","6":"product_cat-uncategorized","8":"first","9":"instock","10":"shipping-taxable","11":"purchasable","12":"product-type-simple"},"_links":{"self":[{"href":"https:\/\/anahata.lv\/lv\/wp-json\/wp\/v2\/product\/11668","targetHints":{"allow":["GET"]}}],"collection":[{"href":"https:\/\/anahata.lv\/lv\/wp-json\/wp\/v2\/product"}],"about":[{"href":"https:\/\/anahata.lv\/lv\/wp-json\/wp\/v2\/types\/product"}],"replies":[{"embeddable":true,"href":"https:\/\/anahata.lv\/lv\/wp-json\/wp\/v2\/comments?post=11668"}],"wp:featuredmedia":[{"embeddable":true,"href":"https:\/\/anahata.lv\/lv\/wp-json\/wp\/v2\/media\/11652"}],"wp:attachment":[{"href":"https:\/\/anahata.lv\/lv\/wp-json\/wp\/v2\/media?parent=11668"}],"wp:term":[{"taxonomy":"product_brand","embeddable":true,"href":"https:\/\/anahata.lv\/lv\/wp-json\/wp\/v2\/product_brand?post=11668"},{"taxonomy":"product_cat","embeddable":true,"href":"https:\/\/anahata.lv\/lv\/wp-json\/wp\/v2\/product_cat?post=11668"},{"taxonomy":"product_tag","embeddable":true,"href":"https:\/\/anahata.lv\/lv\/wp-json\/wp\/v2\/product_tag?post=11668"},{"taxonomy":"class-type","embeddable":true,"href":"https:\/\/anahata.lv\/lv\/wp-json\/wp\/v2\/class-type?post=11668"},{"taxonomy":"event-type","embeddable":true,"href":"https:\/\/anahata.lv\/lv\/wp-json\/wp\/v2\/event-type?post=11668"}],"curies":[{"name":"wp","href":"https:\/\/api.w.org\/{rel}","templated":true}]}}