{"id":11663,"date":"2025-04-26T07:01:31","date_gmt":"2025-04-26T07:01:31","guid":{"rendered":"https:\/\/dev.anahata.lv\/product\/bio-teja-choco\/"},"modified":"2025-04-26T07:01:31","modified_gmt":"2025-04-26T07:01:31","slug":"bio-teja-choco","status":"publish","type":"product","link":"https:\/\/anahata.lv\/lv\/products\/bio-teja-choco\/","title":{"rendered":"Bio &#8211; t\u0113ja  YOGI&#8221;Choco&#8221;"},"content":{"rendered":"<p>&nbsp;<\/p>\n<p>Eksotisko gar\u0161vielu mais\u012bjums no t\u0101liem austrumiem ar t\u012bru kakao no Dienvidamerikas \u0161ai t\u0113jai piedod unik\u0101lu gar\u0161u un arom\u0101tu. Lielisk\u0101s gar\u0161as k\u0101 ingvers un kan\u0113lis delik\u0101ti sajaucas ar nek\u013c\u016bd\u012bgo kakao essenci, sasildot \u0137ermeni un garu. Choco t\u0113ja ar savu gai\u0161o gar\u0161u iedvesmos prieka j\u016btas.<\/p>\n<p><strong>Lieto\u0161ana:<\/strong>\u00a0Lai pagatavotu arom\u0101tisku Choco t\u0113ju, uzlejiet 300ml svaigi v\u0101r\u012bta \u016bdens vienam t\u0113jas maisi\u0146am. At\u013caut ievilkties 7 min\u016btes, vai ar\u012b ilg\u0101k stipr\u0101kai gar\u0161ai. pagar\u0161ojiet nelielu malku \u0161\u012bs t\u0113jas pirms pievienojat savus iecien\u012btos saldin\u0101t\u0101jus.<\/p>\n<p><strong>Sast\u0101vs<\/strong>: Kakao \u010daumalas* 56%, kan\u0113lis*,<em><strong>\u00a0lakrica*<\/strong><\/em>, karobs*,\u00a0<em><strong>mie\u017eu iesals<\/strong><\/em>*, attaukots kakao pulveris*, kardamons*, ingvers*, krustnagli\u0146as*, ingvera e\u013c\u013ca*, melnie pipari*, vani\u013cas ekstrakts*, kan\u0113\u013ca e\u013c\u013ca*, vani\u013cas standzi\u0146as*.\u00a0* audz\u0113ts sertific\u0113t\u0101 biolo\u0123iskaj\u0101 lauksaimniec\u012bb\u0101.<br \/>\n<strong><br \/>\nMasa netto:<\/strong> 37,4g. (17 t\u0113jas\u00a0 maisi\u0146i)<\/p>","protected":false},"excerpt":{"rendered":"<p><strong>BIO Yogi t\u0113ja \u0160okol\u0101des \/ Yogi Tea Choco<\/strong><\/p>","protected":false},"featured_media":11643,"comment_status":"open","ping_status":"closed","template":"","meta":{"_jet_sm_ready_style":"","_jet_sm_style":"","_jet_sm_controls_values":"","_jet_sm_fonts_collection":"","_jet_sm_fonts_links":"","duration":"","checkins":"","type":"","_description":"","date":0,"time":"","order":""},"product_brand":[],"product_cat":[15],"product_tag":[],"class-type":[],"event-type":[],"class_list":{"0":"post-11663","1":"product","2":"type-product","3":"status-publish","4":"has-post-thumbnail","6":"product_cat-uncategorized","8":"first","9":"instock","10":"shipping-taxable","11":"purchasable","12":"product-type-simple"},"_links":{"self":[{"href":"https:\/\/anahata.lv\/lv\/wp-json\/wp\/v2\/product\/11663","targetHints":{"allow":["GET"]}}],"collection":[{"href":"https:\/\/anahata.lv\/lv\/wp-json\/wp\/v2\/product"}],"about":[{"href":"https:\/\/anahata.lv\/lv\/wp-json\/wp\/v2\/types\/product"}],"replies":[{"embeddable":true,"href":"https:\/\/anahata.lv\/lv\/wp-json\/wp\/v2\/comments?post=11663"}],"wp:featuredmedia":[{"embeddable":true,"href":"https:\/\/anahata.lv\/lv\/wp-json\/wp\/v2\/media\/11643"}],"wp:attachment":[{"href":"https:\/\/anahata.lv\/lv\/wp-json\/wp\/v2\/media?parent=11663"}],"wp:term":[{"taxonomy":"product_brand","embeddable":true,"href":"https:\/\/anahata.lv\/lv\/wp-json\/wp\/v2\/product_brand?post=11663"},{"taxonomy":"product_cat","embeddable":true,"href":"https:\/\/anahata.lv\/lv\/wp-json\/wp\/v2\/product_cat?post=11663"},{"taxonomy":"product_tag","embeddable":true,"href":"https:\/\/anahata.lv\/lv\/wp-json\/wp\/v2\/product_tag?post=11663"},{"taxonomy":"class-type","embeddable":true,"href":"https:\/\/anahata.lv\/lv\/wp-json\/wp\/v2\/class-type?post=11663"},{"taxonomy":"event-type","embeddable":true,"href":"https:\/\/anahata.lv\/lv\/wp-json\/wp\/v2\/event-type?post=11663"}],"curies":[{"name":"wp","href":"https:\/\/api.w.org\/{rel}","templated":true}]}}