{"id":11638,"date":"2025-04-26T07:01:02","date_gmt":"2025-04-26T07:01:02","guid":{"rendered":"https:\/\/dev.anahata.lv\/product\/bio-teja-yogibedtime\/"},"modified":"2025-08-18T20:33:30","modified_gmt":"2025-08-18T17:33:30","slug":"bio-teja-yogibedtime","status":"publish","type":"product","link":"https:\/\/anahata.lv\/lv\/products\/bio-teja-yogibedtime\/","title":{"rendered":"Bio &#8211; t\u0113ja  YOGI&#8221;Bedtime&#8221;"},"content":{"rendered":"<h1 class=\"product-single__title\">BIO T\u0113ja YOGI &#8220;Bedtime&#8221; nakstmieram<\/h1>\n<p>Relaks\u0113jo\u0161a, l\u012bdzsvarojo\u0161a, nomierino\u0161a. Lielisks veids, k\u0101 vakar\u0101 atp\u016bsties, ir malkot \u0161o t\u0113ju. \u0100jurv\u0113d\u0101 tiek uzskat\u012bts, ka sabalans\u0113tai dz\u012bvei atp\u016bta ir \u013coti noz\u012bm\u012bga. \u0160\u012bs t\u0113jas sast\u0101v\u0101 eso\u0161ie augi, kuriem piem\u012bt nomierino\u0161a iedarb\u012bba, k\u0101 kumel\u012btes, ir tradicion\u0101li izmantoti Ajurv\u0113d\u0101 un rietumos, lai atp\u016btin\u0101tu \u0137ermeni un vairotu miera saj\u016btu.<\/p>\n<p><strong>Sast\u0101vda\u013cas:<\/strong>fenhelis*(31%), kumel\u012btes* (17%), piparm\u0113tra*, kardamons*, citronmelisa*, citronz\u0101le*, baldri\u0101na sakne* (6%), salvija*, lavanda (3%*), muskatrieksti*.* Augi no biolo\u0123iski sertific\u0113t\u0101m saimniec\u012bb\u0101m<\/p>\n<p><strong>Masa netto:<\/strong>\u00a030.6gr (17 t\u0113jas paci\u0146as x 1.8gr)<\/p>","protected":false},"excerpt":{"rendered":"<p><strong>BIO Yogi t\u0113ja Naktsmieram \/ Yogi Tea Bedtime \/ Abend<\/strong><\/p>\n<p>&nbsp;<\/p>","protected":false},"featured_media":11627,"comment_status":"open","ping_status":"closed","template":"","meta":{"_jet_sm_ready_style":"","_jet_sm_style":"","_jet_sm_controls_values":"","_jet_sm_fonts_collection":"","_jet_sm_fonts_links":"","duration":"","checkins":"","type":"","_description":"","date":0,"time":"","order":""},"product_brand":[],"product_cat":[15],"product_tag":[],"class-type":[],"event-type":[],"class_list":{"0":"post-11638","1":"product","2":"type-product","3":"status-publish","4":"has-post-thumbnail","6":"product_cat-uncategorized","8":"first","9":"instock","10":"shipping-taxable","11":"purchasable","12":"product-type-simple"},"_links":{"self":[{"href":"https:\/\/anahata.lv\/lv\/wp-json\/wp\/v2\/product\/11638","targetHints":{"allow":["GET"]}}],"collection":[{"href":"https:\/\/anahata.lv\/lv\/wp-json\/wp\/v2\/product"}],"about":[{"href":"https:\/\/anahata.lv\/lv\/wp-json\/wp\/v2\/types\/product"}],"replies":[{"embeddable":true,"href":"https:\/\/anahata.lv\/lv\/wp-json\/wp\/v2\/comments?post=11638"}],"wp:featuredmedia":[{"embeddable":true,"href":"https:\/\/anahata.lv\/lv\/wp-json\/wp\/v2\/media\/11627"}],"wp:attachment":[{"href":"https:\/\/anahata.lv\/lv\/wp-json\/wp\/v2\/media?parent=11638"}],"wp:term":[{"taxonomy":"product_brand","embeddable":true,"href":"https:\/\/anahata.lv\/lv\/wp-json\/wp\/v2\/product_brand?post=11638"},{"taxonomy":"product_cat","embeddable":true,"href":"https:\/\/anahata.lv\/lv\/wp-json\/wp\/v2\/product_cat?post=11638"},{"taxonomy":"product_tag","embeddable":true,"href":"https:\/\/anahata.lv\/lv\/wp-json\/wp\/v2\/product_tag?post=11638"},{"taxonomy":"class-type","embeddable":true,"href":"https:\/\/anahata.lv\/lv\/wp-json\/wp\/v2\/class-type?post=11638"},{"taxonomy":"event-type","embeddable":true,"href":"https:\/\/anahata.lv\/lv\/wp-json\/wp\/v2\/event-type?post=11638"}],"curies":[{"name":"wp","href":"https:\/\/api.w.org\/{rel}","templated":true}]}}