{"id":11636,"date":"2025-04-26T07:01:02","date_gmt":"2025-04-26T07:01:02","guid":{"rendered":"https:\/\/dev.anahata.lv\/product\/bio-teja-maca-chai\/"},"modified":"2025-08-18T20:33:59","modified_gmt":"2025-08-18T17:33:59","slug":"bio-teja-maca-chai","status":"publish","type":"product","link":"https:\/\/anahata.lv\/lv\/products\/bio-teja-maca-chai\/","title":{"rendered":"Bio &#8211; t\u0113ja YOGI &#8220;Maca Chai&#8221;"},"content":{"rendered":"<p>Ajurv\u0113das z\u0101\u013cu t\u0113jas mais\u012bjums ar ma\u010da, kan\u0113li un krustnagli\u0146\u0101m.<br \/>\nT\u0113ja ikvienam, kur\u0161 v\u0113las atkl\u0101t ko jaunu.\u00a0 Ma\u010da augu sald\u0101, nedaudz r\u016bgt\u0101 nots pie\u0161\u0137ir \u0161ai t\u0113jai aizraujo\u0161u dinamiku. Lai \u0161is eksotiskais mais\u012bjums aicina j\u016bs atkl\u0101t kaut ko jaunu. Tavas piedz\u012bvojumu alkas tiks atjaunotas!<br \/>\n<strong>Sast\u0101vda\u013cas:<\/strong>\u00a0lakrica*, kan\u0113lis* 27%, ingvers*, kardamons* 7%, an\u012bss*, ma\u010da* 5%, fenhelis* , krustnagli\u0146as* 3,5%, grauzd\u0113ta cigori\u0146a sakne*, kakao*, melnie pipari*, guarana*. Satur lakricu \u2013 no p\u0101rm\u0113r\u012bga \u0161\u012b produkta lieto\u0161anas j\u0101izvair\u0101s, ja ir paaugstin\u0101ts asinsspiediens.\u00a0<strong>Pagatavo\u0161ana:<\/strong>\u00a0Vienu paci\u0146u aplejiet ar verdo\u0161u \u016bdeni (250 ml) un \u013caujiet ievilkties 7 min.<\/p>\n<p><strong>Glab\u0101\u0161anas nosac\u012bjumi:<\/strong>\u00a0glab\u0101t saus\u0101, v\u0113s\u0101 viet\u0101.<br \/>\n<strong>Ietiecams<\/strong>\u00a0<strong>l\u012bdz:<\/strong>\u00a0(skat.uz iepak. otr\u0101 pus\u0113) beig\u0101m.<br \/>\n<strong>Masa neto:<\/strong>\u00a035.7g. (1pac.-2,1g).<br \/>\n<strong>Ra\u017eot\u0101js:<\/strong>\u00a0YOGI TEA GmbH., V\u0101cija. Biolo\u0123isk\u0101 lauksaimniec\u012bba ES\/\u0101rpus ES.<\/p>","protected":false},"excerpt":{"rendered":"<h1 class=\"product-single__title\">BIO T\u0113ja Maca Chai<\/h1>","protected":false},"featured_media":11629,"comment_status":"open","ping_status":"closed","template":"","meta":{"_jet_sm_ready_style":"","_jet_sm_style":"","_jet_sm_controls_values":"","_jet_sm_fonts_collection":"","_jet_sm_fonts_links":"","duration":"","checkins":"","type":"","_description":"","date":0,"time":"","order":""},"product_brand":[],"product_cat":[15],"product_tag":[],"class-type":[],"event-type":[],"class_list":{"0":"post-11636","1":"product","2":"type-product","3":"status-publish","4":"has-post-thumbnail","6":"product_cat-uncategorized","8":"first","9":"instock","10":"shipping-taxable","11":"purchasable","12":"product-type-simple"},"_links":{"self":[{"href":"https:\/\/anahata.lv\/lv\/wp-json\/wp\/v2\/product\/11636","targetHints":{"allow":["GET"]}}],"collection":[{"href":"https:\/\/anahata.lv\/lv\/wp-json\/wp\/v2\/product"}],"about":[{"href":"https:\/\/anahata.lv\/lv\/wp-json\/wp\/v2\/types\/product"}],"replies":[{"embeddable":true,"href":"https:\/\/anahata.lv\/lv\/wp-json\/wp\/v2\/comments?post=11636"}],"wp:featuredmedia":[{"embeddable":true,"href":"https:\/\/anahata.lv\/lv\/wp-json\/wp\/v2\/media\/11629"}],"wp:attachment":[{"href":"https:\/\/anahata.lv\/lv\/wp-json\/wp\/v2\/media?parent=11636"}],"wp:term":[{"taxonomy":"product_brand","embeddable":true,"href":"https:\/\/anahata.lv\/lv\/wp-json\/wp\/v2\/product_brand?post=11636"},{"taxonomy":"product_cat","embeddable":true,"href":"https:\/\/anahata.lv\/lv\/wp-json\/wp\/v2\/product_cat?post=11636"},{"taxonomy":"product_tag","embeddable":true,"href":"https:\/\/anahata.lv\/lv\/wp-json\/wp\/v2\/product_tag?post=11636"},{"taxonomy":"class-type","embeddable":true,"href":"https:\/\/anahata.lv\/lv\/wp-json\/wp\/v2\/class-type?post=11636"},{"taxonomy":"event-type","embeddable":true,"href":"https:\/\/anahata.lv\/lv\/wp-json\/wp\/v2\/event-type?post=11636"}],"curies":[{"name":"wp","href":"https:\/\/api.w.org\/{rel}","templated":true}]}}