{"id":11635,"date":"2025-04-26T07:01:02","date_gmt":"2025-04-26T07:01:02","guid":{"rendered":"https:\/\/dev.anahata.lv\/product\/bio-teja-yogimens-tea\/"},"modified":"2025-05-24T20:00:18","modified_gmt":"2025-05-24T20:00:18","slug":"bio-teja-yogimens-tea","status":"publish","type":"product","link":"https:\/\/anahata.lv\/lv\/products\/bio-teja-yogimens-tea\/","title":{"rendered":"BIO t\u0113ja Yogi v\u012brie\u0161iem"},"content":{"rendered":"<p>Sp\u0113c\u012bga, piezem\u0113ta, pikanta<br \/><a href=\"\/lv\/void(0)\/\"><strong>Ingredients<\/strong><\/a>ingvers*, kardamons*, lakrica*, karobs*, kan\u0113lis*, piparm\u0113tru iesals*, grauzd\u0113ti cigori\u0146i*, piparm\u0113tra*, grie\u0137u sier\u0101boli\u0146\u0161*, fenhelis*, piparm\u0113tra*, an\u012bss*, \u017ee\u0146\u0161e\u0146a sakne*, astragalus*, kurkuma sakne*, \u010dili pipari*, kan\u0113\u013ca e\u013c\u013ca*, melnie pipari* * Sertific\u0113ts biolo\u0123isks produkts.<\/p>","protected":false},"excerpt":{"rendered":"<h1 class=\"product-single__title\">Gar\u0161vielu un z\u0101\u013cu t\u0113ja bez kofe\u012bna. Mais\u012bjums ar ingveru, \u017ee\u0146\u0161e\u0146u un \u010dili.<\/h1>\n<p><\/p>\n<p>\u00a0<\/p>\n<p><\/p>","protected":false},"featured_media":11611,"comment_status":"open","ping_status":"closed","template":"","meta":{"_jet_sm_ready_style":"","_jet_sm_style":"","_jet_sm_controls_values":"","_jet_sm_fonts_collection":"","_jet_sm_fonts_links":"","duration":"","checkins":"","type":"","_description":"","date":0,"time":"","order":""},"product_brand":[],"product_cat":[15],"product_tag":[],"class-type":[],"event-type":[],"class_list":{"0":"post-11635","1":"product","2":"type-product","3":"status-publish","4":"has-post-thumbnail","6":"product_cat-uncategorized","8":"first","9":"instock","10":"shipping-taxable","11":"purchasable","12":"product-type-simple"},"_links":{"self":[{"href":"https:\/\/anahata.lv\/lv\/wp-json\/wp\/v2\/product\/11635","targetHints":{"allow":["GET"]}}],"collection":[{"href":"https:\/\/anahata.lv\/lv\/wp-json\/wp\/v2\/product"}],"about":[{"href":"https:\/\/anahata.lv\/lv\/wp-json\/wp\/v2\/types\/product"}],"replies":[{"embeddable":true,"href":"https:\/\/anahata.lv\/lv\/wp-json\/wp\/v2\/comments?post=11635"}],"wp:featuredmedia":[{"embeddable":true,"href":"https:\/\/anahata.lv\/lv\/wp-json\/wp\/v2\/media\/11611"}],"wp:attachment":[{"href":"https:\/\/anahata.lv\/lv\/wp-json\/wp\/v2\/media?parent=11635"}],"wp:term":[{"taxonomy":"product_brand","embeddable":true,"href":"https:\/\/anahata.lv\/lv\/wp-json\/wp\/v2\/product_brand?post=11635"},{"taxonomy":"product_cat","embeddable":true,"href":"https:\/\/anahata.lv\/lv\/wp-json\/wp\/v2\/product_cat?post=11635"},{"taxonomy":"product_tag","embeddable":true,"href":"https:\/\/anahata.lv\/lv\/wp-json\/wp\/v2\/product_tag?post=11635"},{"taxonomy":"class-type","embeddable":true,"href":"https:\/\/anahata.lv\/lv\/wp-json\/wp\/v2\/class-type?post=11635"},{"taxonomy":"event-type","embeddable":true,"href":"https:\/\/anahata.lv\/lv\/wp-json\/wp\/v2\/event-type?post=11635"}],"curies":[{"name":"wp","href":"https:\/\/api.w.org\/{rel}","templated":true}]}}