{"id":11634,"date":"2025-04-26T07:01:02","date_gmt":"2025-04-26T07:01:02","guid":{"rendered":"https:\/\/dev.anahata.lv\/product\/bio-teja-yogi-innere-harmony\/"},"modified":"2025-08-18T20:33:07","modified_gmt":"2025-08-18T17:33:07","slug":"bio-teja-yogi-innere-harmony","status":"publish","type":"product","link":"https:\/\/anahata.lv\/lv\/products\/bio-teja-yogi-innere-harmony\/","title":{"rendered":"Bio &#8211; t\u0113ja  YOGI &#8220;Innere Harmony&#8221;"},"content":{"rendered":"<p><strong>BIO Yogi t\u0113ja iek\u0161\u0113jai harmonijai \/ Inner Harmony \/\u00a0Innere Harmonie<\/strong><\/p>\n<p><strong>Sast\u0101vda\u013cas:<\/strong>\u00a0Citronu balzams, roibos, lakrica, kan\u0113lis, kakao, baziliks, piparm\u0113tras, kumel\u012bti, rozmar\u012bns, melnie pipari, fenhelis, lavanda.<br \/>\nSatur lakricu. Cilv\u0113kiem, kas cie\u0161 no hipertensijas, nedr\u012bkst p\u0101rm\u0113r\u012bgi lietot.<\/p>\n<p><strong>Masa netto:<\/strong>\u00a030.6gr (17 t\u0113jas paci\u0146as x 1.8gr)<\/p>","protected":false},"excerpt":{"rendered":"<p><strong>BIO Yogi t\u0113ja iek\u0161\u0113jai harmonijai \/ Inner Harmony \/\u00a0Innere Harmonie<\/strong><\/p>\n<p>&nbsp;<\/p>","protected":false},"featured_media":11622,"comment_status":"open","ping_status":"closed","template":"","meta":{"_jet_sm_ready_style":"","_jet_sm_style":"","_jet_sm_controls_values":"","_jet_sm_fonts_collection":"","_jet_sm_fonts_links":"","duration":"","checkins":"","type":"","_description":"","date":0,"time":"","order":""},"product_brand":[],"product_cat":[15],"product_tag":[],"class-type":[],"event-type":[],"class_list":{"0":"post-11634","1":"product","2":"type-product","3":"status-publish","4":"has-post-thumbnail","6":"product_cat-uncategorized","8":"first","9":"instock","10":"shipping-taxable","11":"purchasable","12":"product-type-simple"},"_links":{"self":[{"href":"https:\/\/anahata.lv\/lv\/wp-json\/wp\/v2\/product\/11634","targetHints":{"allow":["GET"]}}],"collection":[{"href":"https:\/\/anahata.lv\/lv\/wp-json\/wp\/v2\/product"}],"about":[{"href":"https:\/\/anahata.lv\/lv\/wp-json\/wp\/v2\/types\/product"}],"replies":[{"embeddable":true,"href":"https:\/\/anahata.lv\/lv\/wp-json\/wp\/v2\/comments?post=11634"}],"wp:featuredmedia":[{"embeddable":true,"href":"https:\/\/anahata.lv\/lv\/wp-json\/wp\/v2\/media\/11622"}],"wp:attachment":[{"href":"https:\/\/anahata.lv\/lv\/wp-json\/wp\/v2\/media?parent=11634"}],"wp:term":[{"taxonomy":"product_brand","embeddable":true,"href":"https:\/\/anahata.lv\/lv\/wp-json\/wp\/v2\/product_brand?post=11634"},{"taxonomy":"product_cat","embeddable":true,"href":"https:\/\/anahata.lv\/lv\/wp-json\/wp\/v2\/product_cat?post=11634"},{"taxonomy":"product_tag","embeddable":true,"href":"https:\/\/anahata.lv\/lv\/wp-json\/wp\/v2\/product_tag?post=11634"},{"taxonomy":"class-type","embeddable":true,"href":"https:\/\/anahata.lv\/lv\/wp-json\/wp\/v2\/class-type?post=11634"},{"taxonomy":"event-type","embeddable":true,"href":"https:\/\/anahata.lv\/lv\/wp-json\/wp\/v2\/event-type?post=11634"}],"curies":[{"name":"wp","href":"https:\/\/api.w.org\/{rel}","templated":true}]}}