{"id":11633,"date":"2025-04-26T07:01:02","date_gmt":"2025-04-26T07:01:02","guid":{"rendered":"https:\/\/dev.anahata.lv\/product\/bio-teja-maca-chai-kopija\/"},"modified":"2025-08-18T20:32:42","modified_gmt":"2025-08-18T17:32:42","slug":"bio-teja-maca-chai-kopija","status":"publish","type":"product","link":"https:\/\/anahata.lv\/lv\/products\/bio-teja-maca-chai-kopija\/","title":{"rendered":"Bio &#8211; t\u0113ja YOGI &#8220;Stomach Ease&#8221;"},"content":{"rendered":"<p>Stomach Ease (Nach dem Essen) t\u0113ja ir balst\u012bta uz augu un gar\u0161vielu aj\u016brv\u0113disko recepti, \u0161\u0101ds mais\u012bjums uzlabo gremo\u0161anu. T\u0113ja regul\u0113 vielmai\u0146u, uzlabo ku\u0146\u0123a sekr\u0113tu, veicina toks\u012bnu izvad\u012b\u0161anu un normaliz\u0113 v\u0113dera izeju, piem\u012bt antibakteri\u0101las, antiparaz\u012btiskas \u012bpa\u0161\u012bbas, nostiprina im\u016bnsist\u0113mu.<\/p>\n<p>Aj\u016brv\u0113disk\u0101s trad\u012bcijas m\u0101ca, ka labi izv\u0113l\u0113ts \u0113diens un augi var ietekm\u0113t, k\u0101 J\u016bs jut\u012bsieties p\u0113c \u0113\u0161anas un ar\u012b vis\u0101 dienas garum\u0101. Izbaudiet \u0161o t\u0113ju \u0113\u0161anas laik\u0101 vai ar\u012b p\u0113c t\u0101s.<\/p>\n<p><strong>Lieto\u0161ana<\/strong>:\u00a0t\u0113jas paci\u0146u aplej ar v\u0101ro\u0161u \u016bdeni, \u013cauj ievilkties ne maz\u0101k k\u0101 7-10 min., p\u0113c v\u0113l\u0113\u0161an\u0101s pievieno kl\u0101t pienu, cukuru vai medu.<\/p>\n<p><strong>Sast\u0101vda\u013cas<\/strong>: kardamons* (17%), fenhelis* (17%), koriandrs*,\u00a0<em><strong>mie\u017eu iesals*,\u00a0<\/strong><\/em>lakricsakne*, \u00a0piparm\u0113tra*, ingvers*(6%), kan\u0113lis*, melnie pipari*, krustnagli\u0146as*.\u00a0* audz\u0113ts sertific\u0113t\u0101 biolo\u0123iskaj\u0101 lauksaimniec\u012bb\u0101.<\/p>\n<p><strong>Masa netto:<\/strong>\u00a030.6gr (17 t\u0113jas paci\u0146as x 1.8gr)<\/p>","protected":false},"excerpt":{"rendered":"<h1 class=\"product-single__title\">BIO T\u0113ja YOGI Gremo\u0161anas uzlabo\u0161anai \/ Stomach Ease<\/h1>","protected":false},"featured_media":11618,"comment_status":"open","ping_status":"closed","template":"","meta":{"_jet_sm_ready_style":"","_jet_sm_style":"","_jet_sm_controls_values":"","_jet_sm_fonts_collection":"","_jet_sm_fonts_links":"","duration":"","checkins":"","type":"","_description":"","date":0,"time":"","order":""},"product_brand":[],"product_cat":[15],"product_tag":[],"class-type":[],"event-type":[],"class_list":{"0":"post-11633","1":"product","2":"type-product","3":"status-publish","4":"has-post-thumbnail","6":"product_cat-uncategorized","8":"first","9":"instock","10":"shipping-taxable","11":"purchasable","12":"product-type-simple"},"_links":{"self":[{"href":"https:\/\/anahata.lv\/lv\/wp-json\/wp\/v2\/product\/11633","targetHints":{"allow":["GET"]}}],"collection":[{"href":"https:\/\/anahata.lv\/lv\/wp-json\/wp\/v2\/product"}],"about":[{"href":"https:\/\/anahata.lv\/lv\/wp-json\/wp\/v2\/types\/product"}],"replies":[{"embeddable":true,"href":"https:\/\/anahata.lv\/lv\/wp-json\/wp\/v2\/comments?post=11633"}],"wp:featuredmedia":[{"embeddable":true,"href":"https:\/\/anahata.lv\/lv\/wp-json\/wp\/v2\/media\/11618"}],"wp:attachment":[{"href":"https:\/\/anahata.lv\/lv\/wp-json\/wp\/v2\/media?parent=11633"}],"wp:term":[{"taxonomy":"product_brand","embeddable":true,"href":"https:\/\/anahata.lv\/lv\/wp-json\/wp\/v2\/product_brand?post=11633"},{"taxonomy":"product_cat","embeddable":true,"href":"https:\/\/anahata.lv\/lv\/wp-json\/wp\/v2\/product_cat?post=11633"},{"taxonomy":"product_tag","embeddable":true,"href":"https:\/\/anahata.lv\/lv\/wp-json\/wp\/v2\/product_tag?post=11633"},{"taxonomy":"class-type","embeddable":true,"href":"https:\/\/anahata.lv\/lv\/wp-json\/wp\/v2\/class-type?post=11633"},{"taxonomy":"event-type","embeddable":true,"href":"https:\/\/anahata.lv\/lv\/wp-json\/wp\/v2\/event-type?post=11633"}],"curies":[{"name":"wp","href":"https:\/\/api.w.org\/{rel}","templated":true}]}}