{"id":11632,"date":"2025-04-26T07:01:02","date_gmt":"2025-04-26T07:01:02","guid":{"rendered":"https:\/\/dev.anahata.lv\/product\/bio-teja-yogi-moon-salutation\/"},"modified":"2025-08-18T20:32:29","modified_gmt":"2025-08-18T17:32:29","slug":"bio-teja-yogi-moon-salutation","status":"publish","type":"product","link":"https:\/\/anahata.lv\/lv\/products\/bio-teja-yogi-moon-salutation\/","title":{"rendered":"Bio &#8211; t\u0113ja  YOGI &#8220;Moon Salutation&#8221;"},"content":{"rendered":"<p>Aj\u016brvedisks mais\u012bjums ar eikaliptu, balto hibisku un melisu, rad\u012bts ar \u012bpa\u0161u fokusu yogai.<\/p>\n<p><strong>Sast\u0101vda\u013cas<\/strong>: citronz\u0101le*, kurkumas sakne* 17%, baltais hibisks* 13%, lakrica*, melisa* 9%, eikalipts* 7% , \u017e\u0101v\u0113ts laims*, piparm\u0113tra* 3%, apels\u012bna mizi\u0146a*, citrona mizi\u0146a*, api\u0146i*, melnie pipari*, eikalipta e\u013c\u013ca*, lavandas ziedi*. *Izejvielas ieg\u016btas biolo\u0123iska lauksaimniec\u012bb\u0101.<\/p>\n<p>Pagatavo\u0161ana: vienu paci\u0146u aplejiet ar verdo\u0161u \u016bdeni (250ml) un \u013caujiet ievilkties 5-6min. Glab\u0101t saus\u0101, v\u0113s\u0101 viet\u0101.<\/p>\n<p>Ra\u017eot\u0101js: Yogi Tea GmbH, V\u0101cija<\/p>","protected":false},"excerpt":{"rendered":"<h1 class=\"product-single__title\">BIO T\u0113ja M\u0113ness Sveik\u0161anas T\u0113ja \/ Moon Salutation<\/h1>\n<p>&nbsp;<\/p>","protected":false},"featured_media":11615,"comment_status":"open","ping_status":"closed","template":"","meta":{"_jet_sm_ready_style":"","_jet_sm_style":"","_jet_sm_controls_values":"","_jet_sm_fonts_collection":"","_jet_sm_fonts_links":"","duration":"","checkins":"","type":"","_description":"","date":0,"time":"","order":""},"product_brand":[],"product_cat":[15],"product_tag":[],"class-type":[],"event-type":[],"class_list":{"0":"post-11632","1":"product","2":"type-product","3":"status-publish","4":"has-post-thumbnail","6":"product_cat-uncategorized","8":"first","9":"instock","10":"shipping-taxable","11":"purchasable","12":"product-type-simple"},"_links":{"self":[{"href":"https:\/\/anahata.lv\/lv\/wp-json\/wp\/v2\/product\/11632","targetHints":{"allow":["GET"]}}],"collection":[{"href":"https:\/\/anahata.lv\/lv\/wp-json\/wp\/v2\/product"}],"about":[{"href":"https:\/\/anahata.lv\/lv\/wp-json\/wp\/v2\/types\/product"}],"replies":[{"embeddable":true,"href":"https:\/\/anahata.lv\/lv\/wp-json\/wp\/v2\/comments?post=11632"}],"wp:featuredmedia":[{"embeddable":true,"href":"https:\/\/anahata.lv\/lv\/wp-json\/wp\/v2\/media\/11615"}],"wp:attachment":[{"href":"https:\/\/anahata.lv\/lv\/wp-json\/wp\/v2\/media?parent=11632"}],"wp:term":[{"taxonomy":"product_brand","embeddable":true,"href":"https:\/\/anahata.lv\/lv\/wp-json\/wp\/v2\/product_brand?post=11632"},{"taxonomy":"product_cat","embeddable":true,"href":"https:\/\/anahata.lv\/lv\/wp-json\/wp\/v2\/product_cat?post=11632"},{"taxonomy":"product_tag","embeddable":true,"href":"https:\/\/anahata.lv\/lv\/wp-json\/wp\/v2\/product_tag?post=11632"},{"taxonomy":"class-type","embeddable":true,"href":"https:\/\/anahata.lv\/lv\/wp-json\/wp\/v2\/class-type?post=11632"},{"taxonomy":"event-type","embeddable":true,"href":"https:\/\/anahata.lv\/lv\/wp-json\/wp\/v2\/event-type?post=11632"}],"curies":[{"name":"wp","href":"https:\/\/api.w.org\/{rel}","templated":true}]}}