{"id":11625,"date":"2025-04-26T07:01:02","date_gmt":"2025-04-26T07:01:02","guid":{"rendered":"https:\/\/dev.anahata.lv\/product\/bio-teja-yogidetox\/"},"modified":"2025-08-18T20:32:10","modified_gmt":"2025-08-18T17:32:10","slug":"bio-teja-yogidetox","status":"publish","type":"product","link":"https:\/\/anahata.lv\/lv\/products\/bio-teja-yogidetox\/","title":{"rendered":"Bio &#8211; t\u0113ja  YOGI&#8221;Detox&#8221;"},"content":{"rendered":"<div>Bio t\u0113ja YoGI &#8220;Detox&#8221; ir t\u0113ja ar lakricu un pikanto ingveru, kam pievienota pienene un di\u017edad\u017ea sakne. Kardamons, koriandrs, salvija un fenhelis pilnveido \u0161\u012bs iecien\u012bt\u0101s t\u0113jas teicamo gar\u0161u.<\/div>\n<div><\/div>\n<div><strong>\u0160\u012bs t\u0113jas esence:\u00a0<\/strong>&#8220;sakt visu no s\u0101kuma ir vienm\u0113r iesp\u0113jams&#8221;.<\/div>\n<div><\/div>\n<div><strong>Sast\u0101vda\u013cas:<\/strong>\u00a0lakrica*, kan\u0113lis*, di\u017edad\u017ea sakne*, ingvers*, pienenes*, fenhelis*, an\u012bss*, kadi\u0137ogas*, koriandrs*, kardamons*, melnie pipari*, p\u0113ters\u012b\u013ci*, salvija*, krustnagli\u0146as*, kurkumas sakne*.<\/div>\n<div>*no biolo\u0123isk\u0101s lauksaimniec\u012bbas.<\/div>\n<div><\/div>\n<div>17 t\u0113jas maisi\u0146i<\/div>","protected":false},"excerpt":{"rendered":"<p><strong>BIO T\u0113ja Ingvers un Citrons \/ Ginger Lemon \/ Ingwer Zitrone<\/strong><\/p>\n<p>&nbsp;<\/p>","protected":false},"featured_media":11613,"comment_status":"open","ping_status":"closed","template":"","meta":{"_jet_sm_ready_style":"","_jet_sm_style":"","_jet_sm_controls_values":"","_jet_sm_fonts_collection":"","_jet_sm_fonts_links":"","duration":"","checkins":"","type":"","_description":"","date":0,"time":"","order":""},"product_brand":[],"product_cat":[15],"product_tag":[],"class-type":[],"event-type":[],"class_list":{"0":"post-11625","1":"product","2":"type-product","3":"status-publish","4":"has-post-thumbnail","6":"product_cat-uncategorized","8":"first","9":"instock","10":"shipping-taxable","11":"purchasable","12":"product-type-simple"},"_links":{"self":[{"href":"https:\/\/anahata.lv\/lv\/wp-json\/wp\/v2\/product\/11625","targetHints":{"allow":["GET"]}}],"collection":[{"href":"https:\/\/anahata.lv\/lv\/wp-json\/wp\/v2\/product"}],"about":[{"href":"https:\/\/anahata.lv\/lv\/wp-json\/wp\/v2\/types\/product"}],"replies":[{"embeddable":true,"href":"https:\/\/anahata.lv\/lv\/wp-json\/wp\/v2\/comments?post=11625"}],"wp:featuredmedia":[{"embeddable":true,"href":"https:\/\/anahata.lv\/lv\/wp-json\/wp\/v2\/media\/11613"}],"wp:attachment":[{"href":"https:\/\/anahata.lv\/lv\/wp-json\/wp\/v2\/media?parent=11625"}],"wp:term":[{"taxonomy":"product_brand","embeddable":true,"href":"https:\/\/anahata.lv\/lv\/wp-json\/wp\/v2\/product_brand?post=11625"},{"taxonomy":"product_cat","embeddable":true,"href":"https:\/\/anahata.lv\/lv\/wp-json\/wp\/v2\/product_cat?post=11625"},{"taxonomy":"product_tag","embeddable":true,"href":"https:\/\/anahata.lv\/lv\/wp-json\/wp\/v2\/product_tag?post=11625"},{"taxonomy":"class-type","embeddable":true,"href":"https:\/\/anahata.lv\/lv\/wp-json\/wp\/v2\/class-type?post=11625"},{"taxonomy":"event-type","embeddable":true,"href":"https:\/\/anahata.lv\/lv\/wp-json\/wp\/v2\/event-type?post=11625"}],"curies":[{"name":"wp","href":"https:\/\/api.w.org\/{rel}","templated":true}]}}