{"id":11623,"date":"2025-04-26T07:01:02","date_gmt":"2025-04-26T07:01:02","guid":{"rendered":"https:\/\/dev.anahata.lv\/product\/bio-teja-yogichoco\/"},"modified":"2025-04-26T07:01:02","modified_gmt":"2025-04-26T07:01:02","slug":"bio-teja-yogichoco","status":"publish","type":"product","link":"https:\/\/anahata.lv\/lv\/products\/bio-teja-yogichoco\/","title":{"rendered":"Bio &#8211; t\u0113ja  YOGI&#8221;Immune Support&#8221;"},"content":{"rendered":"<p>Nomierino\u0161a, sildo\u0161a t\u0113ja ar ehin\u0101ciju, acerolas \u0137ir\u0161iem un pl\u016b\u0161koku. Ar dab\u012bgu C vitam\u012bnu!<\/p>\n<p>Mainoties laika apst\u0101k\u013ciem nepiecie\u0161ams atbalsts. Papildus vesel\u012bgam un akt\u012bvam dz\u012bvesveidam, palutiniet sevi ar vesel\u012bgu t\u0113ju!<br \/>\nR\u016bgti sald\u0101 ehin\u0101cijas gar\u0161a apvienojum\u0101 ar pl\u016b\u0161koka aug\u013ciem un arom\u0101tisko baziliku. C vitam\u012bns no acerolas \u0137ir\u0161iem sniegs dabisku atbalstu im\u016bnsist\u0113mai!<\/p>\n<p><strong>Sast\u0101vda\u013cas<\/strong>: eihin\u0101cija*, me\u017eroz\u012b\u0161u aug\u013ci*, iztvaic\u0113ta acerolas sula*, baziliks*, kan\u0113lis*, ingvers*, kardamons*, pl\u016b\u0161koka aug\u013ci*, moringa*, hibisks*, kakao \u010daumalas*,\u00a0<em><strong>lakrica<\/strong><\/em>, fenhelis.\u00a0\u00a0*no biolo\u0123iski sertific\u0113t\u0101m saimniec\u012bb\u0101m<\/p>\n<p><strong>Masa netto:<\/strong>\u00a034gr (17 t\u0113jas paci\u0146as x 2gr)<\/p>","protected":false},"excerpt":{"rendered":"<p><strong>BIO T\u0113ja Imunit\u0101tes atbalstam \/ Immune Support \/ Nat\u00fcrliche Abwehr<\/strong><\/p>\n<p>&nbsp;<\/p>","protected":false},"featured_media":11612,"comment_status":"open","ping_status":"closed","template":"","meta":{"_jet_sm_ready_style":"","_jet_sm_style":"","_jet_sm_controls_values":"","_jet_sm_fonts_collection":"","_jet_sm_fonts_links":"","duration":"","checkins":"","type":"","_description":"","date":0,"time":"","order":""},"product_brand":[],"product_cat":[15],"product_tag":[],"class-type":[],"event-type":[],"class_list":{"0":"post-11623","1":"product","2":"type-product","3":"status-publish","4":"has-post-thumbnail","6":"product_cat-uncategorized","8":"first","9":"instock","10":"shipping-taxable","11":"purchasable","12":"product-type-simple"},"_links":{"self":[{"href":"https:\/\/anahata.lv\/lv\/wp-json\/wp\/v2\/product\/11623","targetHints":{"allow":["GET"]}}],"collection":[{"href":"https:\/\/anahata.lv\/lv\/wp-json\/wp\/v2\/product"}],"about":[{"href":"https:\/\/anahata.lv\/lv\/wp-json\/wp\/v2\/types\/product"}],"replies":[{"embeddable":true,"href":"https:\/\/anahata.lv\/lv\/wp-json\/wp\/v2\/comments?post=11623"}],"wp:featuredmedia":[{"embeddable":true,"href":"https:\/\/anahata.lv\/lv\/wp-json\/wp\/v2\/media\/11612"}],"wp:attachment":[{"href":"https:\/\/anahata.lv\/lv\/wp-json\/wp\/v2\/media?parent=11623"}],"wp:term":[{"taxonomy":"product_brand","embeddable":true,"href":"https:\/\/anahata.lv\/lv\/wp-json\/wp\/v2\/product_brand?post=11623"},{"taxonomy":"product_cat","embeddable":true,"href":"https:\/\/anahata.lv\/lv\/wp-json\/wp\/v2\/product_cat?post=11623"},{"taxonomy":"product_tag","embeddable":true,"href":"https:\/\/anahata.lv\/lv\/wp-json\/wp\/v2\/product_tag?post=11623"},{"taxonomy":"class-type","embeddable":true,"href":"https:\/\/anahata.lv\/lv\/wp-json\/wp\/v2\/class-type?post=11623"},{"taxonomy":"event-type","embeddable":true,"href":"https:\/\/anahata.lv\/lv\/wp-json\/wp\/v2\/event-type?post=11623"}],"curies":[{"name":"wp","href":"https:\/\/api.w.org\/{rel}","templated":true}]}}