{"id":10163,"date":"2024-12-18T17:30:37","date_gmt":"2024-12-18T17:30:37","guid":{"rendered":"https:\/\/dev.anahata.lv\/?post_type=product&#038;p=10163"},"modified":"2025-05-01T10:08:17","modified_gmt":"2025-05-01T10:08:17","slug":"yoga-membership-studio-seniors-3-30-copy","status":"publish","type":"product","link":"https:\/\/anahata.lv\/lv\/products\/yoga-membership-studio-seniors-3-30-copy\/","title":{"rendered":"Yoga membership studio seniors  3 \/ 30"},"content":{"rendered":"<p>Jogas abonements senioriem kl\u0101tien\u0113 3 reizes.\u00a0 Abonements der\u012bgs 1 m\u0113nesi.<\/p>","protected":false},"excerpt":{"rendered":"<p>Jogas abonements senioriem 3 reiz\u0113m kl\u0101tien\u0113.\u00a0 Abonements der\u012bgs 1 m\u0113nesi.<\/p>","protected":false},"featured_media":10156,"comment_status":"open","ping_status":"closed","template":"","meta":{"_jet_sm_ready_style":"","_jet_sm_style":"","_jet_sm_controls_values":"","_jet_sm_fonts_collection":"","_jet_sm_fonts_links":"","duration":"30","checkins":"3","type":"","_description":"","date":0,"time":"","order":""},"product_brand":[],"product_cat":[16,18],"product_tag":[80],"class-type":[],"event-type":[],"class_list":{"0":"post-10163","1":"product","2":"type-product","3":"status-publish","4":"has-post-thumbnail","6":"product_cat-memberships","7":"product_cat-online-studio","8":"product_tag-aaa","10":"first","11":"instock","12":"virtual","13":"purchasable","14":"product-type-simple"},"_links":{"self":[{"href":"https:\/\/anahata.lv\/lv\/wp-json\/wp\/v2\/product\/10163","targetHints":{"allow":["GET"]}}],"collection":[{"href":"https:\/\/anahata.lv\/lv\/wp-json\/wp\/v2\/product"}],"about":[{"href":"https:\/\/anahata.lv\/lv\/wp-json\/wp\/v2\/types\/product"}],"replies":[{"embeddable":true,"href":"https:\/\/anahata.lv\/lv\/wp-json\/wp\/v2\/comments?post=10163"}],"wp:featuredmedia":[{"embeddable":true,"href":"https:\/\/anahata.lv\/lv\/wp-json\/wp\/v2\/media\/10156"}],"wp:attachment":[{"href":"https:\/\/anahata.lv\/lv\/wp-json\/wp\/v2\/media?parent=10163"}],"wp:term":[{"taxonomy":"product_brand","embeddable":true,"href":"https:\/\/anahata.lv\/lv\/wp-json\/wp\/v2\/product_brand?post=10163"},{"taxonomy":"product_cat","embeddable":true,"href":"https:\/\/anahata.lv\/lv\/wp-json\/wp\/v2\/product_cat?post=10163"},{"taxonomy":"product_tag","embeddable":true,"href":"https:\/\/anahata.lv\/lv\/wp-json\/wp\/v2\/product_tag?post=10163"},{"taxonomy":"class-type","embeddable":true,"href":"https:\/\/anahata.lv\/lv\/wp-json\/wp\/v2\/class-type?post=10163"},{"taxonomy":"event-type","embeddable":true,"href":"https:\/\/anahata.lv\/lv\/wp-json\/wp\/v2\/event-type?post=10163"}],"curies":[{"name":"wp","href":"https:\/\/api.w.org\/{rel}","templated":true}]}}